{"id":3368,"date":"2024-02-19T20:31:54","date_gmt":"2024-02-19T20:31:54","guid":{"rendered":"http:\/\/cacrarquitectos.com\/arquitectas\/?page_id=3368"},"modified":"2025-05-28T15:31:04","modified_gmt":"2025-05-28T21:31:04","slug":"urbanismo-territorio-y-espacio-publico","status":"publish","type":"page","link":"https:\/\/cacrarquitectos.com\/arquitectas\/urbanismo-territorio-y-espacio-publico\/","title":{"rendered":"Urbanismo, Territorio y Espacio P\u00fablico"},"content":{"rendered":"<div class=\"wpb-content-wrapper\"><p>[vc_row][vc_column width=\u00bb2\/3&#8243;]<div class=\"edgtf-section-title-holder urbanismo edgtf-st-standard edgtf-st-title-left edgtf-st-normal-space  edgtf-st-title-underscore   edgtf-st-appear-fx\" >\n\t<div class=\"edgtf-st-inner\">\n\t\t\t\t\t<h2 class=\"edgtf-st-title\" >\n\t\t\t\t<span class=\"edgtf-st-title-inner\">Urbanismo, Territorio y Espacio P\u00fablico<\/span>\n\t\t\t<\/h2>\n\t\t        \t\t\t<\/div>\n<\/div>[vc_empty_space height=\u00bb20px\u00bb][vc_column_text css=\u00bb\u00bb]Urbanismo, Territorio y Espacio P\u00fablico, explore la contribuci\u00f3n responsable de las arquitectas costarricenses en la planificaci\u00f3n de ciudades, dise\u00f1o de \u00e1reas urbanas y territorios rurales y la creaci\u00f3n de espacios p\u00fablicos.[\/vc_column_text][\/vc_column][vc_column width=\u00bb1\/3&#8243;][vc_single_image image=\u00bb3263&#8243; img_size=\u00bbmedium\u00bb alignment=\u00bbright\u00bb][\/vc_column][\/vc_row][vc_row][vc_column][vc_empty_space height=\u00bb60px\u00bb][\/vc_column][\/vc_row][vc_row row_content_width=\u00bbgrid\u00bb css=\u00bb.vc_custom_1741185815631{padding-bottom: 66px !important;}\u00bb][vc_column width=\u00bb1\/3&#8243;]<div class=\"edgtf-team-holder edgtf-team-info-below-image \">\n\t<div class=\"edgtf-team-inner\">\n\t\t\t\t\t<div class=\"edgtf-team-image\">\n                <img loading=\"lazy\" decoding=\"async\" width=\"1200\" height=\"1200\" src=\"https:\/\/cacrarquitectos.com\/arquitectas\/wp-content\/uploads\/2025\/02\/Claudia.jpg\" class=\"attachment-full size-full\" alt=\"Arq. Claudia Dobles Camargo\" srcset=\"https:\/\/cacrarquitectos.com\/arquitectas\/wp-content\/uploads\/2025\/02\/Claudia.jpg 1200w, https:\/\/cacrarquitectos.com\/arquitectas\/wp-content\/uploads\/2025\/02\/Claudia-300x300.jpg 300w, https:\/\/cacrarquitectos.com\/arquitectas\/wp-content\/uploads\/2025\/02\/Claudia-1024x1024.jpg 1024w, https:\/\/cacrarquitectos.com\/arquitectas\/wp-content\/uploads\/2025\/02\/Claudia-150x150.jpg 150w, https:\/\/cacrarquitectos.com\/arquitectas\/wp-content\/uploads\/2025\/02\/Claudia-768x768.jpg 768w, https:\/\/cacrarquitectos.com\/arquitectas\/wp-content\/uploads\/2025\/02\/Claudia-550x550.jpg 550w, https:\/\/cacrarquitectos.com\/arquitectas\/wp-content\/uploads\/2025\/02\/Claudia-1100x1100.jpg 1100w\" sizes=\"auto, (max-width: 1200px) 100vw, 1200px\" \/>\t\t\t<\/div>\n\t\t\t\t<div class=\"edgtf-team-info\">\n\t\t\t\t\t\t\t<h4 class=\"edgtf-team-name\" style=\"color: #99324f;text-transform: none\">Arq. Claudia Dobles Camargo<\/h4>\n\t\t\t\t\t\t\t\t\t\t\t\t\t\t<\/div>\n\t<\/div>\n<\/div>[vc_empty_space height=\u00bb30px\u00bb]<a itemprop=\"url\" href=\"http:\/\/cacrarquitectos.com\/arquitectas\/arq-claudia-dobles-camargo\/\" target=\"_self\" style=\"background-color: #99324f\" class=\"edgtf-btn edgtf-btn-medium edgtf-btn-solid\"  >\n    <span class=\"edgtf-btn-text\">CONOCER SU HISTORIA<\/span>\n    <\/a>[vc_empty_space height=\u00bb30px\u00bb][\/vc_column][vc_column width=\u00bb1\/3&#8243; offset=\u00bbvc_col-md-4&#8243;]<div class=\"edgtf-team-holder edgtf-team-info-below-image \">\n\t<div class=\"edgtf-team-inner\">\n\t\t\t\t\t<div class=\"edgtf-team-image\">\n                <img loading=\"lazy\" decoding=\"async\" width=\"1200\" height=\"1200\" src=\"https:\/\/cacrarquitectos.com\/arquitectas\/wp-content\/uploads\/2025\/02\/Liza.jpg\" class=\"attachment-full size-full\" alt=\"Liza Castillo V\u00e1squez\" srcset=\"https:\/\/cacrarquitectos.com\/arquitectas\/wp-content\/uploads\/2025\/02\/Liza.jpg 1200w, https:\/\/cacrarquitectos.com\/arquitectas\/wp-content\/uploads\/2025\/02\/Liza-300x300.jpg 300w, https:\/\/cacrarquitectos.com\/arquitectas\/wp-content\/uploads\/2025\/02\/Liza-1024x1024.jpg 1024w, https:\/\/cacrarquitectos.com\/arquitectas\/wp-content\/uploads\/2025\/02\/Liza-150x150.jpg 150w, https:\/\/cacrarquitectos.com\/arquitectas\/wp-content\/uploads\/2025\/02\/Liza-768x768.jpg 768w, https:\/\/cacrarquitectos.com\/arquitectas\/wp-content\/uploads\/2025\/02\/Liza-550x550.jpg 550w, https:\/\/cacrarquitectos.com\/arquitectas\/wp-content\/uploads\/2025\/02\/Liza-1100x1100.jpg 1100w\" sizes=\"auto, (max-width: 1200px) 100vw, 1200px\" \/>\t\t\t<\/div>\n\t\t\t\t<div class=\"edgtf-team-info\">\n\t\t\t\t\t\t\t<h4 class=\"edgtf-team-name\" style=\"color: #99324f;text-transform: none\">Arq. Liza Castillo V\u00e1squez<\/h4>\n\t\t\t\t\t\t\t\t\t\t\t\t\t\t<\/div>\n\t<\/div>\n<\/div>[vc_empty_space height=\u00bb30px\u00bb]<a itemprop=\"url\" href=\"http:\/\/cacrarquitectos.com\/arquitectas\/arq-liza-castillo-vasquez\/\" target=\"_self\" style=\"background-color: #99324f\" class=\"edgtf-btn edgtf-btn-medium edgtf-btn-solid\"  >\n    <span class=\"edgtf-btn-text\">CONOCER SU HISTORIA<\/span>\n    <\/a>[vc_empty_space height=\u00bb30px\u00bb][\/vc_column][vc_column width=\u00bb1\/3&#8243;]<div class=\"edgtf-team-holder edgtf-team-info-below-image \">\n\t<div class=\"edgtf-team-inner\">\n\t\t\t\t\t<div class=\"edgtf-team-image\">\n                <img loading=\"lazy\" decoding=\"async\" width=\"1200\" height=\"1200\" src=\"https:\/\/cacrarquitectos.com\/arquitectas\/wp-content\/uploads\/2025\/02\/Monica.jpg\" class=\"attachment-full size-full\" alt=\"M\u00f3nica Rojas Lorz\" srcset=\"https:\/\/cacrarquitectos.com\/arquitectas\/wp-content\/uploads\/2025\/02\/Monica.jpg 1200w, https:\/\/cacrarquitectos.com\/arquitectas\/wp-content\/uploads\/2025\/02\/Monica-300x300.jpg 300w, https:\/\/cacrarquitectos.com\/arquitectas\/wp-content\/uploads\/2025\/02\/Monica-1024x1024.jpg 1024w, https:\/\/cacrarquitectos.com\/arquitectas\/wp-content\/uploads\/2025\/02\/Monica-150x150.jpg 150w, https:\/\/cacrarquitectos.com\/arquitectas\/wp-content\/uploads\/2025\/02\/Monica-768x768.jpg 768w, https:\/\/cacrarquitectos.com\/arquitectas\/wp-content\/uploads\/2025\/02\/Monica-550x550.jpg 550w, https:\/\/cacrarquitectos.com\/arquitectas\/wp-content\/uploads\/2025\/02\/Monica-1100x1100.jpg 1100w\" sizes=\"auto, (max-width: 1200px) 100vw, 1200px\" \/>\t\t\t<\/div>\n\t\t\t\t<div class=\"edgtf-team-info\">\n\t\t\t\t\t\t\t<h4 class=\"edgtf-team-name\" style=\"color: #99324f;text-transform: none\">Arq. M\u00f3nica Rojas Lordz<\/h4>\n\t\t\t\t\t\t\t\t\t\t\t\t\t\t<\/div>\n\t<\/div>\n<\/div>[vc_empty_space height=\u00bb30px\u00bb]<a itemprop=\"url\" href=\"http:\/\/cacrarquitectos.com\/arquitectas\/arq-monica-rojas-lorz\/\" target=\"_self\" style=\"background-color: #99324f\" class=\"edgtf-btn edgtf-btn-medium edgtf-btn-solid\"  >\n    <span class=\"edgtf-btn-text\">CONOCER SU HISTORIA<\/span>\n    <\/a>[vc_empty_space height=\u00bb30px\u00bb][\/vc_column][\/vc_row][vc_row row_content_width=\u00bbgrid\u00bb css=\u00bb.vc_custom_1519305651086{padding-bottom: 66px !important;}\u00bb][vc_column width=\u00bb1\/6&#8243;][\/vc_column][vc_column width=\u00bb1\/3&#8243; offset=\u00bbvc_col-md-4&#8243;]<div class=\"edgtf-team-holder edgtf-team-info-below-image \">\n\t<div class=\"edgtf-team-inner\">\n\t\t\t\t\t<div class=\"edgtf-team-image\">\n                <img loading=\"lazy\" decoding=\"async\" width=\"1200\" height=\"1200\" src=\"https:\/\/cacrarquitectos.com\/arquitectas\/wp-content\/uploads\/2024\/02\/zuhra-retrato.jpg\" class=\"attachment-full size-full\" alt=\"Retrato Arq. Zuhra Sasa Mar\u00edn\" srcset=\"https:\/\/cacrarquitectos.com\/arquitectas\/wp-content\/uploads\/2024\/02\/zuhra-retrato.jpg 1200w, https:\/\/cacrarquitectos.com\/arquitectas\/wp-content\/uploads\/2024\/02\/zuhra-retrato-300x300.jpg 300w, https:\/\/cacrarquitectos.com\/arquitectas\/wp-content\/uploads\/2024\/02\/zuhra-retrato-1024x1024.jpg 1024w, https:\/\/cacrarquitectos.com\/arquitectas\/wp-content\/uploads\/2024\/02\/zuhra-retrato-150x150.jpg 150w, https:\/\/cacrarquitectos.com\/arquitectas\/wp-content\/uploads\/2024\/02\/zuhra-retrato-768x768.jpg 768w, https:\/\/cacrarquitectos.com\/arquitectas\/wp-content\/uploads\/2024\/02\/zuhra-retrato-550x550.jpg 550w, https:\/\/cacrarquitectos.com\/arquitectas\/wp-content\/uploads\/2024\/02\/zuhra-retrato-1100x1100.jpg 1100w\" sizes=\"auto, (max-width: 1200px) 100vw, 1200px\" \/>\t\t\t<\/div>\n\t\t\t\t<div class=\"edgtf-team-info\">\n\t\t\t\t\t\t\t<h4 class=\"edgtf-team-name\" style=\"color: #99324f;text-transform: none\">Arq. Zuhra Sasa Mar\u00edn<\/h4>\n\t\t\t\t\t\t\t\t\t\t\t\t\t\t<\/div>\n\t<\/div>\n<\/div>[vc_empty_space height=\u00bb30px\u00bb]<a itemprop=\"url\" href=\"http:\/\/cacrarquitectos.com\/arquitectas\/arq-zuhra-sasa-marin\/\" target=\"_self\" style=\"background-color: #99324f\" class=\"edgtf-btn edgtf-btn-medium edgtf-btn-solid\"  >\n    <span class=\"edgtf-btn-text\">CONOCER SU HISTORIA<\/span>\n    <\/a>[vc_empty_space height=\u00bb30px\u00bb][\/vc_column][vc_column width=\u00bb1\/3&#8243;]<div class=\"edgtf-team-holder edgtf-team-info-below-image \">\n\t<div class=\"edgtf-team-inner\">\n\t\t\t\t\t<div class=\"edgtf-team-image\">\n                <img loading=\"lazy\" decoding=\"async\" width=\"1200\" height=\"1200\" src=\"https:\/\/cacrarquitectos.com\/arquitectas\/wp-content\/uploads\/2024\/02\/retrato-marielos.jpg\" class=\"attachment-full size-full\" alt=\"retrato Marielos Barahona Israel\" srcset=\"https:\/\/cacrarquitectos.com\/arquitectas\/wp-content\/uploads\/2024\/02\/retrato-marielos.jpg 1200w, https:\/\/cacrarquitectos.com\/arquitectas\/wp-content\/uploads\/2024\/02\/retrato-marielos-300x300.jpg 300w, https:\/\/cacrarquitectos.com\/arquitectas\/wp-content\/uploads\/2024\/02\/retrato-marielos-1024x1024.jpg 1024w, https:\/\/cacrarquitectos.com\/arquitectas\/wp-content\/uploads\/2024\/02\/retrato-marielos-150x150.jpg 150w, https:\/\/cacrarquitectos.com\/arquitectas\/wp-content\/uploads\/2024\/02\/retrato-marielos-768x768.jpg 768w, https:\/\/cacrarquitectos.com\/arquitectas\/wp-content\/uploads\/2024\/02\/retrato-marielos-550x550.jpg 550w, https:\/\/cacrarquitectos.com\/arquitectas\/wp-content\/uploads\/2024\/02\/retrato-marielos-1100x1100.jpg 1100w\" sizes=\"auto, (max-width: 1200px) 100vw, 1200px\" \/>\t\t\t<\/div>\n\t\t\t\t<div class=\"edgtf-team-info\">\n\t\t\t\t\t\t\t<h4 class=\"edgtf-team-name\" style=\"color: #99324f;text-transform: none\">Arq. Marielos Barahona Israel<\/h4>\n\t\t\t\t\t\t\t\t\t\t\t\t\t\t<\/div>\n\t<\/div>\n<\/div>[vc_empty_space height=\u00bb30px\u00bb]<a itemprop=\"url\" href=\"http:\/\/cacrarquitectos.com\/arquitectas\/arq-marielos-barahona-israel\/\" target=\"_self\" style=\"background-color: #99324f\" class=\"edgtf-btn edgtf-btn-medium edgtf-btn-solid\"  >\n    <span class=\"edgtf-btn-text\">CONOCER SU HISTORIA<\/span>\n    <\/a>[vc_empty_space height=\u00bb30px\u00bb][\/vc_column][vc_column width=\u00bb1\/6&#8243;][\/vc_column][\/vc_row]<\/p>\n<\/div>","protected":false},"excerpt":{"rendered":"<p>[vc_row][vc_column width=\u00bb2\/3&#8243;][vc_empty_space height=\u00bb20px\u00bb][vc_column_text css=\u00bb\u00bb]Urbanismo, Territorio y Espacio P\u00fablico, explore la contribuci\u00f3n responsable de las arquitectas costarricenses en la planificaci\u00f3n de ciudades, dise\u00f1o de \u00e1reas urbanas y territorios rurales y la creaci\u00f3n de espacios p\u00fablicos.[\/vc_column_text][\/vc_column][vc_column width=\u00bb1\/3&#8243;][vc_single_image image=\u00bb3263&#8243; img_size=\u00bbmedium\u00bb alignment=\u00bbright\u00bb][\/vc_column][\/vc_row][vc_row][vc_column][vc_empty_space height=\u00bb60px\u00bb][\/vc_column][\/vc_row][vc_row row_content_width=\u00bbgrid\u00bb css=\u00bb.vc_custom_1741185815631{padding-bottom: 66px !important;}\u00bb][vc_column width=\u00bb1\/3&#8243;][vc_empty_space height=\u00bb30px\u00bb][vc_empty_space height=\u00bb30px\u00bb][\/vc_column][vc_column width=\u00bb1\/3&#8243; offset=\u00bbvc_col-md-4&#8243;][vc_empty_space height=\u00bb30px\u00bb][vc_empty_space height=\u00bb30px\u00bb][\/vc_column][vc_column width=\u00bb1\/3&#8243;][vc_empty_space height=\u00bb30px\u00bb][vc_empty_space height=\u00bb30px\u00bb][\/vc_column][\/vc_row][vc_row row_content_width=\u00bbgrid\u00bb css=\u00bb.vc_custom_1519305651086{padding-bottom: 66px !important;}\u00bb][vc_column width=\u00bb1\/6&#8243;][\/vc_column][vc_column width=\u00bb1\/3&#8243; offset=\u00bbvc_col-md-4&#8243;][vc_empty_space height=\u00bb30px\u00bb][vc_empty_space height=\u00bb30px\u00bb][\/vc_column][vc_column width=\u00bb1\/3&#8243;][vc_empty_space height=\u00bb30px\u00bb][vc_empty_space height=\u00bb30px\u00bb][\/vc_column][vc_column width=\u00bb1\/6&#8243;][\/vc_column][\/vc_row]<\/p>\n","protected":false},"author":1,"featured_media":0,"parent":0,"menu_order":0,"comment_status":"closed","ping_status":"closed","template":"","meta":{"footnotes":""},"class_list":["post-3368","page","type-page","status-publish","hentry"],"aioseo_notices":[],"_links":{"self":[{"href":"https:\/\/cacrarquitectos.com\/arquitectas\/wp-json\/wp\/v2\/pages\/3368","targetHints":{"allow":["GET"]}}],"collection":[{"href":"https:\/\/cacrarquitectos.com\/arquitectas\/wp-json\/wp\/v2\/pages"}],"about":[{"href":"https:\/\/cacrarquitectos.com\/arquitectas\/wp-json\/wp\/v2\/types\/page"}],"author":[{"embeddable":true,"href":"https:\/\/cacrarquitectos.com\/arquitectas\/wp-json\/wp\/v2\/users\/1"}],"replies":[{"embeddable":true,"href":"https:\/\/cacrarquitectos.com\/arquitectas\/wp-json\/wp\/v2\/comments?post=3368"}],"version-history":[{"count":12,"href":"https:\/\/cacrarquitectos.com\/arquitectas\/wp-json\/wp\/v2\/pages\/3368\/revisions"}],"predecessor-version":[{"id":4596,"href":"https:\/\/cacrarquitectos.com\/arquitectas\/wp-json\/wp\/v2\/pages\/3368\/revisions\/4596"}],"wp:attachment":[{"href":"https:\/\/cacrarquitectos.com\/arquitectas\/wp-json\/wp\/v2\/media?parent=3368"}],"curies":[{"name":"wp","href":"https:\/\/api.w.org\/{rel}","templated":true}]}}