{"id":3364,"date":"2024-02-19T20:29:08","date_gmt":"2024-02-19T20:29:08","guid":{"rendered":"http:\/\/cacrarquitectos.com\/arquitectas\/?page_id=3364"},"modified":"2025-05-28T15:09:50","modified_gmt":"2025-05-28T21:09:50","slug":"cultura","status":"publish","type":"page","link":"https:\/\/cacrarquitectos.com\/arquitectas\/cultura\/","title":{"rendered":"Cultura"},"content":{"rendered":"<div class=\"wpb-content-wrapper\"><p>[vc_row][vc_column width=\u00bb2\/3&#8243;]<div class=\"edgtf-section-title-holder cultura edgtf-st-standard edgtf-st-title-left edgtf-st-normal-space  edgtf-st-title-underscore   edgtf-st-appear-fx\" >\n\t<div class=\"edgtf-st-inner\">\n\t\t\t\t\t<h2 class=\"edgtf-st-title\" >\n\t\t\t\t<span class=\"edgtf-st-title-inner\">Cultura<\/span>\n\t\t\t<\/h2>\n\t\t        \t\t\t<\/div>\n<\/div>[vc_empty_space height=\u00bb20px\u00bb][vc_column_text css=\u00bb\u00bb]Explore la contribuci\u00f3n de las arquitectas costarricenses en el \u00e1mbito de la Cultura: el patrimonio, el arte, el activismo y la gesti\u00f3n cultural.[\/vc_column_text][\/vc_column][vc_column width=\u00bb1\/3&#8243;][vc_single_image image=\u00bb3262&#8243; img_size=\u00bbmedium\u00bb alignment=\u00bbright\u00bb][\/vc_column][\/vc_row][vc_row][vc_column][vc_empty_space height=\u00bb60px\u00bb][\/vc_column][\/vc_row][vc_row row_content_width=\u00bbgrid\u00bb css=\u00bb.vc_custom_1741185723852{padding-bottom: 66px !important;}\u00bb][vc_column width=\u00bb1\/3&#8243;]<div class=\"edgtf-team-holder edgtf-team-info-below-image \">\n\t<div class=\"edgtf-team-inner\">\n\t\t\t\t\t<div class=\"edgtf-team-image\">\n                <img loading=\"lazy\" decoding=\"async\" width=\"1200\" height=\"1200\" src=\"https:\/\/cacrarquitectos.com\/arquitectas\/wp-content\/uploads\/2025\/02\/Laura.jpg\" class=\"attachment-full size-full\" alt=\"Laura Chaverri Flores\" srcset=\"https:\/\/cacrarquitectos.com\/arquitectas\/wp-content\/uploads\/2025\/02\/Laura.jpg 1200w, https:\/\/cacrarquitectos.com\/arquitectas\/wp-content\/uploads\/2025\/02\/Laura-300x300.jpg 300w, https:\/\/cacrarquitectos.com\/arquitectas\/wp-content\/uploads\/2025\/02\/Laura-1024x1024.jpg 1024w, https:\/\/cacrarquitectos.com\/arquitectas\/wp-content\/uploads\/2025\/02\/Laura-150x150.jpg 150w, https:\/\/cacrarquitectos.com\/arquitectas\/wp-content\/uploads\/2025\/02\/Laura-768x768.jpg 768w, https:\/\/cacrarquitectos.com\/arquitectas\/wp-content\/uploads\/2025\/02\/Laura-550x550.jpg 550w, https:\/\/cacrarquitectos.com\/arquitectas\/wp-content\/uploads\/2025\/02\/Laura-1100x1100.jpg 1100w\" sizes=\"auto, (max-width: 1200px) 100vw, 1200px\" \/>\t\t\t<\/div>\n\t\t\t\t<div class=\"edgtf-team-info\">\n\t\t\t\t\t\t\t<h4 class=\"edgtf-team-name\" style=\"color: #99324f;text-transform: none\">Arq. Laura Chaverri Flores<\/h4>\n\t\t\t\t\t\t\t\t\t\t\t\t\t\t<\/div>\n\t<\/div>\n<\/div>[vc_empty_space height=\u00bb30px\u00bb]<a itemprop=\"url\" href=\"http:\/\/cacrarquitectos.com\/arquitectas\/arq-laura-chaverri-flores\" target=\"_self\" style=\"background-color: #99324f\" class=\"edgtf-btn edgtf-btn-medium edgtf-btn-solid\"  >\n    <span class=\"edgtf-btn-text\">CONOCER SU HISTORIA<\/span>\n    <\/a>[vc_empty_space height=\u00bb30px\u00bb][\/vc_column][vc_column width=\u00bb1\/3&#8243; offset=\u00bbvc_col-md-4&#8243;]<div class=\"edgtf-team-holder edgtf-team-info-below-image \">\n\t<div class=\"edgtf-team-inner\">\n\t\t\t\t\t<div class=\"edgtf-team-image\">\n                <img loading=\"lazy\" decoding=\"async\" width=\"1200\" height=\"1200\" src=\"https:\/\/cacrarquitectos.com\/arquitectas\/wp-content\/uploads\/2024\/02\/sandra-retrato.jpg\" class=\"attachment-full size-full\" alt=\"Retrato de la Arq. Sandra Quir\u00f3s Bonilla\" srcset=\"https:\/\/cacrarquitectos.com\/arquitectas\/wp-content\/uploads\/2024\/02\/sandra-retrato.jpg 1200w, https:\/\/cacrarquitectos.com\/arquitectas\/wp-content\/uploads\/2024\/02\/sandra-retrato-300x300.jpg 300w, https:\/\/cacrarquitectos.com\/arquitectas\/wp-content\/uploads\/2024\/02\/sandra-retrato-1024x1024.jpg 1024w, https:\/\/cacrarquitectos.com\/arquitectas\/wp-content\/uploads\/2024\/02\/sandra-retrato-150x150.jpg 150w, https:\/\/cacrarquitectos.com\/arquitectas\/wp-content\/uploads\/2024\/02\/sandra-retrato-768x768.jpg 768w, https:\/\/cacrarquitectos.com\/arquitectas\/wp-content\/uploads\/2024\/02\/sandra-retrato-550x550.jpg 550w, https:\/\/cacrarquitectos.com\/arquitectas\/wp-content\/uploads\/2024\/02\/sandra-retrato-1100x1100.jpg 1100w\" sizes=\"auto, (max-width: 1200px) 100vw, 1200px\" \/>\t\t\t<\/div>\n\t\t\t\t<div class=\"edgtf-team-info\">\n\t\t\t\t\t\t\t<h4 class=\"edgtf-team-name\" style=\"color: #99324f;text-transform: none\">Arq. Sandra Quir\u00f3s Bonilla<\/h4>\n\t\t\t\t\t\t\t\t\t\t\t\t\t\t<\/div>\n\t<\/div>\n<\/div>[vc_empty_space height=\u00bb30px\u00bb]<a itemprop=\"url\" href=\"http:\/\/cacrarquitectos.com\/arquitectas\/arq-sandra-quiros-bonilla\/\" target=\"_self\" style=\"background-color: #99324f\" class=\"edgtf-btn edgtf-btn-medium edgtf-btn-solid\"  >\n    <span class=\"edgtf-btn-text\">CONOCER SU HISTORIA<\/span>\n    <\/a>[vc_empty_space height=\u00bb30px\u00bb][\/vc_column][vc_column width=\u00bb1\/3&#8243;]<div class=\"edgtf-team-holder edgtf-team-info-below-image \">\n\t<div class=\"edgtf-team-inner\">\n\t\t\t\t\t<div class=\"edgtf-team-image\">\n                <img loading=\"lazy\" decoding=\"async\" width=\"1200\" height=\"1200\" src=\"https:\/\/cacrarquitectos.com\/arquitectas\/wp-content\/uploads\/2024\/02\/ileana-retrato.jpg\" class=\"attachment-full size-full\" alt=\"Retrato de la Arquitecta Ileana Vives Luque\" srcset=\"https:\/\/cacrarquitectos.com\/arquitectas\/wp-content\/uploads\/2024\/02\/ileana-retrato.jpg 1200w, https:\/\/cacrarquitectos.com\/arquitectas\/wp-content\/uploads\/2024\/02\/ileana-retrato-300x300.jpg 300w, https:\/\/cacrarquitectos.com\/arquitectas\/wp-content\/uploads\/2024\/02\/ileana-retrato-1024x1024.jpg 1024w, https:\/\/cacrarquitectos.com\/arquitectas\/wp-content\/uploads\/2024\/02\/ileana-retrato-150x150.jpg 150w, https:\/\/cacrarquitectos.com\/arquitectas\/wp-content\/uploads\/2024\/02\/ileana-retrato-768x768.jpg 768w, https:\/\/cacrarquitectos.com\/arquitectas\/wp-content\/uploads\/2024\/02\/ileana-retrato-550x550.jpg 550w, https:\/\/cacrarquitectos.com\/arquitectas\/wp-content\/uploads\/2024\/02\/ileana-retrato-1100x1100.jpg 1100w\" sizes=\"auto, (max-width: 1200px) 100vw, 1200px\" \/>\t\t\t<\/div>\n\t\t\t\t<div class=\"edgtf-team-info\">\n\t\t\t\t\t\t\t<h4 class=\"edgtf-team-name\" style=\"color: #99324f;text-transform: none\">Arq. Ileana Vives Luque<\/h4>\n\t\t\t\t\t\t\t\t\t\t\t\t\t\t<\/div>\n\t<\/div>\n<\/div>[vc_empty_space height=\u00bb30px\u00bb]<a itemprop=\"url\" href=\"http:\/\/cacrarquitectos.com\/arquitectas\/arq-ileana-vives-luque\/\" target=\"_self\" style=\"background-color: #99324f\" class=\"edgtf-btn edgtf-btn-medium edgtf-btn-solid\"  >\n    <span class=\"edgtf-btn-text\">CONOCER SU HISTORIA<\/span>\n    <\/a>[vc_empty_space height=\u00bb30px\u00bb][\/vc_column][\/vc_row]<\/p>\n<\/div>","protected":false},"excerpt":{"rendered":"<p>[vc_row][vc_column width=\u00bb2\/3&#8243;][vc_empty_space height=\u00bb20px\u00bb][vc_column_text css=\u00bb\u00bb]Explore la contribuci\u00f3n de las arquitectas costarricenses en el \u00e1mbito de la Cultura: el patrimonio, el arte, el activismo y la gesti\u00f3n cultural.[\/vc_column_text][\/vc_column][vc_column width=\u00bb1\/3&#8243;][vc_single_image image=\u00bb3262&#8243; img_size=\u00bbmedium\u00bb alignment=\u00bbright\u00bb][\/vc_column][\/vc_row][vc_row][vc_column][vc_empty_space height=\u00bb60px\u00bb][\/vc_column][\/vc_row][vc_row row_content_width=\u00bbgrid\u00bb css=\u00bb.vc_custom_1741185723852{padding-bottom: 66px !important;}\u00bb][vc_column width=\u00bb1\/3&#8243;][vc_empty_space height=\u00bb30px\u00bb][vc_empty_space height=\u00bb30px\u00bb][\/vc_column][vc_column width=\u00bb1\/3&#8243; offset=\u00bbvc_col-md-4&#8243;][vc_empty_space height=\u00bb30px\u00bb][vc_empty_space height=\u00bb30px\u00bb][\/vc_column][vc_column width=\u00bb1\/3&#8243;][vc_empty_space height=\u00bb30px\u00bb][vc_empty_space height=\u00bb30px\u00bb][\/vc_column][\/vc_row]<\/p>\n","protected":false},"author":1,"featured_media":0,"parent":0,"menu_order":0,"comment_status":"closed","ping_status":"closed","template":"","meta":{"footnotes":""},"class_list":["post-3364","page","type-page","status-publish","hentry"],"aioseo_notices":[],"_links":{"self":[{"href":"https:\/\/cacrarquitectos.com\/arquitectas\/wp-json\/wp\/v2\/pages\/3364","targetHints":{"allow":["GET"]}}],"collection":[{"href":"https:\/\/cacrarquitectos.com\/arquitectas\/wp-json\/wp\/v2\/pages"}],"about":[{"href":"https:\/\/cacrarquitectos.com\/arquitectas\/wp-json\/wp\/v2\/types\/page"}],"author":[{"embeddable":true,"href":"https:\/\/cacrarquitectos.com\/arquitectas\/wp-json\/wp\/v2\/users\/1"}],"replies":[{"embeddable":true,"href":"https:\/\/cacrarquitectos.com\/arquitectas\/wp-json\/wp\/v2\/comments?post=3364"}],"version-history":[{"count":12,"href":"https:\/\/cacrarquitectos.com\/arquitectas\/wp-json\/wp\/v2\/pages\/3364\/revisions"}],"predecessor-version":[{"id":4592,"href":"https:\/\/cacrarquitectos.com\/arquitectas\/wp-json\/wp\/v2\/pages\/3364\/revisions\/4592"}],"wp:attachment":[{"href":"https:\/\/cacrarquitectos.com\/arquitectas\/wp-json\/wp\/v2\/media?parent=3364"}],"curies":[{"name":"wp","href":"https:\/\/api.w.org\/{rel}","templated":true}]}}