{"id":3311,"date":"2024-02-19T18:01:14","date_gmt":"2024-02-19T18:01:14","guid":{"rendered":"http:\/\/cacrarquitectos.com\/arquitectas\/?page_id=3311"},"modified":"2025-05-28T14:50:40","modified_gmt":"2025-05-28T20:50:40","slug":"arquitectas-de-costa-rica-marq","status":"publish","type":"page","link":"https:\/\/cacrarquitectos.com\/arquitectas\/arquitectas-de-costa-rica-marq\/","title":{"rendered":"Arquitectas de Costa Rica \u2013 Sobre MARQ"},"content":{"rendered":"<div class=\"wpb-content-wrapper\"><p>[vc_row row_content_width=\u00bbgrid\u00bb][vc_column offset=\u00bbvc_col-lg-6 vc_col-md-12&#8243;]<div class=\"edgtf-elements-holder   edgtf-one-column  edgtf-responsive-mode-768 \" ><div class=\"edgtf-eh-item    \"  data-item-class=\"edgtf-eh-custom-3597\" data-1280-1600=\"56px 9% 0px 15%\" data-1024-1280=\"57px 7% 0px 15%\" data-768-1024=\"87px 0% 66px 0%\" data-680-768=\"87px 0% 68px 0%\" data-680=\"0px 0% 35px 0%\">\n\t<div class=\"edgtf-eh-item-inner\">\n\t\t<div class=\"edgtf-eh-item-content edgtf-eh-custom-3597\" style=\"padding: 87px 22% 0px 13%\">\n\t\t\t<div class=\"edgtf-section-title-holder  edgtf-st-standard edgtf-st-title-left edgtf-st-normal-space edgtf-st-disable-title-break    edgtf-st-appear-fx\" >\n\t<div class=\"edgtf-st-inner\">\n\t\t\t\t\t<h1 class=\"edgtf-st-title\" >\n\t\t\t\t<span class=\"edgtf-st-title-inner\">Arquitectas de Costa Rica \u2013 Acerca<br \/> de MARQ<\/span>\n\t\t\t<\/h1>\n\t\t        \t\t\t\t\t<p class=\"edgtf-st-text\" >\n\t\t\t\tArquitectas de Costa Rica es una plataforma que busca poner en valor los aportes de las arquitectas costarricenses y mapear colectivamente las contribuciones hasta ahora invisibilizadas de estas mujeres.\t\t\t<\/p>\n\t\t\t<\/div>\n<\/div>\t\t<\/div>\n\t<\/div>\n<\/div><\/div>[\/vc_column][vc_column offset=\u00bbvc_col-lg-6 vc_col-md-12&#8243;][vc_single_image image=\u00bb4032&#8243; img_size=\u00bbfull\u00bb onclick=\u00bbcustom_link\u00bb css=\u00bb\u00bb link=\u00bbhttps:\/\/drive.google.com\/file\/d\/1S4JKkIE52ARRv4ptBdoxXBlmxnDFRMCi\/view?pli=1&#8243;][\/vc_column][\/vc_row][vc_row row_content_width=\u00bbgrid\u00bb css=\u00bb.vc_custom_1519202331737{padding-top: 75px !important;}\u00bb][vc_column offset=\u00bbvc_col-lg-6 vc_col-md-12&#8243;][vc_single_image image=\u00bb4033&#8243; img_size=\u00bbfull\u00bb onclick=\u00bbcustom_link\u00bb css=\u00bb\u00bb link=\u00bbhttps:\/\/drive.google.com\/file\/d\/1S4JKkIE52ARRv4ptBdoxXBlmxnDFRMCi\/view?pli=1&#8243;][\/vc_column][vc_column offset=\u00bbvc_col-lg-6 vc_col-md-12&#8243;]<div class=\"edgtf-elements-holder   edgtf-one-column  edgtf-responsive-mode-768 \" ><div class=\"edgtf-eh-item    \"  data-item-class=\"edgtf-eh-custom-5900\" data-1280-1600=\"56px 14% 0px 10%\" data-1024-1280=\"57px 13% 0px 10%\" data-768-1024=\"87px 0% 0px 0%\" data-680-768=\"87px 0% 0px 0%\" data-680=\"72px 0% 0px 0%\">\n\t<div class=\"edgtf-eh-item-inner\">\n\t\t<div class=\"edgtf-eh-item-content edgtf-eh-custom-5900\" style=\"padding: 87px 12% 0px 24%\">\n\t\t\t<div class=\"edgtf-section-title-holder  edgtf-st-standard edgtf-st-title-left edgtf-st-normal-space edgtf-st-disable-title-break    edgtf-st-appear-fx\" >\n\t<div class=\"edgtf-st-inner\">\n\t\t\t\t\t<h2 class=\"edgtf-st-title\" >\n\t\t\t\t<span class=\"edgtf-st-title-inner\">Nuestra Meta<\/span>\n\t\t\t<\/h2>\n\t\t        \t\t\t\t\t<p class=\"edgtf-st-text\" >\n\t\t\t\tColocar a las Arquitectas de Costa Rica en el Mapa, m\u00e1s all\u00e1 de la georreferenciaci\u00f3n -aunque este aspecto estar\u00e1 integrado en el proyecto en etapas posteriores-, implica darles un espacio en el imaginario colectivo. Nuestra meta es abordar la deuda hist\u00f3rica pendiente y establecer referentes que destaquen la trascendencia de su labor.\t\t\t<\/p>\n\t\t\t<\/div>\n<\/div>\t\t<\/div>\n\t<\/div>\n<\/div><\/div>[\/vc_column][\/vc_row][vc_row full_width=\u00bbstretch_row_content\u00bb][vc_column width=\u00bb1\/4&#8243;][\/vc_column][vc_column width=\u00bb1\/2&#8243;][vc_empty_space height=\u00bb60px\u00bb]<div class=\"edgtf-section-title-holder  edgtf-st-standard edgtf-st-title-left edgtf-st-normal-space     edgtf-st-appear-fx\" style=\"text-align: center\">\n\t<div class=\"edgtf-st-inner\">\n\t\t\t\t\t<h2 class=\"edgtf-st-title\" >\n\t\t\t\t<span class=\"edgtf-st-title-inner\">Desarrollo del Proyecto<\/span>\n\t\t\t<\/h2>\n\t\t        \t\t\t\t\t<p class=\"edgtf-st-text\" >\n\t\t\t\tEste proyecto es desarrollado desde el Comit\u00e9 de Equidad y G\u00e9nero<br \/>\ndel CACR con la colaboraci\u00f3n del CFIA.\t\t\t<\/p>\n\t\t\t<\/div>\n<\/div>[vc_empty_space]<a itemprop=\"url\" href=\"http:\/\/cacrarquitectos.com\/arquitectas\/creditos\/\" target=\"_self\" style=\"background-color: #99324f\" class=\"edgtf-btn edgtf-btn-huge edgtf-btn-solid\"  >\n    <span class=\"edgtf-btn-text\">VER CR\u00c9DITOS<\/span>\n    <\/a>[vc_empty_space][\/vc_column][vc_column width=\u00bb1\/4&#8243;][\/vc_column][\/vc_row][vc_row full_width=\u00bbstretch_row_content\u00bb][vc_column][vc_row_inner][vc_column_inner width=\u00bb1\/2&#8243;][vc_single_image image=\u00bb3284&#8243; img_size=\u00bbmedium\u00bb alignment=\u00bbcenter\u00bb css=\u00bb\u00bb][\/vc_column_inner][vc_column_inner width=\u00bb1\/2&#8243;][vc_single_image image=\u00bb3283&#8243; img_size=\u00bbmedium\u00bb alignment=\u00bbcenter\u00bb css=\u00bb\u00bb][\/vc_column_inner][\/vc_row_inner][vc_empty_space][\/vc_column][\/vc_row]<\/p>\n<p>&nbsp;<\/p>\n<\/div>","protected":false},"excerpt":{"rendered":"<p>[vc_row row_content_width=\u00bbgrid\u00bb][vc_column offset=\u00bbvc_col-lg-6 vc_col-md-12&#8243;][\/vc_column][vc_column offset=\u00bbvc_col-lg-6 vc_col-md-12&#8243;][vc_single_image image=\u00bb4032&#8243; img_size=\u00bbfull\u00bb onclick=\u00bbcustom_link\u00bb css=\u00bb\u00bb link=\u00bbhttps:\/\/drive.google.com\/file\/d\/1S4JKkIE52ARRv4ptBdoxXBlmxnDFRMCi\/view?pli=1&#8243;][\/vc_column][\/vc_row][vc_row row_content_width=\u00bbgrid\u00bb css=\u00bb.vc_custom_1519202331737{padding-top: 75px !important;}\u00bb][vc_column offset=\u00bbvc_col-lg-6 vc_col-md-12&#8243;][vc_single_image image=\u00bb4033&#8243; img_size=\u00bbfull\u00bb onclick=\u00bbcustom_link\u00bb css=\u00bb\u00bb link=\u00bbhttps:\/\/drive.google.com\/file\/d\/1S4JKkIE52ARRv4ptBdoxXBlmxnDFRMCi\/view?pli=1&#8243;][\/vc_column][vc_column offset=\u00bbvc_col-lg-6 vc_col-md-12&#8243;][\/vc_column][\/vc_row][vc_row full_width=\u00bbstretch_row_content\u00bb][vc_column width=\u00bb1\/4&#8243;][\/vc_column][vc_column width=\u00bb1\/2&#8243;][vc_empty_space height=\u00bb60px\u00bb][vc_empty_space][vc_empty_space][\/vc_column][vc_column width=\u00bb1\/4&#8243;][\/vc_column][\/vc_row][vc_row full_width=\u00bbstretch_row_content\u00bb][vc_column][vc_row_inner][vc_column_inner width=\u00bb1\/2&#8243;][vc_single_image image=\u00bb3284&#8243; img_size=\u00bbmedium\u00bb alignment=\u00bbcenter\u00bb css=\u00bb\u00bb][\/vc_column_inner][vc_column_inner width=\u00bb1\/2&#8243;][vc_single_image image=\u00bb3283&#8243; img_size=\u00bbmedium\u00bb alignment=\u00bbcenter\u00bb css=\u00bb\u00bb][\/vc_column_inner][\/vc_row_inner][vc_empty_space][\/vc_column][\/vc_row] &nbsp;<\/p>\n","protected":false},"author":1,"featured_media":0,"parent":0,"menu_order":0,"comment_status":"closed","ping_status":"closed","template":"full-width.php","meta":{"footnotes":""},"class_list":["post-3311","page","type-page","status-publish","hentry"],"aioseo_notices":[],"_links":{"self":[{"href":"https:\/\/cacrarquitectos.com\/arquitectas\/wp-json\/wp\/v2\/pages\/3311","targetHints":{"allow":["GET"]}}],"collection":[{"href":"https:\/\/cacrarquitectos.com\/arquitectas\/wp-json\/wp\/v2\/pages"}],"about":[{"href":"https:\/\/cacrarquitectos.com\/arquitectas\/wp-json\/wp\/v2\/types\/page"}],"author":[{"embeddable":true,"href":"https:\/\/cacrarquitectos.com\/arquitectas\/wp-json\/wp\/v2\/users\/1"}],"replies":[{"embeddable":true,"href":"https:\/\/cacrarquitectos.com\/arquitectas\/wp-json\/wp\/v2\/comments?post=3311"}],"version-history":[{"count":42,"href":"https:\/\/cacrarquitectos.com\/arquitectas\/wp-json\/wp\/v2\/pages\/3311\/revisions"}],"predecessor-version":[{"id":4589,"href":"https:\/\/cacrarquitectos.com\/arquitectas\/wp-json\/wp\/v2\/pages\/3311\/revisions\/4589"}],"wp:attachment":[{"href":"https:\/\/cacrarquitectos.com\/arquitectas\/wp-json\/wp\/v2\/media?parent=3311"}],"curies":[{"name":"wp","href":"https:\/\/api.w.org\/{rel}","templated":true}]}}