{"id":27,"date":"2018-02-09T09:27:30","date_gmt":"2018-02-09T09:27:30","guid":{"rendered":"http:\/\/haar.edge-themes.com\/?page_id=27"},"modified":"2025-12-16T15:55:16","modified_gmt":"2025-12-16T21:55:16","slug":"arquitectas","status":"publish","type":"page","link":"https:\/\/cacrarquitectos.com\/arquitectas\/","title":{"rendered":"MARQ Arquitectas de CR"},"content":{"rendered":"<div class=\"wpb-content-wrapper\"><p>[vc_row full_width=\u00bbstretch_row_content_no_spaces\u00bb full_height=\u00bbyes\u00bb simple_background_color=\u00bb#f04d4b\u00bb][vc_column][vc_single_image image=\u00bb3243&#8243; img_size=\u00bbfull\u00bb alignment=\u00bbcenter\u00bb css=\u00bb.vc_custom_1758044731865{background-position: center !important;background-repeat: no-repeat !important;background-size: cover !important;}\u00bb][\/vc_column][\/vc_row][vc_row disable_element=\u00bbyes\u00bb row_content_width=\u00bbgrid\u00bb css=\u00bb.vc_custom_1709673770630{padding-top: 103px !important;padding-bottom: 110px !important;}\u00bb][vc_column][vc_column_text][rev_slider_vc alias=\u00bbmain-home\u00bb enable_paspartu=\u00bbno\u00bb][vc_empty_space height=\u00bb40px\u00bb]<div class=\"edgtf-section-title-holder  edgtf-st-standard edgtf-st-title-left edgtf-st-normal-space     edgtf-st-appear-fx\" style=\"text-align: center\">\n\t<div class=\"edgtf-st-inner\">\n\t\t\t\t\t<h2 class=\"edgtf-st-title\" >\n\t\t\t\t<span class=\"edgtf-st-title-inner\">Acerca del Proyecto<\/span>\n\t\t\t<\/h2>\n\t\t        \t\t\t<\/div>\n<\/div>[\/vc_column_text][\/vc_column][\/vc_row][vc_row disable_element=\u00bbyes\u00bb row_content_width=\u00bbgrid\u00bb css=\u00bb.vc_custom_1709673779366{padding-top: 103px !important;padding-bottom: 110px !important;}\u00bb][vc_column width=\u00bb1\/4&#8243;][\/vc_column][vc_column width=\u00bb1\/2&#8243;][vc_column_text]<\/p>\n<p style=\"text-align: center;\">Arquitectas de Costa Rica\u00a0es una plataforma que busca poner en valor los aportes de las arquitectas costarricenses y mapear colectivamente las contribuciones hasta ahora invisibilizadas de estas mujeres.<\/p>\n<p style=\"text-align: center;\">Este proyecto es desarrollado desde el Comit\u00e9 de Equidad y G\u00e9nero del CACR con la colaboraci\u00f3n del CFIA.<\/p>\n<p>[\/vc_column_text][vc_empty_space height=\u00bb20px\u00bb]<a itemprop=\"url\" href=\"http:\/\/cacrarquitectos.com\/arquitectas\/acerca-de\/\" target=\"_self\" style=\"color: #ffffff;background-color: #99324f\" class=\"edgtf-btn edgtf-btn-huge edgtf-btn-solid\"  >\n    <span class=\"edgtf-btn-text\">CONOCER M\u00c1S<\/span>\n    <\/a>[\/vc_column][vc_column width=\u00bb1\/4&#8243;][\/vc_column][\/vc_row][vc_row row_content_width=\u00bbgrid\u00bb css=\u00bb.vc_custom_1519391999332{padding-top: 103px !important;padding-bottom: 110px !important;}\u00bb][vc_column][vc_empty_space height=\u00bb40px\u00bb]<div class=\"edgtf-section-title-holder  edgtf-st-standard edgtf-st-title-left edgtf-st-normal-space     edgtf-st-appear-fx\" style=\"text-align: center\">\n\t<div class=\"edgtf-st-inner\">\n\t\t\t\t\t<h2 class=\"edgtf-st-title\" >\n\t\t\t\t<span class=\"edgtf-st-title-inner\">Mujeres arquitectas influyentes a lo largo de <span class=\"edgtf-st-title-emphasize\">la<\/span> historia<\/span>\n\t\t\t<\/h2>\n\t\t        \t\t\t<\/div>\n<\/div>[vc_empty_space height=\u00bb20px\u00bb]<div class=\"edgtf-section-title-holder  edgtf-st-standard edgtf-st-title-left edgtf-st-normal-space     edgtf-st-appear-fx\" style=\"text-align: center\">\n\t<div class=\"edgtf-st-inner\">\n\t\t\t\t\t<h3 class=\"edgtf-st-title\" >\n\t\t\t\t<span class=\"edgtf-st-title-inner\">Explore la <span class=\"edgtf-st-title-emphasize\">labor<\/span> de las <span class=\"edgtf-st-title-emphasize\">mujeres<\/span> <span class=\"edgtf-st-title-emphasize\">en<\/span> la Arquitectura a lo largo <span class=\"edgtf-st-title-emphasize\">de<\/span> m\u00e1s de 100 a\u00f1os<\/span>\n\t\t\t<\/h3>\n\t\t        \t\t\t<\/div>\n<\/div>[\/vc_column][\/vc_row][vc_row row_content_width=\u00bbgrid\u00bb css=\u00bb.vc_custom_1519391999332{padding-top: 103px !important;padding-bottom: 110px !important;}\u00bb][vc_column width=\u00bb1\/4&#8243;][\/vc_column][vc_column width=\u00bb1\/2&#8243;][vc_column_text css=\u00bb\u00bb]<\/p>\n<p style=\"text-align: center;\">MARQ Arquitectas de CR<\/p>\n<p style=\"text-align: center;\">Explore la labor de <a href=\"http:\/\/cacrarquitectos.com\/arquitectas\/arquitectas-incorporadas-al-colegio\/\">pioneras y precursoras<\/a> en campos que hab\u00edan estado reservados para los hombres y m\u00e1s recientemente arquitectas que han obtenido logros dignos de mencionar a lo largo de la historia.<\/p>\n<p>[\/vc_column_text][\/vc_column][vc_column width=\u00bb1\/4&#8243;][\/vc_column][\/vc_row][vc_row row_content_width=\u00bbgrid\u00bb css=\u00bb.vc_custom_1519391999332{padding-top: 103px !important;padding-bottom: 110px !important;}\u00bb][vc_column][vc_empty_space height=\u00bb20px\u00bb][vc_images_carousel images=\u00bb3703,3704,3705,3706,3707,3746&#8243; img_size=\u00bbfull\u00bb onclick=\u00bbcustom_link\u00bb custom_links_target=\u00bb_blank\u00bb autoplay=\u00bbyes\u00bb hide_pagination_control=\u00bbyes\u00bb partial_view=\u00bbyes\u00bb wrap=\u00bbyes\u00bb css=\u00bb\u00bb custom_links=\u00bb\/arquitectas\/wp-content\/uploads\/2024\/02\/1.jpg,\/arquitectas\/wp-content\/uploads\/2024\/02\/2-1.jpg,\/arquitectas\/wp-content\/uploads\/2024\/02\/3-1.jpg,\/arquitectas\/wp-content\/uploads\/2024\/02\/4.jpg,\/arquitectas\/wp-content\/uploads\/2024\/02\/5.jpg,\/arquitectas\/wp-content\/uploads\/2024\/02\/7.jpg\u00bb][vc_empty_space height=\u00bb20px\u00bb][vc_empty_space height=\u00bb20px\u00bb][\/vc_column][\/vc_row][vc_row row_content_width=\u00bbgrid\u00bb css=\u00bb.vc_custom_1709853553213{padding-top: 103px !important;padding-bottom: 110px !important;background-color: #ffffff !important;}\u00bb simple_background_color=\u00bb#ffffff\u00bb el_id=\u00bbformulario\u00bb][vc_column]<div class=\"edgtf-section-title-holder  edgtf-st-standard edgtf-st-title-left edgtf-st-normal-space     edgtf-st-appear-fx\" style=\"text-align: center\">\n\t<div class=\"edgtf-st-inner\">\n\t\t\t\t\t<h2 class=\"edgtf-st-title\" >\n\t\t\t\t<span class=\"edgtf-st-title-inner\">Contribuir al Proyecto<\/span>\n\t\t\t<\/h2>\n\t\t        \t\t\t<\/div>\n<\/div>[vc_empty_space height=\u00bb20px\u00bb][vc_empty_space height=\u00bb20px\u00bb][vc_wp_text]<\/p>\n<div style=\"width: 100%; height: 500px;\" data-fillout-id=\"tXFZXNxzaCus\" data-fillout-embed-type=\"standard\" data-fillout-inherit-parameters=\"\" data-fillout-dynamic-resize=\"\"><\/div>\n<p><script src=\"https:\/\/server.fillout.com\/embed\/v1\/\"><\/script>[\/vc_wp_text][\/vc_column][\/vc_row][vc_row row_content_width=\u00bbgrid\u00bb css=\u00bb.vc_custom_1709853253645{padding-top: 132px !important;padding-bottom: 84px !important;}\u00bb el_class=\u00bbtrans\u00bb][vc_column]<div class=\"edgtf-section-title-holder  edgtf-st-standard edgtf-st-title-left edgtf-st-normal-space     edgtf-st-appear-fx\" style=\"padding: 0 24%;text-align: center\">\n\t<div class=\"edgtf-st-inner\">\n\t\t\t\t\t<h2 class=\"edgtf-st-title\" >\n\t\t\t\t<span class=\"edgtf-st-title-inner\">\u00c1reas de Aporte<\/span>\n\t\t\t<\/h2>\n\t\t        \t\t\t<\/div>\n<\/div>[vc_empty_space height=\u00bb20px\u00bb]<div class=\"edgtf-section-title-holder  edgtf-st-standard edgtf-st-title-left edgtf-st-normal-space     edgtf-st-appear-fx\" style=\"text-align: center\">\n\t<div class=\"edgtf-st-inner\">\n\t\t\t\t\t<h3 class=\"edgtf-st-title\" >\n\t\t\t\t<span class=\"edgtf-st-title-inner\">Repensando los valores de la arquitectura<\/span>\n\t\t\t<\/h3>\n\t\t        \t\t\t<\/div>\n<\/div>[\/vc_column][\/vc_row][vc_row row_content_width=\u00bbgrid\u00bb css=\u00bb.vc_custom_1519055406500{padding-top: 132px !important;padding-bottom: 84px !important;}\u00bb][vc_column width=\u00bb1\/4&#8243;][\/vc_column][vc_column width=\u00bb1\/2&#8243;][vc_column_text css=\u00bb\u00bb]<\/p>\n<p style=\"text-align: center;\">MARQ &#8211; Arquitectas de Costa Rica<\/p>\n<p style=\"text-align: center;\">Mujeres arquitectas influyentes que han ampliado los l\u00edmites de la profesi\u00f3n, ejerciendo la multidisciplinariedad inherente a la arquitectura, y permitiendo brindar respuestas creativas a las m\u00faltiples necesidades de la sociedad.<\/p>\n<p>[\/vc_column_text][\/vc_column][vc_column width=\u00bb1\/4&#8243;][\/vc_column][\/vc_row][vc_row row_content_width=\u00bbgrid\u00bb css=\u00bb.vc_custom_1519055406500{padding-top: 132px !important;padding-bottom: 84px !important;}\u00bb][vc_column][vc_row_inner css=\u00bb.vc_custom_1709153187140{padding-top: 30px !important;}\u00bb][vc_column_inner offset=\u00bbvc_col-md-4&#8243;][vc_single_image image=\u00bb3265&#8243; img_size=\u00bb250&#215;193&#8243; alignment=\u00bbcenter\u00bb onclick=\u00bbcustom_link\u00bb css=\u00bb\u00bb link=\u00bbhttp:\/\/cacrarquitectos.com\/arquitectas\/docencia-e-investigacion\/\u00bb][vc_empty_space height=\u00bb20px\u00bb]<div class=\"edgtf-section-title-holder  edgtf-st-standard edgtf-st-title-left edgtf-st-normal-space     edgtf-st-appear-fx\" style=\"text-align: center\">\n\t<div class=\"edgtf-st-inner\">\n\t\t\t\t\t<h4 class=\"edgtf-st-title\" style=\"color: #99324f\">\n\t\t\t\t<span class=\"edgtf-st-title-inner\">Docencia e Investigaci\u00f3n<\/span>\n\t\t\t<\/h4>\n\t\t        \t\t\t<\/div>\n<\/div>[\/vc_column_inner][vc_column_inner offset=\u00bbvc_col-md-4&#8243;][vc_single_image image=\u00bb3264&#8243; img_size=\u00bb250&#215;193&#8243; alignment=\u00bbcenter\u00bb onclick=\u00bbcustom_link\u00bb css=\u00bb\u00bb link=\u00bbhttp:\/\/cacrarquitectos.com\/arquitectas\/consultoria-diseno-y-construccion\/\u00bb][vc_empty_space height=\u00bb20px\u00bb]<div class=\"edgtf-section-title-holder  edgtf-st-standard edgtf-st-title-left edgtf-st-normal-space     edgtf-st-appear-fx\" style=\"text-align: center\">\n\t<div class=\"edgtf-st-inner\">\n\t\t\t\t\t<h4 class=\"edgtf-st-title\" style=\"color: #99324f\">\n\t\t\t\t<span class=\"edgtf-st-title-inner\">Consultor\u00eda, Dise\u00f1o y Construcci\u00f3n<\/span>\n\t\t\t<\/h4>\n\t\t        \t\t\t<\/div>\n<\/div>[\/vc_column_inner][vc_column_inner offset=\u00bbvc_col-md-4&#8243;][vc_single_image image=\u00bb3261&#8243; img_size=\u00bb250&#215;193&#8243; alignment=\u00bbcenter\u00bb onclick=\u00bbcustom_link\u00bb css=\u00bb\u00bb link=\u00bbhttp:\/\/cacrarquitectos.com\/arquitectas\/participacion-gremial-e-institucional\/\u00bb][vc_empty_space height=\u00bb20px\u00bb]<div class=\"edgtf-section-title-holder  edgtf-st-standard edgtf-st-title-left edgtf-st-normal-space     edgtf-st-appear-fx\" style=\"text-align: center\">\n\t<div class=\"edgtf-st-inner\">\n\t\t\t\t\t<h4 class=\"edgtf-st-title\" style=\"color: #99324f\">\n\t\t\t\t<span class=\"edgtf-st-title-inner\">Participaci\u00f3n Gremial e Institucional<\/span>\n\t\t\t<\/h4>\n\t\t        \t\t\t<\/div>\n<\/div>[\/vc_column_inner][\/vc_row_inner][vc_row_inner css=\u00bb.vc_custom_1709153164366{padding-top: 30px !important;}\u00bb][vc_column_inner width=\u00bb1\/6&#8243;][\/vc_column_inner][vc_column_inner offset=\u00bbvc_col-md-4&#8243;][vc_single_image image=\u00bb3263&#8243; img_size=\u00bb250&#215;193&#8243; alignment=\u00bbcenter\u00bb onclick=\u00bbcustom_link\u00bb css=\u00bb\u00bb link=\u00bbhttp:\/\/cacrarquitectos.com\/arquitectas\/urbanismo-y-espacio-publico\/\u00bb][vc_empty_space height=\u00bb20px\u00bb]<div class=\"edgtf-section-title-holder  edgtf-st-standard edgtf-st-title-left edgtf-st-normal-space     edgtf-st-appear-fx\" style=\"text-align: center\">\n\t<div class=\"edgtf-st-inner\">\n\t\t\t\t\t<h4 class=\"edgtf-st-title\" style=\"color: #99324f\">\n\t\t\t\t<span class=\"edgtf-st-title-inner\">Urbanismo y Espacio P\u00fablico<\/span>\n\t\t\t<\/h4>\n\t\t        \t\t\t<\/div>\n<\/div>[vc_empty_space height=\u00bb60px\u00bb][\/vc_column_inner][vc_column_inner offset=\u00bbvc_col-md-4&#8243;][vc_single_image image=\u00bb3262&#8243; img_size=\u00bb250&#215;193&#8243; alignment=\u00bbcenter\u00bb onclick=\u00bbcustom_link\u00bb css=\u00bb\u00bb link=\u00bbhttp:\/\/cacrarquitectos.com\/arquitectas\/cultura\/\u00bb][vc_empty_space height=\u00bb20px\u00bb]<div class=\"edgtf-section-title-holder  edgtf-st-standard edgtf-st-title-left edgtf-st-normal-space     edgtf-st-appear-fx\" style=\"text-align: center\">\n\t<div class=\"edgtf-st-inner\">\n\t\t\t\t\t<h4 class=\"edgtf-st-title\" style=\"color: #99324f\">\n\t\t\t\t<span class=\"edgtf-st-title-inner\">Cultura<\/span>\n\t\t\t<\/h4>\n\t\t        \t\t\t<\/div>\n<\/div>[vc_empty_space height=\u00bb60px\u00bb][\/vc_column_inner][vc_column_inner width=\u00bb1\/6&#8243;][\/vc_column_inner][\/vc_row_inner][\/vc_column][\/vc_row][vc_row row_content_width=\u00bbgrid\u00bb css=\u00bb.vc_custom_1709853253645{padding-top: 132px !important;padding-bottom: 84px !important;}\u00bb el_class=\u00bbtrans\u00bb][vc_column]<div class=\"edgtf-section-title-holder  edgtf-st-standard edgtf-st-title-left edgtf-st-normal-space     edgtf-st-appear-fx\" style=\"padding: 0 24%;text-align: center\">\n\t<div class=\"edgtf-st-inner\">\n\t\t\t\t\t<h2 class=\"edgtf-st-title\" >\n\t\t\t\t<span class=\"edgtf-st-title-inner\">Videos<\/span>\n\t\t\t<\/h2>\n\t\t        \t\t\t<\/div>\n<\/div>[vc_empty_space height=\u00bb20px\u00bb][vc_row_inner][vc_column_inner width=\u00bb1\/6&#8243;][\/vc_column_inner][vc_column_inner width=\u00bb2\/3&#8243;][vc_raw_html css=\u00bb\u00bb]JTNDaWZyYW1lJTIwd2lkdGglM0QlMjI1NjAlMjIlMjBoZWlnaHQlM0QlMjIzMTUlMjIlMjBzcmMlM0QlMjJodHRwcyUzQSUyRiUyRnd3dy55b3V0dWJlLmNvbSUyRmVtYmVkJTJGdmlkZW9zZXJpZXMlM0ZzaSUzREY2RDRDNlBjWXNoa0RnRy0lMjZhbXAlM0JsaXN0JTNEUEwwdVZiVlllZlEtaTlDT2VqNGpJQ0lHc3M4UG04YWlLbSUyMiUyMHRpdGxlJTNEJTIyWW91VHViZSUyMHZpZGVvJTIwcGxheWVyJTIyJTIwZnJhbWVib3JkZXIlM0QlMjIwJTIyJTIwYWxsb3clM0QlMjJhY2NlbGVyb21ldGVyJTNCJTIwYXV0b3BsYXklM0IlMjBjbGlwYm9hcmQtd3JpdGUlM0IlMjBlbmNyeXB0ZWQtbWVkaWElM0IlMjBneXJvc2NvcGUlM0IlMjBwaWN0dXJlLWluLXBpY3R1cmUlM0IlMjB3ZWItc2hhcmUlMjIlMjByZWZlcnJlcnBvbGljeSUzRCUyMnN0cmljdC1vcmlnaW4td2hlbi1jcm9zcy1vcmlnaW4lMjIlMjBhbGxvd2Z1bGxzY3JlZW4lM0UlM0MlMkZpZnJhbWUlM0U=[\/vc_raw_html][\/vc_column_inner][vc_column_inner width=\u00bb1\/6&#8243;][\/vc_column_inner][\/vc_row_inner][\/vc_column][\/vc_row][vc_row disable_element=\u00bbyes\u00bb row_content_width=\u00bbgrid\u00bb parallax_background_image=\u00bb3289&#8243; css=\u00bb.vc_custom_1708361771371{padding-top: 177px !important;padding-bottom: 195px !important;}\u00bb el_class=\u00bbedgtf-os-preserve-width\u00bb][vc_column]<div class=\"edgtf-elements-holder   edgtf-one-column  edgtf-responsive-mode-768 \" ><div class=\"edgtf-eh-item    \"  data-item-class=\"edgtf-eh-custom-4467\">\n\t<div class=\"edgtf-eh-item-inner\">\n\t\t<div class=\"edgtf-eh-item-content edgtf-eh-custom-4467\" style=\"padding: 0px 0% 0px 0%\">\n\t\t\t<div class=\"edgtf-testimonials-holder edgtf-testimonials-standard edgtf-testimonials-light clearfix\"><div class=\"edgtf-testimonials edgtf-owl-slider\" data-number-of-items=\"1\" data-enable-loop=\"yes\" data-enable-autoplay=\"yes\" data-slider-speed=\"5000\" data-slider-speed-animation=\"600\" data-enable-navigation=\"no\" data-enable-pagination=\"yes\">Sorry, no posts matched your criteria.<\/div><\/div>\t\t<\/div>\n\t<\/div>\n<\/div><\/div>[\/vc_column][\/vc_row][vc_row css=\u00bb.vc_custom_1519054026659{padding-top: 105px !important;padding-bottom: 105px !important;}\u00bb][vc_column][vc_row_inner][vc_column_inner width=\u00bb1\/2&#8243;][vc_single_image image=\u00bb3284&#8243; img_size=\u00bbmedium\u00bb alignment=\u00bbcenter\u00bb][\/vc_column_inner][vc_column_inner width=\u00bb1\/2&#8243;][vc_single_image image=\u00bb3283&#8243; img_size=\u00bbmedium\u00bb alignment=\u00bbcenter\u00bb][\/vc_column_inner][\/vc_row_inner][vc_empty_space height=\u00bb60px\u00bb][\/vc_column][\/vc_row]<\/p>\n<\/div>","protected":false},"excerpt":{"rendered":"<p>[vc_row full_width=\u00bbstretch_row_content_no_spaces\u00bb full_height=\u00bbyes\u00bb simple_background_color=\u00bb#f04d4b\u00bb][vc_column][vc_single_image image=\u00bb3243&#8243; img_size=\u00bbfull\u00bb alignment=\u00bbcenter\u00bb css=\u00bb.vc_custom_1758044731865{background-position: center !important;background-repeat: no-repeat !important;background-size: cover !important;}\u00bb][\/vc_column][\/vc_row][vc_row disable_element=\u00bbyes\u00bb row_content_width=\u00bbgrid\u00bb css=\u00bb.vc_custom_1709673770630{padding-top: 103px !important;padding-bottom: 110px !important;}\u00bb][vc_column][vc_column_text][rev_slider_vc alias=\u00bbmain-home\u00bb enable_paspartu=\u00bbno\u00bb][vc_empty_space height=\u00bb40px\u00bb][\/vc_column_text][\/vc_column][\/vc_row][vc_row disable_element=\u00bbyes\u00bb row_content_width=\u00bbgrid\u00bb css=\u00bb.vc_custom_1709673779366{padding-top: 103px !important;padding-bottom: 110px !important;}\u00bb][vc_column width=\u00bb1\/4&#8243;][\/vc_column][vc_column width=\u00bb1\/2&#8243;][vc_column_text] Arquitectas de Costa Rica\u00a0es una plataforma que busca poner en valor los aportes de las arquitectas costarricenses y mapear colectivamente las contribuciones hasta ahora invisibilizadas de estas mujeres. Este proyecto es desarrollado desde el Comit\u00e9 de Equidad y G\u00e9nero del CACR con la colaboraci\u00f3n del CFIA. [\/vc_column_text][vc_empty_space height=\u00bb20px\u00bb][\/vc_column][vc_column width=\u00bb1\/4&#8243;][\/vc_column][\/vc_row][vc_row row_content_width=\u00bbgrid\u00bb css=\u00bb.vc_custom_1519391999332{padding-top: 103px !important;padding-bottom: 110px !important;}\u00bb][vc_column][vc_empty_space height=\u00bb40px\u00bb][vc_empty_space height=\u00bb20px\u00bb][\/vc_column][\/vc_row][vc_row row_content_width=\u00bbgrid\u00bb css=\u00bb.vc_custom_1519391999332{padding-top: 103px !important;padding-bottom: 110px !important;}\u00bb][vc_column width=\u00bb1\/4&#8243;][\/vc_column][vc_column width=\u00bb1\/2&#8243;][vc_column_text css=\u00bb\u00bb] MARQ Arquitectas de CR Explore la labor de pioneras y precursoras en campos que hab\u00edan estado reservados para los hombres y m\u00e1s recientemente arquitectas que han obtenido logros dignos de mencionar a lo largo de la historia. [\/vc_column_text][\/vc_column][vc_column width=\u00bb1\/4&#8243;][\/vc_column][\/vc_row][vc_row row_content_width=\u00bbgrid\u00bb css=\u00bb.vc_custom_1519391999332{padding-top: 103px !important;padding-bottom: 110px !important;}\u00bb][vc_column][vc_empty_space height=\u00bb20px\u00bb][vc_images_carousel images=\u00bb3703,3704,3705,3706,3707,3746&#8243; img_size=\u00bbfull\u00bb onclick=\u00bbcustom_link\u00bb custom_links_target=\u00bb_blank\u00bb autoplay=\u00bbyes\u00bb hide_pagination_control=\u00bbyes\u00bb partial_view=\u00bbyes\u00bb wrap=\u00bbyes\u00bb css=\u00bb\u00bb custom_links=\u00bb\/arquitectas\/wp-content\/uploads\/2024\/02\/1.jpg,\/arquitectas\/wp-content\/uploads\/2024\/02\/2-1.jpg,\/arquitectas\/wp-content\/uploads\/2024\/02\/3-1.jpg,\/arquitectas\/wp-content\/uploads\/2024\/02\/4.jpg,\/arquitectas\/wp-content\/uploads\/2024\/02\/5.jpg,\/arquitectas\/wp-content\/uploads\/2024\/02\/7.jpg\u00bb][vc_empty_space height=\u00bb20px\u00bb][vc_empty_space height=\u00bb20px\u00bb][\/vc_column][\/vc_row][vc_row row_content_width=\u00bbgrid\u00bb css=\u00bb.vc_custom_1709853553213{padding-top: 103px !important;padding-bottom: 110px !important;background-color: #ffffff !important;}\u00bb simple_background_color=\u00bb#ffffff\u00bb el_id=\u00bbformulario\u00bb][vc_column][vc_empty_space height=\u00bb20px\u00bb][vc_empty_space height=\u00bb20px\u00bb][vc_wp_text] [\/vc_wp_text][\/vc_column][\/vc_row][vc_row row_content_width=\u00bbgrid\u00bb css=\u00bb.vc_custom_1709853253645{padding-top: 132px !important;padding-bottom: 84px !important;}\u00bb el_class=\u00bbtrans\u00bb][vc_column][vc_empty_space height=\u00bb20px\u00bb][\/vc_column][\/vc_row][vc_row row_content_width=\u00bbgrid\u00bb css=\u00bb.vc_custom_1519055406500{padding-top: 132px !important;padding-bottom: 84px !important;}\u00bb][vc_column width=\u00bb1\/4&#8243;][\/vc_column][vc_column width=\u00bb1\/2&#8243;][vc_column_text css=\u00bb\u00bb] MARQ &#8211; Arquitectas de Costa Rica Mujeres arquitectas influyentes que han ampliado los [&hellip;]<\/p>\n","protected":false},"author":1,"featured_media":0,"parent":0,"menu_order":0,"comment_status":"closed","ping_status":"closed","template":"full-width.php","meta":{"footnotes":""},"class_list":["post-27","page","type-page","status-publish","hentry"],"aioseo_notices":[],"_links":{"self":[{"href":"https:\/\/cacrarquitectos.com\/arquitectas\/wp-json\/wp\/v2\/pages\/27","targetHints":{"allow":["GET"]}}],"collection":[{"href":"https:\/\/cacrarquitectos.com\/arquitectas\/wp-json\/wp\/v2\/pages"}],"about":[{"href":"https:\/\/cacrarquitectos.com\/arquitectas\/wp-json\/wp\/v2\/types\/page"}],"author":[{"embeddable":true,"href":"https:\/\/cacrarquitectos.com\/arquitectas\/wp-json\/wp\/v2\/users\/1"}],"replies":[{"embeddable":true,"href":"https:\/\/cacrarquitectos.com\/arquitectas\/wp-json\/wp\/v2\/comments?post=27"}],"version-history":[{"count":128,"href":"https:\/\/cacrarquitectos.com\/arquitectas\/wp-json\/wp\/v2\/pages\/27\/revisions"}],"predecessor-version":[{"id":4766,"href":"https:\/\/cacrarquitectos.com\/arquitectas\/wp-json\/wp\/v2\/pages\/27\/revisions\/4766"}],"wp:attachment":[{"href":"https:\/\/cacrarquitectos.com\/arquitectas\/wp-json\/wp\/v2\/media?parent=27"}],"curies":[{"name":"wp","href":"https:\/\/api.w.org\/{rel}","templated":true}]}}