{"id":4608,"date":"2025-07-08T16:20:37","date_gmt":"2025-07-08T22:20:37","guid":{"rendered":"http:\/\/cacrarquitectos.com\/arquitectas\/?page_id=4608"},"modified":"2025-07-09T14:24:11","modified_gmt":"2025-07-09T20:24:11","slug":"arq-ana-ulloa-dormond","status":"publish","type":"page","link":"http:\/\/cacrarquitectos.com\/arquitectas\/arq-ana-ulloa-dormond\/","title":{"rendered":"Arq. Ana Ulloa Dormond"},"content":{"rendered":"<div class=\"wpb-content-wrapper\"><p>[vc_row][vc_column][vc_empty_space height=\u00bb100px\u00bb][\/vc_column][\/vc_row][vc_row][vc_column width=\u00bb1\/4&#8243;][vc_single_image image=\u00bb4332&#8243; img_size=\u00bbfull\u00bb css=\u00bb.vc_custom_1752012677529{padding-top: 30px !important;padding-right: 30px !important;padding-bottom: 30px !important;padding-left: 30px !important;}\u00bb el_class=\u00bbarquitectas\u00bb][vc_column_text css=\u00bb\u00bb]<strong>Nombre Completo: <\/strong>Ana Ulloa Dormond<\/p>\n<p><strong>Fecha y lugar de nacimiento: <\/strong>05\/03\/1978 en San Jos\u00e9, Costa Rica<\/p>\n<p><strong>A\u00f1o y casa de estudio: <\/strong>Graduada de la licenciatura en arquitectura de la UCR en el 2004, de la maestr\u00eda en proyectos de Arquitectura y Urbanismo de la Universidad Europea del Atl\u00e1ntico en el 2020 y de la maestr\u00eda en dise\u00f1o, gesti\u00f3n y direcci\u00f3n de proyectos de Arquitectura y Urbanismo de la Universidad Internacional Iberoamericana (UNINI) en el 2020.[\/vc_column_text][vc_empty_space height=\u00bb25px\u00bb]<div class=\"edgtf-section-title-holder  edgtf-st-standard edgtf-st-title-left edgtf-st-normal-space  edgtf-st-title-underscore   edgtf-st-appear-fx\" >\n\t<div class=\"edgtf-st-inner\">\n\t\t\t\t\t<h3 class=\"edgtf-st-title\" >\n\t\t\t\t<span class=\"edgtf-st-title-inner\">\u00c1reas de Aporte<\/span>\n\t\t\t<\/h3>\n\t\t        \t\t\t<\/div>\n<\/div>[vc_column_text css=\u00bb\u00bb]<strong><a href=\"http:\/\/cacrarquitectos.com\/arquitectas\/docencia-e-investigacion\/\">Docencia e Investigaci\u00f3n<\/a><\/strong><\/p>\n<p><strong><a href=\"http:\/\/cacrarquitectos.com\/arquitectas\/consultoria-diseno-y-construccion\/\">Consultor\u00eda, Dise\u00f1o y Construcci\u00f3n<\/a><\/strong><\/p>\n<p><a href=\"http:\/\/cacrarquitectos.com\/arquitectas\/participacion-gremial-e-institucional\/\"><strong>Participaci\u00f3n Gremial e Institucional<\/strong><\/a><\/p>\n<p>[\/vc_column_text][vc_empty_space height=\u00bb25px\u00bb][\/vc_column][vc_column width=\u00bb3\/4&#8243;]<h2 class=\"edgtf-custom-font-holder  edgtf-cf-7228 edgtf-cf-has-type-out \" style=\"font-size: 40px;line-height: 40px\" data-item-class=\"edgtf-cf-7228\" data-font-size-680=\"50px\" data-line-height-680=\"50px\">\n\tArq. <span class=\"edgtf-cf-typed-wrap\" style=\"color: #f04d4b\"><span class=\"edgtf-cf-typed\"><span class=\"edgtf-cf-typed-1\">Ana Ulloa Dormond<\/span><\/span><\/span><\/h2><div class=\"edgtf-section-title-holder  edgtf-st-standard edgtf-st-title-left edgtf-st-normal-space  edgtf-st-title-underscore   edgtf-st-appear-fx\" >\n\t<div class=\"edgtf-st-inner\">\n\t\t                    <span class=\"edgtf-st-subtitle\" style=\"font-size: 20px;margin-top: 13px\">\n                \u201cEl dise\u00f1o es mi gran pasi\u00f3n\u201d            <\/span>\n        \t\t\t<\/div>\n<\/div>[vc_column_text css=\u00bb\u00bb]<\/p>\n<h4>Trayectoria<\/h4>\n<p>Acumula m\u00e1s de 20 a\u00f1os de carrera profesional. En sus inicios trabaj\u00f3 con el arquitecto V\u00edctor Ca\u00f1as en un momento en el que su oficina gana muchos premios y reconocimientos; inicia por una invitaci\u00f3n para ser parte del equipo de dise\u00f1o para un concurso, siendo a\u00fan estudiante y luego se mantiene en la oficina por 5 a\u00f1os m\u00e1s.<\/p>\n<p>Posteriormente se le presenta una oportunidad para trabajar en una desarrolladora inmobiliaria, grupo Roble Internacional, en donde participa de proyectos de gran escala como la ampliaci\u00f3n de Multiplaza del Este,\u00a0 y colabora en proyectos como hoteles, oficinas, entre otros.<\/p>\n<p>Para 2006, funda Ecostudio (su propia oficina de arquitectura) junto con su socio, donde desarrolla proyectos a la medida para diversidad de clientes. En este momento, la oficina sigue activa. Uno de los proyectos iniciales fue en San Juanillo, Guanacaste, cuyo nombre es Casa Tri\u00e1ngulo, con el cual Ecostudio gana un premio internacional: 5 estrellas International Property Awards 2010 \u2013 categor\u00eda America\u2019s Residential Property Awards, Best Architecture, Costa Rica y un premio nacional llamado Ren\u00e9 Frank en la categor\u00eda residencial independiente. Adicionalmente, la oficina gana menci\u00f3n de honor en el concurso Futura Cinema Tokio, de ARCHTRIUMPH, concurso de ideas enfocado en dise\u00f1os futuristas.<\/p>\n<p>Describe el dise\u00f1o como su mayor pasi\u00f3n y enfoque profesional. Destaca la importancia de no limitarse mentalmente, considerando al dise\u00f1o y la arquitectura como un espacio lleno de posibilidades. La adaptabilidad es clave: evitar restricciones autoimpuestas y mantenerse fuera de las zonas de confort.<\/p>\n<p>En 2011 inicia como docente de la UCR, experiencia que describe como un reto apasionante, que motiva a estar en constante actualizaci\u00f3n profesional. Menciona que durante su formaci\u00f3n de grado, tuvo pocas referencias de docentes mujeres (alrededor de 4 \u00fanicamente).\u00a0 Al comenzar su experiencia docente en el 2011, not\u00f3 que hab\u00eda un contraste entre lo que en alg\u00fan momento vivi\u00f3 con sus tutores y con las nuevas din\u00e1micas presentes en los talleres de dise\u00f1o, lo cual ha cambiado y seguir\u00e1 cambiando org\u00e1nicamente como todo proceso evolutivo, donde la docencia no escapa de ello. Actualmente sigue fungiendo su labor docente en la UCR.<\/p>\n<p>A partir de su trabajo, fue invitada a formar parte del equipo docente de ULACIT en el 2017 y posteriormente a dirigir la Academia de Dise\u00f1o de la misma universidad hasta el 2020.<\/p>\n<p>En el 2021 es nombrada directora de la Oficina Ejecutora del Programa de Inversiones (OEPI) de la UCR, dependencia encargada de gestionar, dise\u00f1ar y desarrollar todo lo concerniente a infraestructura de la UCR, convirti\u00e9ndose en la primera mujer directora de esa oficina de la historia de la instituci\u00f3n, teniendo a su cargo un equipo de 45 personas. En dicha dependencia ha trabajado bajo la premisa de generar campus inspiradores, dise\u00f1ados desde un enfoque participativo.[\/vc_column_text][vc_empty_space height=\u00bb25px\u00bb]<a itemprop=\"url\" href=\"#timeline\" target=\"_self\" style=\"color: #ffffff;background-color: #99324f\" class=\"edgtf-btn edgtf-btn-large edgtf-btn-solid edgtf-btn-icon\"  >\n    <span class=\"edgtf-btn-text\">CONOCER SU HISTORIA<\/span>\n    <i class=\"edgtf-icon-linea-icon icon-arrows-right \" ><\/i><\/a>[vc_empty_space height=\u00bb25px\u00bb]<div class=\"edgtf-elements-holder   edgtf-one-column  edgtf-responsive-mode-768 edgtf-one-column-alignment-center\" ><div class=\"edgtf-eh-item    \"  data-item-class=\"edgtf-eh-custom-6432\" data-1280-1600=\"0px 46% 0px 9%\" data-1024-1280=\"0px 42% 0px 9%\" data-768-1024=\"0px 31% 0px 3%\" data-680-768=\"0px 18% 0px 2%\" data-680=\"0px 6% 0px 4%\">\n\t<div class=\"edgtf-eh-item-inner\">\n\t\t<div class=\"edgtf-eh-item-content edgtf-eh-custom-6432\" style=\"padding: 60px 60px 60px 60px\">\n\t\t\t\t\t<\/div>\n\t<\/div>\n<\/div><\/div>[\/vc_column][\/vc_row][vc_row full_width=\u00bbstretch_row_content_no_spaces\u00bb][vc_column][vc_column_text]<span id=\"timeline\"><\/span>[\/vc_column_text][vc_column_text css=\u00bb\u00bb]\r\n<div class=\"container vertical-5 timeline-post-4274\" id=\"vertical-5\">\r\n\t<div class=\"timeline\">\r\n\t\t<div class=\"swiper-container\">\r\n\t\t\t<div class=\"swiper-wrapper\">\r\n\t\t\t\t\t\t\t\t<div class=\"swiper-slide\" style=\"background-image: url(http:\/\/cacrarquitectos.com\/arquitectas\/wp-content\/uploads\/2025\/02\/Ana-1.jpg\" data-year=\"2006\">\r\n\t\t\t\t\t<div class=\"swiper-slide-content\">\r\n\t\t\t\t\t\t<span class=\"timeline-year timeline-info\">2006<\/span>\r\n\t\t\t\t\t\t<h4 class=\"timeline-title\">Ecostudio<\/h4>\r\n\t\t\t\t\t\t<p class=\"timeline-text\">En 2006 co-funda su propia oficina Ecostudio, despu\u00e9s de trabajar para varias oficinas de renombre.<\/p>\r\n\t\t\t\t\t<\/div>\r\n\t\t\t\t<\/div>\r\n\t\t\t\t\t\t\t\t<div class=\"swiper-slide\" style=\"background-image: url(http:\/\/cacrarquitectos.com\/arquitectas\/wp-content\/uploads\/2025\/02\/Ana-2.jpg\" data-year=\"2010\">\r\n\t\t\t\t\t<div class=\"swiper-slide-content\">\r\n\t\t\t\t\t\t<span class=\"timeline-year timeline-info\">2010<\/span>\r\n\t\t\t\t\t\t<h4 class=\"timeline-title\">Casa Tri\u00e1ngulo<\/h4>\r\n\t\t\t\t\t\t<p class=\"timeline-text\">Obtiene dos importantes premios: 5 estrellas International Property Awards 2010 y Premio a la excelencia al desarrollo inmobiliario \u201cRen\u00e9 Frank\u201d 2011.<\/p>\r\n\t\t\t\t\t<\/div>\r\n\t\t\t\t<\/div>\r\n\t\t\t\t\t\t\t\t<div class=\"swiper-slide\" style=\"background-image: url(http:\/\/cacrarquitectos.com\/arquitectas\/wp-content\/uploads\/2025\/02\/Ana-3.jpg\" data-year=\"2011\">\r\n\t\t\t\t\t<div class=\"swiper-slide-content\">\r\n\t\t\t\t\t\t<span class=\"timeline-year timeline-info\">2011<\/span>\r\n\t\t\t\t\t\t<h4 class=\"timeline-title\">Docencia UCR y actualizaci\u00f3n<\/h4>\r\n\t\t\t\t\t\t<p class=\"timeline-text\">Este reto apasionante que inicia en 2011 la motiva a estar en constante actualizaci\u00f3n profesional.<\/p>\r\n\t\t\t\t\t<\/div>\r\n\t\t\t\t<\/div>\r\n\t\t\t\t\t\t\t\t<div class=\"swiper-slide\" style=\"background-image: url(http:\/\/cacrarquitectos.com\/arquitectas\/wp-content\/uploads\/2025\/02\/Ana-4.jpg\" data-year=\"2017-2020\">\r\n\t\t\t\t\t<div class=\"swiper-slide-content\">\r\n\t\t\t\t\t\t<span class=\"timeline-year timeline-info\">2017-2020<\/span>\r\n\t\t\t\t\t\t<h4 class=\"timeline-title\">Dirige la Academia de Dise\u00f1o en ULACIT<\/h4>\r\n\t\t\t\t\t\t<p class=\"timeline-text\">Entre el 2017 y el 2020 impulsa la educaci\u00f3n y fomenta la innovaci\u00f3n en el aprendizaje.\r\n<\/p>\r\n\t\t\t\t\t<\/div>\r\n\t\t\t\t<\/div>\r\n\t\t\t\t\t\t\t\t<div class=\"swiper-slide\" style=\"background-image: url(http:\/\/cacrarquitectos.com\/arquitectas\/wp-content\/uploads\/2025\/02\/Ana-5.jpg\" data-year=\"2021\">\r\n\t\t\t\t\t<div class=\"swiper-slide-content\">\r\n\t\t\t\t\t\t<span class=\"timeline-year timeline-info\">2021<\/span>\r\n\t\t\t\t\t\t<h4 class=\"timeline-title\">Primera mujer en ocupar el cargo de directora de la OEPI UCR<\/h4>\r\n\t\t\t\t\t\t<p class=\"timeline-text\">Se propuso generar campus inspiradores, dise\u00f1ados desde un enfoque participativo.<\/p>\r\n\t\t\t\t\t<\/div>\r\n\t\t\t\t<\/div>\r\n\t\t\t\t\t\t\t<\/div>\r\n\t\t\t<div class=\"swiper-button-prev\"><\/div>\r\n\t\t\t<div class=\"swiper-button-next\"><\/div>\r\n\t\t\t<div class=\"swiper-pagination\"><\/div>\r\n\t\t<\/div>\r\n\t<\/div>\r\n<\/div>\r\n\r\n\r\n<script>\r\n(function ($) {\r\n\t'use strict';\r\n\r\n\t$(document).ready(function() {\r\n\t\tvar teamSwiper = new Swiper ('.vertical-5 .timeline .swiper-container', {\r\n\t\t  \tloop: false,\r\n\t\t  \tspeed: 1600,\r\n\t\t  \tpagination: {\r\n\t\t        el: '.swiper-pagination',\r\n\t\t        clickable: true,\r\n\t\t        renderBullet: function (index, className) {\r\n\t\t        \tconsole.log(index);\r\n\t    \t\t\tvar year = document.querySelectorAll('.swiper-slide')[index].getAttribute('data-year');\r\n\t\t          \treturn '<span class=\"' + className + '\">' + year + '<\/span>';\r\n\r\n\t\t        },\r\n\t\t      },\r\n\t\t  \tpaginationClickable: true,\r\n\t\t     navigation: {\r\n\t\t        nextEl: '.swiper-button-next',\r\n\t\t        prevEl: '.swiper-button-prev',\r\n\t\t      },\r\n\t\t  \tbreakpoints: {\r\n\t\t    \t768: {\r\n\t\t      \tdirection: 'horizontal',\r\n\t\t    \t},\r\n\t\t\t\t1024: {\r\n\t\t\t      direction: 'vertical',\r\n\t\t\t    }\r\n\t\t  \t}\r\n\t\t});\r\n\t});\r\n})( jQuery );\r\n<\/script>[\/vc_column_text][\/vc_column][\/vc_row]<\/p>\n<\/div>","protected":false},"excerpt":{"rendered":"<p>[vc_row][vc_column][vc_empty_space height=\u00bb100px\u00bb][\/vc_column][\/vc_row][vc_row][vc_column width=\u00bb1\/4&#8243;][vc_single_image image=\u00bb4332&#8243; img_size=\u00bbfull\u00bb css=\u00bb.vc_custom_1752012677529{padding-top: 30px !important;padding-right: 30px !important;padding-bottom: 30px !important;padding-left: 30px !important;}\u00bb el_class=\u00bbarquitectas\u00bb][vc_column_text css=\u00bb\u00bb]Nombre Completo: Ana Ulloa Dormond Fecha y lugar de nacimiento: 05\/03\/1978 en San Jos\u00e9, Costa Rica A\u00f1o y casa de estudio: Graduada de la licenciatura en arquitectura de la UCR en el 2004, de la maestr\u00eda en proyectos de Arquitectura y Urbanismo de la Universidad Europea del Atl\u00e1ntico en el 2020 y de la maestr\u00eda en dise\u00f1o, gesti\u00f3n y direcci\u00f3n de proyectos de Arquitectura y Urbanismo de la Universidad Internacional Iberoamericana (UNINI) en el 2020.[\/vc_column_text][vc_empty_space height=\u00bb25px\u00bb][vc_column_text css=\u00bb\u00bb]Docencia e Investigaci\u00f3n Consultor\u00eda, Dise\u00f1o y Construcci\u00f3n Participaci\u00f3n Gremial e Institucional [\/vc_column_text][vc_empty_space height=\u00bb25px\u00bb][\/vc_column][vc_column width=\u00bb3\/4&#8243;][vc_column_text css=\u00bb\u00bb] Trayectoria Acumula m\u00e1s de 20 a\u00f1os de carrera profesional. En sus inicios trabaj\u00f3 con el arquitecto V\u00edctor Ca\u00f1as en un momento en el que su oficina gana muchos premios y reconocimientos; inicia por una invitaci\u00f3n para ser parte del equipo de dise\u00f1o para un concurso, siendo a\u00fan estudiante y luego se mantiene en la oficina por 5 a\u00f1os m\u00e1s. Posteriormente se le presenta una oportunidad para trabajar en una desarrolladora inmobiliaria, grupo Roble Internacional, en donde participa de proyectos de gran escala como la ampliaci\u00f3n de Multiplaza del Este,\u00a0 y colabora en proyectos como [&hellip;]<\/p>\n","protected":false},"author":1,"featured_media":0,"parent":0,"menu_order":0,"comment_status":"closed","ping_status":"closed","template":"","meta":{"footnotes":""},"class_list":["post-4608","page","type-page","status-publish","hentry"],"aioseo_notices":[],"_links":{"self":[{"href":"http:\/\/cacrarquitectos.com\/arquitectas\/wp-json\/wp\/v2\/pages\/4608","targetHints":{"allow":["GET"]}}],"collection":[{"href":"http:\/\/cacrarquitectos.com\/arquitectas\/wp-json\/wp\/v2\/pages"}],"about":[{"href":"http:\/\/cacrarquitectos.com\/arquitectas\/wp-json\/wp\/v2\/types\/page"}],"author":[{"embeddable":true,"href":"http:\/\/cacrarquitectos.com\/arquitectas\/wp-json\/wp\/v2\/users\/1"}],"replies":[{"embeddable":true,"href":"http:\/\/cacrarquitectos.com\/arquitectas\/wp-json\/wp\/v2\/comments?post=4608"}],"version-history":[{"count":19,"href":"http:\/\/cacrarquitectos.com\/arquitectas\/wp-json\/wp\/v2\/pages\/4608\/revisions"}],"predecessor-version":[{"id":4680,"href":"http:\/\/cacrarquitectos.com\/arquitectas\/wp-json\/wp\/v2\/pages\/4608\/revisions\/4680"}],"wp:attachment":[{"href":"http:\/\/cacrarquitectos.com\/arquitectas\/wp-json\/wp\/v2\/media?parent=4608"}],"curies":[{"name":"wp","href":"https:\/\/api.w.org\/{rel}","templated":true}]}}