{"id":4327,"date":"2025-03-05T15:53:19","date_gmt":"2025-03-05T21:53:19","guid":{"rendered":"http:\/\/cacrarquitectos.com\/arquitectas\/?page_id=4327"},"modified":"2025-07-09T13:46:03","modified_gmt":"2025-07-09T19:46:03","slug":"arq-karolina-castro-marin","status":"publish","type":"page","link":"http:\/\/cacrarquitectos.com\/arquitectas\/arq-karolina-castro-marin\/","title":{"rendered":"Arq. Karolina Castro Mar\u00edn"},"content":{"rendered":"<div class=\"wpb-content-wrapper\"><p>[vc_row][vc_column][vc_empty_space height=\u00bb100px\u00bb][\/vc_column][\/vc_row][vc_row full_height=\u00bbyes\u00bb css=\u00bb.vc_custom_1708094454228{background-position: center !important;background-repeat: no-repeat !important;background-size: cover !important;}\u00bb][vc_column width=\u00bb1\/4&#8243;][vc_single_image image=\u00bb4335&#8243; img_size=\u00bbfull\u00bb css=\u00bb.vc_custom_1752075711907{padding-top: 30px !important;padding-right: 30px !important;padding-bottom: 30px !important;padding-left: 30px !important;}\u00bb el_class=\u00bbarquitectas\u00bb][vc_column_text css=\u00bb\u00bb]<strong>Nombre Completo:<\/strong> Karolina Castro Mar\u00edn.<\/p>\n<p><strong>Fecha y lugar de nacimiento: <\/strong>17\/08\/1982, San Jos\u00e9.<\/p>\n<p><strong>A\u00f1o y casa de estudio: <\/strong>Graduada de la licenciatura en arquitectura de la UCR en el 2009, Maestr\u00eda Vivienda y Equipamiento Social, UCR. Julio 2021 defensa p\u00fablica de Trabajo Final de Investigaci\u00f3n Aplicada: \u201cPropuesta de mejoramiento socio-espacial para el Asentamiento Informal Linda Vista en Purral de Goicoechea: An\u00e1lisis comparativo con el Proyecto Linda Vista El Mirador, implementado por FUPROVI en el per\u00edodo 2010- 2019.[\/vc_column_text][vc_empty_space height=\u00bb25px\u00bb]<div class=\"edgtf-section-title-holder  edgtf-st-standard edgtf-st-title-left edgtf-st-normal-space  edgtf-st-title-underscore   edgtf-st-appear-fx\" >\n\t<div class=\"edgtf-st-inner\">\n\t\t\t\t\t<h3 class=\"edgtf-st-title\" >\n\t\t\t\t<span class=\"edgtf-st-title-inner\">\u00c1reas de Aporte<\/span>\n\t\t\t<\/h3>\n\t\t        \t\t\t<\/div>\n<\/div>[vc_column_text css=\u00bb\u00bb]<a href=\"http:\/\/cacrarquitectos.com\/arquitectas\/participacion-gremial-e-institucional\/\"><strong>Participaci\u00f3n Gremial e Institucional<\/strong><\/a>[\/vc_column_text][\/vc_column][vc_column width=\u00bb3\/4&#8243;]<h2 class=\"edgtf-custom-font-holder  edgtf-cf-2071 edgtf-cf-has-type-out \" style=\"font-size: 40px;line-height: 40px\" data-item-class=\"edgtf-cf-2071\" data-font-size-680=\"50px\" data-line-height-680=\"50px\">\n\tArq. <span class=\"edgtf-cf-typed-wrap\" style=\"color: #f04d4b\"><span class=\"edgtf-cf-typed\"><span class=\"edgtf-cf-typed-1\">Karolina Castro Mar\u00edn<\/span><\/span><\/span><\/h2><div class=\"edgtf-section-title-holder  edgtf-st-standard edgtf-st-title-left edgtf-st-normal-space  edgtf-st-title-underscore   edgtf-st-appear-fx\" >\n\t<div class=\"edgtf-st-inner\">\n\t\t                    <span class=\"edgtf-st-subtitle\" style=\"font-size: 20px;margin-top: 13px\">\n                \u201cNo hay nada imposible para el que cree, desea y act\u00faa.\u201d            <\/span>\n        \t\t\t<\/div>\n<\/div>[vc_column_text css=\u00bb\u00bb]<\/p>\n<h4>Trayectoria<\/h4>\n<p>Ella ha vivido toda su vida en Tib\u00e1s, aunque sus padres son originarios de San Jos\u00e9 (su madre de Alajuelita y su padre de Cinco Esquinas de Tib\u00e1s). Sus abuelos provienen de Puriscal, Naranjo y Cuajiniquil, Guanacaste, lo que le ha permitido crecer con una rica herencia de distintas partes del pa\u00eds. Proviene de una familia de clase media baja, y desde peque\u00f1a le han ense\u00f1ado a ver a todas las personas como iguales, sin distinci\u00f3n, fomentando un esp\u00edritu de servicio, empat\u00eda y solidaridad. Es este entorno el que ha dado origen a su deseo de trabajar con comunidades de asentamientos informales y en riesgo social, buscando garantizar que todas las personas tengan el derecho de vivir en un lugar agradable que les brinde felicidad y orgullo.<\/p>\n<p>En alg\u00fan momento de su vida, quiso ser misionera. Aunque su idea de misi\u00f3n era diferente a la de ir a lugares lejanos como \u00c1frica o la India, hoy se da cuenta de que lo es, pero desde una perspectiva distinta. No solo en su labor como arquitecta, sino tambi\u00e9n en su rol como madre, con sus hijos. Esta doble faceta la llena de satisfacci\u00f3n, porque sabe que puede poner al servicio de los dem\u00e1s el conocimiento y las experiencias que ha acumulado.<\/p>\n<p>Lo que m\u00e1s la motiva es saber que, desde la arquitectura, puede tener un contacto directo con la necesidad humana, la pobreza material y, al mismo tiempo, con la rica espiritualidad de las personas sencillas. Crear soluciones arquitect\u00f3nicas, t\u00e9cnicas o de pol\u00edtica p\u00fablica bajo condiciones, contextos y presupuestos limitados es un desaf\u00edo, pero tambi\u00e9n un proceso que estimula el pensamiento creativo y la empat\u00eda. Sue\u00f1a con convertirse en una arquitecta social y contribuir a fortalecer este concepto en el pa\u00eds, trabajando en conjunto con otros profesionales de la arquitectura y diversas \u00e1reas, siempre con la participaci\u00f3n activa de las comunidades.<\/p>\n<p>En 2009 ingres\u00f3 a la Escuela de Arquitectura, a partir de su vocaci\u00f3n realiz\u00f3 la Maestr\u00eda Vivienda y Equipamiento Social en la Universidad de Costa Rica.<\/p>\n<p>Se ha desarrollado laboralmente en el \u00e1rea de vivienda social donde ha desarrollado una amplia experiencia desde 2009 a la fecha, iniciando en la Fundaci\u00f3n Promotora de Vivienda FUPROVI, como consultora para: UICN, ONU HABITAT, UCR.<\/p>\n<p>En 2010, recibi\u00f3 un reconocimiento de la Facultad de Arquitectura y Urbanismo de la Pontificia Universidad Cat\u00f3lica de R\u00edo Grande do Sul, Porto Alegre Brasil, en el Congreso Internacional: Building Communities for the Cities of the Future \u2013 54 IFHP World Congress Porto Alegre 2010, por art\u00edculo presentado en conjunto a un equipo interdisciplinario de la Maestr\u00eda de Vivienda y Equipamiento Social: \u201c<em>La informalidad como modelo para la construcci\u00f3n de las comunidades del futuro\u201d.<\/em><\/p>\n<p>2012 imparti\u00f3 la Ponencia en la III Reuni\u00f3n y III Congreso <em>\u201cCiudades para la Gente\u201d<\/em> del Grupo de Trabajo H\u00e1bitat Popular e Inclusi\u00f3n Social de CLACSO. T\u00edtulo: Revalorizaci\u00f3n del recurso local como estrategia de planificaci\u00f3n, dise\u00f1o socioespacial y control de la gentrificaci\u00f3n: Ciudad latinoamericana y Costa Rica.<\/p>\n<p>En 2013 trabaj\u00f3 en BANVHI en el Departamento T\u00e9cnico Revisi\u00f3n de proyectos individuales, urban\u00edsticos y de Bono Colectivo.<\/p>\n<p>De 2018 a 2021, se desempe\u00f1\u00f3 como arquitecta en la Fundaci\u00f3n Promotora de Vivienda, dise\u00f1o y coordinaci\u00f3n de proyectos habitacionales, conjuntos residenciales y edificios multifamiliares. Experiencia en el dise\u00f1o de espacios recreativos y equipamientos, as\u00ed como en el seguimiento y certificaci\u00f3n de construcciones sostenibles bajo est\u00e1ndares EDGE y Bandera Azul. Adem\u00e1s, brind\u00f3 apoyo t\u00e9cnico en procesos de capacitaci\u00f3n y acompa\u00f1amiento social a comunidades de asentamientos informales.<\/p>\n<p>En la actualidad labora en el MIVAH, como Arquitecta en Departamento de An\u00e1lisis T\u00e9cnico de Vivienda de la Direcci\u00f3n de Vivienda y Asentamientos del Ministerio de Vivienda y Asentamientos Humanos Costa Rica.[\/vc_column_text][vc_empty_space height=\u00bb25px\u00bb]<a itemprop=\"url\" href=\"#timeline\" target=\"_self\" style=\"color: #ffffff;background-color: #99324f\" class=\"edgtf-btn edgtf-btn-large edgtf-btn-solid edgtf-btn-icon\"  >\n    <span class=\"edgtf-btn-text\">CONOCER SU HISTORIA<\/span>\n    <i class=\"edgtf-icon-linea-icon icon-arrows-right \" ><\/i><\/a>[vc_empty_space height=\u00bb25px\u00bb][\/vc_column][\/vc_row][vc_row full_width=\u00bbstretch_row_content_no_spaces\u00bb][vc_column][vc_column_text]<span id=\"timeline\"><\/span>[\/vc_column_text][vc_column_text css=\u00bb\u00bb]\r\n<div class=\"container vertical-5 timeline-post-4365\" id=\"vertical-5\">\r\n\t<div class=\"timeline\">\r\n\t\t<div class=\"swiper-container\">\r\n\t\t\t<div class=\"swiper-wrapper\">\r\n\t\t\t\t\t\t\t\t<div class=\"swiper-slide\" style=\"background-image: url(http:\/\/cacrarquitectos.com\/arquitectas\/wp-content\/uploads\/2025\/03\/Karolina-1.jpg\" data-year=\"2009\">\r\n\t\t\t\t\t<div class=\"swiper-slide-content\">\r\n\t\t\t\t\t\t<span class=\"timeline-year timeline-info\">2009<\/span>\r\n\t\t\t\t\t\t<h4 class=\"timeline-title\">Formaci\u00f3n en la UCR<\/h4>\r\n\t\t\t\t\t\t<p class=\"timeline-text\">Ingres\u00f3 a la Escuela de Arquitectura convencida de que la arquitectura es m\u00e1s que construir edificios: es transformar vidas. Su vocaci\u00f3n la llev\u00f3 a especializarse con una Maestr\u00eda en Vivienda y Equipamiento Social.<\/p>\r\n\t\t\t\t\t<\/div>\r\n\t\t\t\t<\/div>\r\n\t\t\t\t\t\t\t\t<div class=\"swiper-slide\" style=\"background-image: url(http:\/\/cacrarquitectos.com\/arquitectas\/wp-content\/uploads\/2025\/03\/Karolina-2.jpg\" data-year=\"2009\">\r\n\t\t\t\t\t<div class=\"swiper-slide-content\">\r\n\t\t\t\t\t\t<span class=\"timeline-year timeline-info\">2009<\/span>\r\n\t\t\t\t\t\t<h4 class=\"timeline-title\">Compromiso con la vivienda social<\/h4>\r\n\t\t\t\t\t\t<p class=\"timeline-text\">Ha trabajado en proyectos que impactan comunidades vulnerables, brindando soluciones habitacionales.  Iniciando en FUPROVI y como consultora ha colaborado con UICN, ONU-H\u00e1bitat y la UCR, promoviendo el acceso digno a la vivienda.<\/p>\r\n\t\t\t\t\t<\/div>\r\n\t\t\t\t<\/div>\r\n\t\t\t\t\t\t\t\t<div class=\"swiper-slide\" style=\"background-image: url(http:\/\/cacrarquitectos.com\/arquitectas\/wp-content\/uploads\/2025\/03\/Karolina-3.jpg\" data-year=\"2010\">\r\n\t\t\t\t\t<div class=\"swiper-slide-content\">\r\n\t\t\t\t\t\t<span class=\"timeline-year timeline-info\">2010<\/span>\r\n\t\t\t\t\t\t<h4 class=\"timeline-title\">Reconocimiento internacional, visibilizando la informalidad<\/h4>\r\n\t\t\t\t\t\t<p class=\"timeline-text\">En 2010, su investigaci\u00f3n sobre asentamientos informales fue premiada en Brasil, destacando su visi\u00f3n sobre la vivienda como un derecho humano y la informalidad como un modelo a considerar en el desarrollo urbano.<\/p>\r\n\t\t\t\t\t<\/div>\r\n\t\t\t\t<\/div>\r\n\t\t\t\t\t\t\t\t<div class=\"swiper-slide\" style=\"background-image: url(http:\/\/cacrarquitectos.com\/arquitectas\/wp-content\/uploads\/2025\/03\/Karolina-4.jpg\" data-year=\"2018 - 2021\">\r\n\t\t\t\t\t<div class=\"swiper-slide-content\">\r\n\t\t\t\t\t\t<span class=\"timeline-year timeline-info\">2018 - 2021<\/span>\r\n\t\t\t\t\t\t<h4 class=\"timeline-title\">Proyectos Habitacionales con Enfoque de Derecho a la Ciudad.<\/h4>\r\n\t\t\t\t\t\t<p class=\"timeline-text\">Tras su especializaci\u00f3n en sostenibilidad con DoingGlobal & U de Salamanca, trabaj\u00f3 en la generaci\u00f3n de procesos de construcci\u00f3n del h\u00e1bitat con comunidades y diferentes actores clave.\r\n<\/p>\r\n\t\t\t\t\t<\/div>\r\n\t\t\t\t<\/div>\r\n\t\t\t\t\t\t\t\t<div class=\"swiper-slide\" style=\"background-image: url(http:\/\/cacrarquitectos.com\/arquitectas\/wp-content\/uploads\/2025\/03\/Karolina-5.jpg\" data-year=\"Actualidad\">\r\n\t\t\t\t\t<div class=\"swiper-slide-content\">\r\n\t\t\t\t\t\t<span class=\"timeline-year timeline-info\">Actualidad<\/span>\r\n\t\t\t\t\t\t<h4 class=\"timeline-title\">MIVAH, dise\u00f1ando el futuro de la vivienda en CR<\/h4>\r\n\t\t\t\t\t\t<p class=\"timeline-text\">Aporta su experiencia en an\u00e1lisis t\u00e9cnico de vivienda, promoviendo pol\u00edticas y proyectos que mejoran la calidad de vida en el pa\u00eds.<\/p>\r\n\t\t\t\t\t<\/div>\r\n\t\t\t\t<\/div>\r\n\t\t\t\t\t\t\t<\/div>\r\n\t\t\t<div class=\"swiper-button-prev\"><\/div>\r\n\t\t\t<div class=\"swiper-button-next\"><\/div>\r\n\t\t\t<div class=\"swiper-pagination\"><\/div>\r\n\t\t<\/div>\r\n\t<\/div>\r\n<\/div>\r\n\r\n\r\n<script>\r\n(function ($) {\r\n\t'use strict';\r\n\r\n\t$(document).ready(function() {\r\n\t\tvar teamSwiper = new Swiper ('.vertical-5 .timeline .swiper-container', {\r\n\t\t  \tloop: false,\r\n\t\t  \tspeed: 1600,\r\n\t\t  \tpagination: {\r\n\t\t        el: '.swiper-pagination',\r\n\t\t        clickable: true,\r\n\t\t        renderBullet: function (index, className) {\r\n\t\t        \tconsole.log(index);\r\n\t    \t\t\tvar year = document.querySelectorAll('.swiper-slide')[index].getAttribute('data-year');\r\n\t\t          \treturn '<span class=\"' + className + '\">' + year + '<\/span>';\r\n\r\n\t\t        },\r\n\t\t      },\r\n\t\t  \tpaginationClickable: true,\r\n\t\t     navigation: {\r\n\t\t        nextEl: '.swiper-button-next',\r\n\t\t        prevEl: '.swiper-button-prev',\r\n\t\t      },\r\n\t\t  \tbreakpoints: {\r\n\t\t    \t768: {\r\n\t\t      \tdirection: 'horizontal',\r\n\t\t    \t},\r\n\t\t\t\t1024: {\r\n\t\t\t      direction: 'vertical',\r\n\t\t\t    }\r\n\t\t  \t}\r\n\t\t});\r\n\t});\r\n})( jQuery );\r\n<\/script>[\/vc_column_text][\/vc_column][\/vc_row]<\/p>\n<\/div>","protected":false},"excerpt":{"rendered":"<p>[vc_row][vc_column][vc_empty_space height=\u00bb100px\u00bb][\/vc_column][\/vc_row][vc_row full_height=\u00bbyes\u00bb css=\u00bb.vc_custom_1708094454228{background-position: center !important;background-repeat: no-repeat !important;background-size: cover !important;}\u00bb][vc_column width=\u00bb1\/4&#8243;][vc_single_image image=\u00bb4335&#8243; img_size=\u00bbfull\u00bb css=\u00bb.vc_custom_1752075711907{padding-top: 30px !important;padding-right: 30px !important;padding-bottom: 30px !important;padding-left: 30px !important;}\u00bb el_class=\u00bbarquitectas\u00bb][vc_column_text css=\u00bb\u00bb]Nombre Completo: Karolina Castro Mar\u00edn. Fecha y lugar de nacimiento: 17\/08\/1982, San Jos\u00e9. A\u00f1o y casa de estudio: Graduada de la licenciatura en arquitectura de la UCR en el 2009, Maestr\u00eda Vivienda y Equipamiento Social, UCR. Julio 2021 defensa p\u00fablica de Trabajo Final de Investigaci\u00f3n Aplicada: \u201cPropuesta de mejoramiento socio-espacial para el Asentamiento Informal Linda Vista en Purral de Goicoechea: An\u00e1lisis comparativo con el Proyecto Linda Vista El Mirador, implementado por FUPROVI en el per\u00edodo 2010- 2019.[\/vc_column_text][vc_empty_space height=\u00bb25px\u00bb][vc_column_text css=\u00bb\u00bb]Participaci\u00f3n Gremial e Institucional[\/vc_column_text][\/vc_column][vc_column width=\u00bb3\/4&#8243;][vc_column_text css=\u00bb\u00bb] Trayectoria Ella ha vivido toda su vida en Tib\u00e1s, aunque sus padres son originarios de San Jos\u00e9 (su madre de Alajuelita y su padre de Cinco Esquinas de Tib\u00e1s). Sus abuelos provienen de Puriscal, Naranjo y Cuajiniquil, Guanacaste, lo que le ha permitido crecer con una rica herencia de distintas partes del pa\u00eds. Proviene de una familia de clase media baja, y desde peque\u00f1a le han ense\u00f1ado a ver a todas las personas como iguales, sin distinci\u00f3n, fomentando un esp\u00edritu de servicio, empat\u00eda y solidaridad. Es este entorno el que ha dado origen [&hellip;]<\/p>\n","protected":false},"author":1,"featured_media":0,"parent":0,"menu_order":0,"comment_status":"closed","ping_status":"closed","template":"","meta":{"footnotes":""},"class_list":["post-4327","page","type-page","status-publish","hentry"],"aioseo_notices":[],"_links":{"self":[{"href":"http:\/\/cacrarquitectos.com\/arquitectas\/wp-json\/wp\/v2\/pages\/4327","targetHints":{"allow":["GET"]}}],"collection":[{"href":"http:\/\/cacrarquitectos.com\/arquitectas\/wp-json\/wp\/v2\/pages"}],"about":[{"href":"http:\/\/cacrarquitectos.com\/arquitectas\/wp-json\/wp\/v2\/types\/page"}],"author":[{"embeddable":true,"href":"http:\/\/cacrarquitectos.com\/arquitectas\/wp-json\/wp\/v2\/users\/1"}],"replies":[{"embeddable":true,"href":"http:\/\/cacrarquitectos.com\/arquitectas\/wp-json\/wp\/v2\/comments?post=4327"}],"version-history":[{"count":14,"href":"http:\/\/cacrarquitectos.com\/arquitectas\/wp-json\/wp\/v2\/pages\/4327\/revisions"}],"predecessor-version":[{"id":4668,"href":"http:\/\/cacrarquitectos.com\/arquitectas\/wp-json\/wp\/v2\/pages\/4327\/revisions\/4668"}],"wp:attachment":[{"href":"http:\/\/cacrarquitectos.com\/arquitectas\/wp-json\/wp\/v2\/media?parent=4327"}],"curies":[{"name":"wp","href":"https:\/\/api.w.org\/{rel}","templated":true}]}}