{"id":4324,"date":"2025-03-05T15:53:11","date_gmt":"2025-03-05T21:53:11","guid":{"rendered":"http:\/\/cacrarquitectos.com\/arquitectas\/?page_id=4324"},"modified":"2025-07-09T12:32:25","modified_gmt":"2025-07-09T18:32:25","slug":"arq-fabiola-suarez-matarrita","status":"publish","type":"page","link":"http:\/\/cacrarquitectos.com\/arquitectas\/arq-fabiola-suarez-matarrita\/","title":{"rendered":"Arq. Fabiola Su\u00e1rez Matarrita"},"content":{"rendered":"<div class=\"wpb-content-wrapper\"><p>[vc_row][vc_column][vc_empty_space height=\u00bb100px\u00bb][\/vc_column][\/vc_row][vc_row css=\u00bb.vc_custom_1752082197912{background-position: center !important;background-repeat: no-repeat !important;background-size: cover !important;}\u00bb][vc_column width=\u00bb1\/4&#8243;][vc_single_image image=\u00bb4334&#8243; img_size=\u00bbfull\u00bb alignment=\u00bbcenter\u00bb css=\u00bb.vc_custom_1752082388403{padding-top: 30px !important;padding-right: 30px !important;padding-bottom: 30px !important;padding-left: 30px !important;}\u00bb el_class=\u00bbarquitectas\u00bb][vc_column_text css=\u00bb\u00bb]<strong>Nombre completo<\/strong>: Fabiola Su\u00e1rez Matarrita<\/p>\n<p><strong>Fecha y lugar de nacimiento<\/strong>: 21 abril 1980<\/p>\n<p><strong>A\u00f1o y casa de estudio: <\/strong>Universidad de Costa Rica. Estudios de posgrado u otras especializaciones. Cursos varios. Practica profesional en Munich Alemania.[\/vc_column_text][vc_empty_space height=\u00bb25px\u00bb]<div class=\"edgtf-section-title-holder  edgtf-st-standard edgtf-st-title-left edgtf-st-normal-space  edgtf-st-title-underscore   edgtf-st-appear-fx\" >\n\t<div class=\"edgtf-st-inner\">\n\t\t\t\t\t<h3 class=\"edgtf-st-title\" >\n\t\t\t\t<span class=\"edgtf-st-title-inner\">\u00c1reas de Aporte<\/span>\n\t\t\t<\/h3>\n\t\t        \t\t\t<\/div>\n<\/div>[vc_column_text css=\u00bb\u00bb]<a href=\"http:\/\/cacrarquitectos.com\/arquitectas\/consultoria-diseno-y-construccion\/\"><strong>Consultor\u00eda, Dise\u00f1o y Construcci\u00f3n<\/strong><\/a>[\/vc_column_text][\/vc_column][vc_column width=\u00bb3\/4&#8243;]<h2 class=\"edgtf-custom-font-holder  edgtf-cf-1271 edgtf-cf-has-type-out \" style=\"font-size: 40px;line-height: 40px\" data-item-class=\"edgtf-cf-1271\" data-font-size-680=\"50px\" data-line-height-680=\"50px\">\n\tArq. <span class=\"edgtf-cf-typed-wrap\" style=\"color: #f04d4b\"><span class=\"edgtf-cf-typed\"><span class=\"edgtf-cf-typed-1\">Fabiola Su\u00e1rez Matarrita<\/span><\/span><\/span><\/h2><div class=\"edgtf-section-title-holder  edgtf-st-standard edgtf-st-title-left edgtf-st-normal-space  edgtf-st-title-underscore   edgtf-st-appear-fx\" >\n\t<div class=\"edgtf-st-inner\">\n\t\t                    <span class=\"edgtf-st-subtitle\" style=\"font-size: 20px;margin-top: 13px\">\n                \u201cPodemos hacer que las cosas sucedan\u201d            <\/span>\n        \t\t\t<\/div>\n<\/div>[vc_column_text css=\u00bb\u00bb]<\/p>\n<h4><strong>Trayectoria<\/strong><\/h4>\n<p>El Mestizo, primer mercado gastron\u00f3mico de Centroamerica. Este proyecto fue innovador tanto en el dise\u00f1o como el modelo de negocio y lleg\u00f3 a marcar un antes y un despu\u00e9s en la regi\u00f3n con una nueva tendencia en el desarrollo del sector gastron\u00f3mico.\u00a0 Tambi\u00e9n nos dio visibilidad como oficina de arquitectura y nos puso en el mapa. Por medio de reportajes en el peri\u00f3dico y revistas.<\/p>\n<p>Bristol Hotel &amp; Residence, Panam\u00e1. Tuve a cargo la gerencia del proyecto, este era un proyecto de lujo hotel y residencia de 23 pisos en el coraz\u00f3n de ciudad de Panam\u00e1. Fue todo un reto poder manejar el nivel de acabados extraordinarios donde aprend\u00ed mucho de edificios en altura y de un equipo excelente de compa\u00f1eros y dise\u00f1adores.<\/p>\n<p>Oficinas Corporativas Regionales Novonordisk Panam\u00e1. Este proyecto de 3000m2 fue importante porque se realizaron todas las fases del proyecto, desde la selecci\u00f3n del espacio, dise\u00f1o, remodelaci\u00f3n con la implementaci\u00f3n de obra gris, e interiorismo. \u00a0Se logro terminarlo en el tiempo, calidad y presupuesto establecido. Adem\u00e1s de realizarlo estando embarazada de mi segunda hija.<\/p>\n<p>Residencia B\u00faho. Proyecto habitacional de lujo en coraz\u00f3n de las monta\u00f1as de Santa Ana de 800 m2 de 3 niveles con piscina y \u00e1rea social, terraza y techo verde junto con invernadero. La residencia fue adaptada a la topograf\u00eda con pendientes pronunciadas, respetando los arboles existentes de gran tama\u00f1o e incorpor\u00e1ndose a la naturaleza con principios de biofilia. Se generaron diversidad de espacios en di\u00e1logo con el entorno y acabados que lograran mimetizar la construcci\u00f3n.<\/p>\n<p>Hotel Intercontinental, cuando trabajaba para Grupo Roble, fue mi primer gran proyecto una torre de 8 pisos, restaurantes, \u00e1reas de spa y piscinas. Fue una remodelaci\u00f3n de 260 habitaciones y \u00e1reas de servicio, aprend\u00ed mucho de interiorismo, dise\u00f1o de iluminaci\u00f3n, dise\u00f1o de spas, lavander\u00edas y cocinas, al trabajar de la mano de un equipo multidisciplinario internacional, de muy alto nivel, pero adem\u00e1s con generosidad de compartir el conocimiento.[\/vc_column_text][vc_empty_space height=\u00bb25px\u00bb][vc_tta_accordion active_section=\u00bb11&#8243; collapsible_all=\u00bbtrue\u00bb][vc_tta_section title=\u00bb\u00bfCu\u00e1les considera han sido sus principales logros?\u00bb tab_id=\u00bb1752082765344-7e5f15c6-0f51&#8243;][vc_column_text css=\u00bb\u00bb]<\/p>\n<ul>\n<li>Fundar una firma de dise\u00f1o, ya con 13 a\u00f1os dando servicio a toda Centroamerica.<\/li>\n<li>Dise\u00f1ar los mejores centros gastron\u00f3micos llamados food halls, generando un nuevo modelo de negocio para Costa Rica, cada uno con su escencia y autenticidad.<\/li>\n<li>Los reconocimientos que he recibo han ayudado a dar visibilidad a las mujeres del gremio e inspirar a nuevas generaciones, reduciendo las brechas de g\u00e9nero.<\/li>\n<\/ul>\n<p>[\/vc_column_text][\/vc_tta_section][vc_tta_section title=\u00bbReconocimientos\u00bb tab_id=\u00bb1752082829976-ce346f73-c66e\u00bb][vc_column_text css=\u00bb\u00bb]<\/p>\n<ul>\n<li>Empresaria del Ano 2019 por el peri\u00f3dico el Financiero. <a href=\"https:\/\/www.elfinancierocr.com\/etiqueta\/Empresario+del+A%C3%B1o+2019\/\">Noticias sobre Empresario+del+A\u00f1o+2019 | El Financiero | El Financiero<\/a><\/li>\n<li>Forbes 2020, nombrada como una de las 100 Mujeres Poderosas de Centroamerica. <a href=\"https:\/\/issuu.com\/forbeslatam\/docs\/forbes_ca_agosto2020_dig\">Forbes Centroam\u00e9rica | Agosto 2020 by Forbes en Espa\u00f1ol &#8211; Issuu<\/a><\/li>\n<li>Finalista premio BAC Positivo, categor\u00eda emprendedora.<\/li>\n<\/ul>\n<p>[\/vc_column_text][\/vc_tta_section][vc_tta_section title=\u00bb\u00bfHa tenido personas que han sido gu\u00eda o mentor\u00eda en su trayectoria profesional?\u00bb tab_id=\u00bb1752082775696-540d05c4-32f2&#8243;][vc_column_text css=\u00bb\u00bb]<\/p>\n<ul>\n<li>Mi madre y padre, Rosaura Matarrita, una mujer que tambi\u00e9n ha sido inspiraci\u00f3n de quien aprend\u00ed la pasi\u00f3n por lo que se hace. A mi padre Oscar Su\u00e1rez quien desde mi ni\u00f1ez hasta adulta me ha acompa\u00f1ado en la carrera e impulsado a creer que yo pueda hacer las cosas . Ambos tejieron alas para confiar en mi misma y pensar que toda meta que me proponga puedo lograrla con esfuerzo y dedicaci\u00f3n.<\/li>\n<li>Profesores como Daniel Morgan ex director de la Escuela de Arquitectura de la UCR, quien me apoy\u00f3, ensen\u00f3 e inspir\u00f3 a siempre.<\/li>\n<li>En Grupo Roble, en ese momento mi jefe directo Luis Vasquez, Director Corporativo Regional de Arquitectura, quien me confi\u00f3 grandes e importantes proyectos y siempre crey\u00f3 en mis capacidades y liderazgo.<\/li>\n<li>En Grupo Verde Azul, Panam\u00e1 a mi exjefe Fernando Duque, de quien aprend\u00ed el manejo del negocio, la exigencia y sus buenos consejos cuando emprend\u00ed mi negocio.<\/li>\n<li>Mi esposo Jose Maria Vargas, quien me impuls\u00f3 a fundar la empresa, y siempre me empuja y da animo a seguir adelante.<\/li>\n<li>Mentores(as) de los programas Mujer Acelera y Voces Vitales, los cuales fueron importantes para empoderarme y poder visualizar el aporte y visi\u00f3n de mi empresa en la sociedad.<\/li>\n<\/ul>\n<p>[\/vc_column_text][\/vc_tta_section][vc_tta_section title=\u00bb\u00bfCu\u00e1les considera han sido sus principales retos? \u00bfAlguno ha estado relacionado con ser mujer?\u00bb tab_id=\u00bb1752082911184-ef417f9c-2d2d\u00bb][vc_column_text css=\u00bb\u00bb]<\/p>\n<ul>\n<li>Entender que la formaci\u00f3n en arquitectura te permite explorar muchas \u00e1reas del dise\u00f1o y no se limita a solamente a hacer arquitectura. Que uno puede combinar todas las pasiones y no hay que elegir una. Que precisamente ese conjunto de cosas es lo que nos hace \u00fanicos y diferentes a los dem\u00e1s y que cada uno tiene su luz.<\/li>\n<li>Balancear la carga laboral con ni\u00f1os peque\u00f1os, aprender a darle valor a lo que para mi es importante y organizarme acorde a mis prioridades.<\/li>\n<li>El embarazo y el manejo de clientes, muchos pensaron que iba a desaparecer.<\/li>\n<\/ul>\n<p>Es importante que como mujeres arquitectas de esta generaci\u00f3n asumamos la responsabilidad de dar visibilidad y darnos visibilidad, ya que esto es un deber para las generaciones que vienen atr\u00e1s, \u00a1que tengan modelos y espejos, que sepan que si se puede! Que como todo en la vida se requiere de esfuerzo y dedicaci\u00f3n para sobresalir en cualquier carrera pero que tambi\u00e9n la arquitectura es tan amplia, que nos abre m\u00faltiples puertas profesionales donde desarrollar nuestro potencial.<\/p>\n<p>Para m\u00ed una de las cosas m\u00e1s importantes es creer en uno mismo y buscar personas a su alrededor que tambi\u00e9n crean en uno.\u00a0\u00a0 No hubiese logrado lo que he hecho si no es por todas esas personas que creyeron en m\u00ed, mis papas, mi esposo, mis profesores, mis jefes, mis clientes y yo misma.[\/vc_column_text][\/vc_tta_section][vc_tta_section title=\u00bb\u00bfA qu\u00e9 profesionales en arquitectura admira y por qu\u00e9?\u00bb tab_id=\u00bb1752082948950-ba667aec-9f65&#8243;][vc_column_text css=\u00bb\u00bb]<\/p>\n<ul>\n<li>A mis profesoras de la universidad, Eugenia, Ofelia, Jacqueline , Miriam, que hasta que sal\u00ed al mercado laboral y luego de los a\u00f1os entend\u00ed y agradezco a todas ellas, porque nos han abierto el camino, ellas son las primeras lideresas en la arquitectura en Costa Rica.<\/li>\n<li>Hundertwasser, arquitecto y artista, me ha inspirado en la b\u00fasqueda del color, la observaci\u00f3n de la naturaleza y la libertad del dise\u00f1o.<\/li>\n<li>Otto Steidle, arquitecto alem\u00e1n, donde realice mi practica profesional en Munich Alemania, me inspiro a trabajar con artistas pl\u00e1sticos, en este caso con proyectos con muchas restricciones urbanas y de dise\u00f1o, propio de ciudades con mucha historia, la oficina de Otto lograba traer color y movimiento a los proyectos de una forma sutil de la mano de artistas pl\u00e1sticos.<\/li>\n<li>Victor Canas, profesor de la Universidad, me inspiro a explorar el uso de la luz y como crear texturas y sensaciones en diferentes momentos del d\u00eda.<\/li>\n<li>A mis colegas Patricia Fonseca, Melisa Ching, Claudia Dobles, Maria Paula Saenz,, Maria Matamoros, de las cuales me he nutrido e inspirado en este proceso porque de una u otra forma siguen creyendo en este camino, son perseverantes y muy talentosas.<\/li>\n<\/ul>\n<p>[\/vc_column_text][\/vc_tta_section][vc_tta_section title=\u00bbPrincipales actividades que realiza en su tiempo libre\u00bb tab_id=\u00bb1752082470661-756140b1-515c\u00bb][vc_column_text css=\u00bb\u00bb]<\/p>\n<ul>\n<li>Compartir con mis amigas y familia<\/li>\n<li>Tomar tiempo para pausar por medio de la meditaci\u00f3n.<\/li>\n<li>Estar en contacto con la naturaleza, observar la luz y sentir las texturas y sensaciones que me generan las peque\u00f1as cosas al solo observarlas.<\/li>\n<\/ul>\n<p>[\/vc_column_text][\/vc_tta_section][vc_tta_section title=\u00bbLugares que suele o que le gustar\u00eda visitar\u00bb tab_id=\u00bb1752082470676-caab5bd6-1d9d\u00bb][vc_column_text css=\u00bb\u00bb]<\/p>\n<ul>\n<li>Me encanta visitar lugares con mucha naturaleza y verdor, porque me recargan es inspiran. Incluso observar el dise\u00f1o y combinaci\u00f3n de colores de insectos, animales y plantas. Playa, montana, r\u00edos.<\/li>\n<li>Me gusta visitar museos de arte contempor\u00e1neo y permitirme ser cautivada por alg\u00fan artista que mueva mis emociones.<\/li>\n<li>Me gusta redescubrir y apreciar elementos de dise\u00f1o escondidos en las artesan\u00edas, materiales o arte local e imaginarlos en un proyecto nuevo e innovador y elevar su valor intr\u00ednseco.<\/li>\n<li>Suelo visitar ferias de dise\u00f1o cuando me es posible, pero me gustar\u00eda hacerlo m\u00e1s regularmente pues permite estar al tanto de nuevas tendencias, materiales y proveedores.<\/li>\n<\/ul>\n<p>[\/vc_column_text][\/vc_tta_section][vc_tta_section title=\u00bbArtistas que sigue o admira: de arte, de cine, etc\u00bb tab_id=\u00bb1752082504878-962aa31f-56bb\u00bb][vc_column_text css=\u00bb\u00bb]<\/p>\n<ul>\n<li>Hundert wasser<\/li>\n<li>Yayoi kusama<\/li>\n<li>Anthony James<\/li>\n<li>Esteban Fernandez<\/li>\n<li>Katrin Aason<\/li>\n<\/ul>\n<p>[\/vc_column_text][\/vc_tta_section][vc_tta_section title=\u00bb\u00bfC\u00f3mo maneja la convivencia de la vida personal con la profesional?\u00bb tab_id=\u00bb1752082876111-c83e3937-5fe7&#8243;][vc_column_text css=\u00bb\u00bb]Organiz\u00e1ndome de forma flexible y muy tolerante a los cambios de agenda, ya que las demandas profesionales y familiares son grandes. Teniendo una red de apoyo, que me permita pedir ayuda cuando la necesite, ll\u00e1mese familia, amigos, colaboradores.[\/vc_column_text][\/vc_tta_section][\/vc_tta_accordion][vc_empty_space height=\u00bb25px\u00bb]<a itemprop=\"url\" href=\"#timeline\" target=\"_self\" style=\"color: #ffffff;background-color: #99324f\" class=\"edgtf-btn edgtf-btn-large edgtf-btn-solid edgtf-btn-icon\"  >\n    <span class=\"edgtf-btn-text\">CONOCER SU HISTORIA<\/span>\n    <i class=\"edgtf-icon-linea-icon icon-arrows-right \" ><\/i><\/a>[vc_empty_space height=\u00bb25px\u00bb][\/vc_column][\/vc_row][vc_row full_width=\u00bbstretch_row_content_no_spaces\u00bb][vc_column][vc_column_text]<span id=\"timeline\"><\/span>[\/vc_column_text][vc_column_text css=\u00bb\u00bb]\r\n<div class=\"container vertical-5 timeline-post-4280\" id=\"vertical-5\">\r\n\t<div class=\"timeline\">\r\n\t\t<div class=\"swiper-container\">\r\n\t\t\t<div class=\"swiper-wrapper\">\r\n\t\t\t\t\t\t\t\t<div class=\"swiper-slide\" style=\"background-image: url(http:\/\/cacrarquitectos.com\/arquitectas\/wp-content\/uploads\/2025\/03\/Fabiola-1.jpg\" data-year=\"-\">\r\n\t\t\t\t\t<div class=\"swiper-slide-content\">\r\n\t\t\t\t\t\t<span class=\"timeline-year timeline-info\">-<\/span>\r\n\t\t\t\t\t\t<h4 class=\"timeline-title\">Inicios y formaci\u00f3n, una visi\u00f3n global<\/h4>\r\n\t\t\t\t\t\t<p class=\"timeline-text\">Estudi\u00f3 arquitectura en la UCR y realiz\u00f3 su pr\u00e1ctica profesional en M\u00fanich, Alemania. Cada clase y cada trazo la acercaron a su sue\u00f1o de dise\u00f1ar espacios innovadores y funcionales.<\/p>\r\n\t\t\t\t\t<\/div>\r\n\t\t\t\t<\/div>\r\n\t\t\t\t\t\t\t\t<div class=\"swiper-slide\" style=\"background-image: url(http:\/\/cacrarquitectos.com\/arquitectas\/wp-content\/uploads\/2025\/03\/Fabiola-2.jpg\" data-year=\"-\">\r\n\t\t\t\t\t<div class=\"swiper-slide-content\">\r\n\t\t\t\t\t\t<span class=\"timeline-year timeline-info\">-<\/span>\r\n\t\t\t\t\t\t<h4 class=\"timeline-title\">El Mestizo, un punto de inflexi\u00f3n<\/h4>\r\n\t\t\t\t\t\t<p class=\"timeline-text\">Primer mercado gastron\u00f3mico de Centroam\u00e9rica, un hito en el dise\u00f1o y el modelo de negocio. Este proyecto marc\u00f3 tendencia en la regi\u00f3n y posicion\u00f3 su firma en el mapa arquitect\u00f3nico.<\/p>\r\n\t\t\t\t\t<\/div>\r\n\t\t\t\t<\/div>\r\n\t\t\t\t\t\t\t\t<div class=\"swiper-slide\" style=\"background-image: url(http:\/\/cacrarquitectos.com\/arquitectas\/wp-content\/uploads\/2025\/03\/FABIOLA3.png\" data-year=\"-\">\r\n\t\t\t\t\t<div class=\"swiper-slide-content\">\r\n\t\t\t\t\t\t<span class=\"timeline-year timeline-info\">-<\/span>\r\n\t\t\t\t\t\t<h4 class=\"timeline-title\">Impulsando una nueva visi\u00f3n del dise\u00f1o gastron\u00f3mico<\/h4>\r\n\t\t\t\t\t\t<p class=\"timeline-text\">Dise\u00f1\u00f3 algunos de los centros gastron\u00f3micos m\u00e1s emblem\u00e1ticos del pa\u00eds, cada uno con identidad propia.<\/p>\r\n\t\t\t\t\t<\/div>\r\n\t\t\t\t<\/div>\r\n\t\t\t\t\t\t\t\t<div class=\"swiper-slide\" style=\"background-image: url(http:\/\/cacrarquitectos.com\/arquitectas\/wp-content\/uploads\/2025\/03\/Fabiola-4.jpg\" data-year=\"-\">\r\n\t\t\t\t\t<div class=\"swiper-slide-content\">\r\n\t\t\t\t\t\t<span class=\"timeline-year timeline-info\">-<\/span>\r\n\t\t\t\t\t\t<h4 class=\"timeline-title\">Mentor\u00eda y visibilidad, reduciendo brechas de g\u00e9nero<\/h4>\r\n\t\t\t\t\t\t<p class=\"timeline-text\">Los programas de mentor\u00eda le dieron confianza para creer en su visi\u00f3n. Ha trabajado por la visibilizaci\u00f3n de las mujeres en la arquitectura, inspirando a nuevas generaciones.\r\n<\/p>\r\n\t\t\t\t\t<\/div>\r\n\t\t\t\t<\/div>\r\n\t\t\t\t\t\t\t\t<div class=\"swiper-slide\" style=\"background-image: url(http:\/\/cacrarquitectos.com\/arquitectas\/wp-content\/uploads\/2025\/03\/Fabiola-5.jpg\" data-year=\"2019\">\r\n\t\t\t\t\t<div class=\"swiper-slide-content\">\r\n\t\t\t\t\t\t<span class=\"timeline-year timeline-info\">2019<\/span>\r\n\t\t\t\t\t\t<h4 class=\"timeline-title\">Reconocimientos y liderazgo en el sector<\/h4>\r\n\t\t\t\t\t\t<p class=\"timeline-text\">Reconocida como Empresaria del A\u00f1o 2019 por El Financiero y nombrada en Forbes 2020 como una de las 100 Mujeres Poderosas de Centroam\u00e9rica. Finalista del premio BAC Positivo en la categor\u00eda emprendedora.<\/p>\r\n\t\t\t\t\t<\/div>\r\n\t\t\t\t<\/div>\r\n\t\t\t\t\t\t\t<\/div>\r\n\t\t\t<div class=\"swiper-button-prev\"><\/div>\r\n\t\t\t<div class=\"swiper-button-next\"><\/div>\r\n\t\t\t<div class=\"swiper-pagination\"><\/div>\r\n\t\t<\/div>\r\n\t<\/div>\r\n<\/div>\r\n\r\n\r\n<script>\r\n(function ($) {\r\n\t'use strict';\r\n\r\n\t$(document).ready(function() {\r\n\t\tvar teamSwiper = new Swiper ('.vertical-5 .timeline .swiper-container', {\r\n\t\t  \tloop: false,\r\n\t\t  \tspeed: 1600,\r\n\t\t  \tpagination: {\r\n\t\t        el: '.swiper-pagination',\r\n\t\t        clickable: true,\r\n\t\t        renderBullet: function (index, className) {\r\n\t\t        \tconsole.log(index);\r\n\t    \t\t\tvar year = document.querySelectorAll('.swiper-slide')[index].getAttribute('data-year');\r\n\t\t          \treturn '<span class=\"' + className + '\">' + year + '<\/span>';\r\n\r\n\t\t        },\r\n\t\t      },\r\n\t\t  \tpaginationClickable: true,\r\n\t\t     navigation: {\r\n\t\t        nextEl: '.swiper-button-next',\r\n\t\t        prevEl: '.swiper-button-prev',\r\n\t\t      },\r\n\t\t  \tbreakpoints: {\r\n\t\t    \t768: {\r\n\t\t      \tdirection: 'horizontal',\r\n\t\t    \t},\r\n\t\t\t\t1024: {\r\n\t\t\t      direction: 'vertical',\r\n\t\t\t    }\r\n\t\t  \t}\r\n\t\t});\r\n\t});\r\n})( jQuery );\r\n<\/script>[\/vc_column_text][\/vc_column][\/vc_row]<\/p>\n<\/div>","protected":false},"excerpt":{"rendered":"<p>[vc_row][vc_column][vc_empty_space height=\u00bb100px\u00bb][\/vc_column][\/vc_row][vc_row css=\u00bb.vc_custom_1752082197912{background-position: center !important;background-repeat: no-repeat !important;background-size: cover !important;}\u00bb][vc_column width=\u00bb1\/4&#8243;][vc_single_image image=\u00bb4334&#8243; img_size=\u00bbfull\u00bb alignment=\u00bbcenter\u00bb css=\u00bb.vc_custom_1752082388403{padding-top: 30px !important;padding-right: 30px !important;padding-bottom: 30px !important;padding-left: 30px !important;}\u00bb el_class=\u00bbarquitectas\u00bb][vc_column_text css=\u00bb\u00bb]Nombre completo: Fabiola Su\u00e1rez Matarrita Fecha y lugar de nacimiento: 21 abril 1980 A\u00f1o y casa de estudio: Universidad de Costa Rica. Estudios de posgrado u otras especializaciones. Cursos varios. Practica profesional en Munich Alemania.[\/vc_column_text][vc_empty_space height=\u00bb25px\u00bb][vc_column_text css=\u00bb\u00bb]Consultor\u00eda, Dise\u00f1o y Construcci\u00f3n[\/vc_column_text][\/vc_column][vc_column width=\u00bb3\/4&#8243;][vc_column_text css=\u00bb\u00bb] Trayectoria El Mestizo, primer mercado gastron\u00f3mico de Centroamerica. Este proyecto fue innovador tanto en el dise\u00f1o como el modelo de negocio y lleg\u00f3 a marcar un antes y un despu\u00e9s en la regi\u00f3n con una nueva tendencia en el desarrollo del sector gastron\u00f3mico.\u00a0 Tambi\u00e9n nos dio visibilidad como oficina de arquitectura y nos puso en el mapa. Por medio de reportajes en el peri\u00f3dico y revistas. Bristol Hotel &amp; Residence, Panam\u00e1. Tuve a cargo la gerencia del proyecto, este era un proyecto de lujo hotel y residencia de 23 pisos en el coraz\u00f3n de ciudad de Panam\u00e1. Fue todo un reto poder manejar el nivel de acabados extraordinarios donde aprend\u00ed mucho de edificios en altura y de un equipo excelente de compa\u00f1eros y dise\u00f1adores. Oficinas Corporativas Regionales Novonordisk Panam\u00e1. Este proyecto de 3000m2 fue importante [&hellip;]<\/p>\n","protected":false},"author":1,"featured_media":0,"parent":0,"menu_order":0,"comment_status":"closed","ping_status":"closed","template":"","meta":{"footnotes":""},"class_list":["post-4324","page","type-page","status-publish","hentry"],"aioseo_notices":[],"_links":{"self":[{"href":"http:\/\/cacrarquitectos.com\/arquitectas\/wp-json\/wp\/v2\/pages\/4324","targetHints":{"allow":["GET"]}}],"collection":[{"href":"http:\/\/cacrarquitectos.com\/arquitectas\/wp-json\/wp\/v2\/pages"}],"about":[{"href":"http:\/\/cacrarquitectos.com\/arquitectas\/wp-json\/wp\/v2\/types\/page"}],"author":[{"embeddable":true,"href":"http:\/\/cacrarquitectos.com\/arquitectas\/wp-json\/wp\/v2\/users\/1"}],"replies":[{"embeddable":true,"href":"http:\/\/cacrarquitectos.com\/arquitectas\/wp-json\/wp\/v2\/comments?post=4324"}],"version-history":[{"count":18,"href":"http:\/\/cacrarquitectos.com\/arquitectas\/wp-json\/wp\/v2\/pages\/4324\/revisions"}],"predecessor-version":[{"id":4667,"href":"http:\/\/cacrarquitectos.com\/arquitectas\/wp-json\/wp\/v2\/pages\/4324\/revisions\/4667"}],"wp:attachment":[{"href":"http:\/\/cacrarquitectos.com\/arquitectas\/wp-json\/wp\/v2\/media?parent=4324"}],"curies":[{"name":"wp","href":"https:\/\/api.w.org\/{rel}","templated":true}]}}