{"id":4314,"date":"2025-03-05T15:53:31","date_gmt":"2025-03-05T21:53:31","guid":{"rendered":"http:\/\/cacrarquitectos.com\/arquitectas\/?page_id=4314"},"modified":"2025-07-09T13:56:00","modified_gmt":"2025-07-09T19:56:00","slug":"arq-liza-castillo-vasquez","status":"publish","type":"page","link":"http:\/\/cacrarquitectos.com\/arquitectas\/arq-liza-castillo-vasquez\/","title":{"rendered":"Arq. Liza Castillo V\u00e1squezhttps:\/\/cacr.cfia.or.cr\/arquitectas\/arq-liza-castillo-vasquez\/"},"content":{"rendered":"<div class=\"wpb-content-wrapper\"><p>[vc_row][vc_column][vc_empty_space height=\u00bb100px\u00bb][\/vc_column][\/vc_row][vc_row css=\u00bb.vc_custom_1752090867974{background-position: center !important;background-repeat: no-repeat !important;background-size: cover !important;}\u00bb][vc_column width=\u00bb1\/4&#8243;][vc_single_image image=\u00bb4337&#8243; img_size=\u00bbfull\u00bb alignment=\u00bbcenter\u00bb css=\u00bb.vc_custom_1748464535397{padding-top: 30px !important;padding-right: 30px !important;padding-bottom: 30px !important;padding-left: 30px !important;}\u00bb el_class=\u00bbarquitectas\u00bb][\/vc_column][vc_column width=\u00bb3\/4&#8243;]<h2 class=\"edgtf-custom-font-holder  edgtf-cf-8245 edgtf-cf-has-type-out \" style=\"font-size: 40px;line-height: 40px\" data-item-class=\"edgtf-cf-8245\" data-font-size-680=\"50px\" data-line-height-680=\"50px\">\n\tArq. <span class=\"edgtf-cf-typed-wrap\" style=\"color: #f04d4b\"><span class=\"edgtf-cf-typed\"><span class=\"edgtf-cf-typed-1\">Liza Castillo V\u00e1squez<\/span><\/span><\/span><\/h2><div class=\"edgtf-section-title-holder  edgtf-st-standard edgtf-st-title-left edgtf-st-normal-space  edgtf-st-title-underscore   edgtf-st-appear-fx\" >\n\t<div class=\"edgtf-st-inner\">\n\t\t                    <span class=\"edgtf-st-subtitle\" style=\"font-size: 20px;margin-top: 13px\">\n                \u201cLa Arquitectura como herramienta de contemplaci\u00f3n, curiosidad y aventura\u201d            <\/span>\n        \t\t\t<\/div>\n<\/div>[vc_column_text css=\u00bb\u00bb]La Arq. Liza Castillo Vasquez est\u00e1 comprometida con la movilidad sostenible y la equidad. Desde el deporte, forj\u00f3 su liderazgo y trabajo en equipo. Como viceministra, promovi\u00f3 el transporte p\u00fablico y el di\u00e1logo. Cofund\u00f3 \u00abMujeres en Movimiento\u00bb para visibilizar a las mujeres en el sector. Equilibra su carrera con la maternidad y ahora explora el dise\u00f1o del paisaje.[\/vc_column_text][vc_empty_space height=\u00bb25px\u00bb]<div class=\"edgtf-section-title-holder  edgtf-st-standard edgtf-st-title-left edgtf-st-normal-space  edgtf-st-title-underscore   edgtf-st-appear-fx\" >\n\t<div class=\"edgtf-st-inner\">\n\t\t\t\t\t<h3 class=\"edgtf-st-title\" >\n\t\t\t\t<span class=\"edgtf-st-title-inner\">\u00c1reas de Aporte<\/span>\n\t\t\t<\/h3>\n\t\t        \t\t\t<\/div>\n<\/div>[vc_column_text css=\u00bb\u00bb]<strong><a href=\"http:\/\/cacrarquitectos.com\/arquitectas\/urbanismo-y-espacio-publico\/\">Urbanismo, Territorio y Espacio P\u00fablico<\/a><\/strong><\/p>\n<p><a href=\"http:\/\/cacrarquitectos.com\/arquitectas\/participacion-gremial-e-institucional\/\"><b>Participaci\u00f3n Gremial e Institucional<\/b><\/a>[\/vc_column_text][vc_empty_space height=\u00bb25px\u00bb]<a itemprop=\"url\" href=\"#timeline\" target=\"_self\" style=\"color: #ffffff;background-color: #99324f\" class=\"edgtf-btn edgtf-btn-large edgtf-btn-solid edgtf-btn-icon\"  >\n    <span class=\"edgtf-btn-text\">CONOCER SU HISTORIA<\/span>\n    <i class=\"edgtf-icon-linea-icon icon-arrows-right \" ><\/i><\/a>[vc_empty_space height=\u00bb25px\u00bb][\/vc_column][\/vc_row][vc_row full_width=\u00bbstretch_row_content_no_spaces\u00bb][vc_column][vc_column_text]<span id=\"timeline\"><\/span>[\/vc_column_text][vc_column_text css=\u00bb\u00bb]\r\n<div class=\"container vertical-5 timeline-post-4266\" id=\"vertical-5\">\r\n\t<div class=\"timeline\">\r\n\t\t<div class=\"swiper-container\">\r\n\t\t\t<div class=\"swiper-wrapper\">\r\n\t\t\t\t\t\t\t\t<div class=\"swiper-slide\" style=\"background-image: url(http:\/\/cacrarquitectos.com\/arquitectas\/wp-content\/uploads\/2025\/02\/Liza-1.jpg\" data-year=\"-\">\r\n\t\t\t\t\t<div class=\"swiper-slide-content\">\r\n\t\t\t\t\t\t<span class=\"timeline-year timeline-info\">-<\/span>\r\n\t\t\t\t\t\t<h4 class=\"timeline-title\">Desde Gimnasia hasta basquetbolista, siempre en movimiento<\/h4>\r\n\t\t\t\t\t\t<p class=\"timeline-text\">Representando a CR, abraz\u00f3 la disciplina, el trabajo en equipo y liderazgo.<\/p>\r\n\t\t\t\t\t<\/div>\r\n\t\t\t\t<\/div>\r\n\t\t\t\t\t\t\t\t<div class=\"swiper-slide\" style=\"background-image: url(http:\/\/cacrarquitectos.com\/arquitectas\/wp-content\/uploads\/2025\/02\/Liza-2.jpg\" data-year=\"-\">\r\n\t\t\t\t\t<div class=\"swiper-slide-content\">\r\n\t\t\t\t\t\t<span class=\"timeline-year timeline-info\">-<\/span>\r\n\t\t\t\t\t\t<h4 class=\"timeline-title\">Impulsando el transporte p\u00fablico y la movilidad<\/h4>\r\n\t\t\t\t\t\t<p class=\"timeline-text\">Como viceministra, habilit\u00f3 di\u00e1logos para resolver conflictos e impuls\u00f3 la movilidad sostenible.<\/p>\r\n\t\t\t\t\t<\/div>\r\n\t\t\t\t<\/div>\r\n\t\t\t\t\t\t\t\t<div class=\"swiper-slide\" style=\"background-image: url(http:\/\/cacrarquitectos.com\/arquitectas\/wp-content\/uploads\/2025\/02\/Liza-3.jpg\" data-year=\"-\">\r\n\t\t\t\t\t<div class=\"swiper-slide-content\">\r\n\t\t\t\t\t\t<span class=\"timeline-year timeline-info\">-<\/span>\r\n\t\t\t\t\t\t<h4 class=\"timeline-title\">Abrazar la maternidad<\/h4>\r\n\t\t\t\t\t\t<p class=\"timeline-text\">Cuestion\u00f3 los esquemas tradicionales y ajust\u00f3 su carrera profesional para estar m\u00e1s presente para su hijo.<\/p>\r\n\t\t\t\t\t<\/div>\r\n\t\t\t\t<\/div>\r\n\t\t\t\t\t\t\t\t<div class=\"swiper-slide\" style=\"background-image: url(http:\/\/cacrarquitectos.com\/arquitectas\/wp-content\/uploads\/2025\/02\/Liza-4-1.jpg\" data-year=\"-\">\r\n\t\t\t\t\t<div class=\"swiper-slide-content\">\r\n\t\t\t\t\t\t<span class=\"timeline-year timeline-info\">-<\/span>\r\n\t\t\t\t\t\t<h4 class=\"timeline-title\">Cofund\u00f3 la red &quot;Mujeres en Movimiento&quot;<\/h4>\r\n\t\t\t\t\t\t<p class=\"timeline-text\">Dedicada a visibilizar y apoyar a las mujeres en la industria del transporte y la movilidad, promoviendo la igualdad de g\u00e9nero y la sostenibilidad.\r\n<\/p>\r\n\t\t\t\t\t<\/div>\r\n\t\t\t\t<\/div>\r\n\t\t\t\t\t\t\t\t<div class=\"swiper-slide\" style=\"background-image: url(http:\/\/cacrarquitectos.com\/arquitectas\/wp-content\/uploads\/2025\/02\/Liza-5-1.jpg\" data-year=\"Actualidad\">\r\n\t\t\t\t\t<div class=\"swiper-slide-content\">\r\n\t\t\t\t\t\t<span class=\"timeline-year timeline-info\">Actualidad<\/span>\r\n\t\t\t\t\t\t<h4 class=\"timeline-title\">Exploraci\u00f3n de nuevos caminos para la regeneraci\u00f3n de ecosistemas y suelos<\/h4>\r\n\t\t\t\t\t\t<p class=\"timeline-text\">Emprende una nueva aventura en el \u00e1mbito del dise\u00f1o del paisaje.<\/p>\r\n\t\t\t\t\t<\/div>\r\n\t\t\t\t<\/div>\r\n\t\t\t\t\t\t\t<\/div>\r\n\t\t\t<div class=\"swiper-button-prev\"><\/div>\r\n\t\t\t<div class=\"swiper-button-next\"><\/div>\r\n\t\t\t<div class=\"swiper-pagination\"><\/div>\r\n\t\t<\/div>\r\n\t<\/div>\r\n<\/div>\r\n\r\n\r\n<script>\r\n(function ($) {\r\n\t'use strict';\r\n\r\n\t$(document).ready(function() {\r\n\t\tvar teamSwiper = new Swiper ('.vertical-5 .timeline .swiper-container', {\r\n\t\t  \tloop: false,\r\n\t\t  \tspeed: 1600,\r\n\t\t  \tpagination: {\r\n\t\t        el: '.swiper-pagination',\r\n\t\t        clickable: true,\r\n\t\t        renderBullet: function (index, className) {\r\n\t\t        \tconsole.log(index);\r\n\t    \t\t\tvar year = document.querySelectorAll('.swiper-slide')[index].getAttribute('data-year');\r\n\t\t          \treturn '<span class=\"' + className + '\">' + year + '<\/span>';\r\n\r\n\t\t        },\r\n\t\t      },\r\n\t\t  \tpaginationClickable: true,\r\n\t\t     navigation: {\r\n\t\t        nextEl: '.swiper-button-next',\r\n\t\t        prevEl: '.swiper-button-prev',\r\n\t\t      },\r\n\t\t  \tbreakpoints: {\r\n\t\t    \t768: {\r\n\t\t      \tdirection: 'horizontal',\r\n\t\t    \t},\r\n\t\t\t\t1024: {\r\n\t\t\t      direction: 'vertical',\r\n\t\t\t    }\r\n\t\t  \t}\r\n\t\t});\r\n\t});\r\n})( jQuery );\r\n<\/script>[\/vc_column_text][\/vc_column][\/vc_row]<\/p>\n<\/div>","protected":false},"excerpt":{"rendered":"<p>[vc_row][vc_column][vc_empty_space height=\u00bb100px\u00bb][\/vc_column][\/vc_row][vc_row css=\u00bb.vc_custom_1752090867974{background-position: center !important;background-repeat: no-repeat !important;background-size: cover !important;}\u00bb][vc_column width=\u00bb1\/4&#8243;][vc_single_image image=\u00bb4337&#8243; img_size=\u00bbfull\u00bb alignment=\u00bbcenter\u00bb css=\u00bb.vc_custom_1748464535397{padding-top: 30px !important;padding-right: 30px !important;padding-bottom: 30px !important;padding-left: 30px !important;}\u00bb el_class=\u00bbarquitectas\u00bb][\/vc_column][vc_column width=\u00bb3\/4&#8243;][vc_column_text css=\u00bb\u00bb]La Arq. Liza Castillo Vasquez est\u00e1 comprometida con la movilidad sostenible y la equidad. Desde el deporte, forj\u00f3 su liderazgo y trabajo en equipo. Como viceministra, promovi\u00f3 el transporte p\u00fablico y el di\u00e1logo. Cofund\u00f3 \u00abMujeres en Movimiento\u00bb para visibilizar a las mujeres en el sector. Equilibra su carrera con la maternidad y ahora explora el dise\u00f1o del paisaje.[\/vc_column_text][vc_empty_space height=\u00bb25px\u00bb][vc_column_text css=\u00bb\u00bb]Urbanismo, Territorio y Espacio P\u00fablico Participaci\u00f3n Gremial e Institucional[\/vc_column_text][vc_empty_space height=\u00bb25px\u00bb][vc_empty_space height=\u00bb25px\u00bb][\/vc_column][\/vc_row][vc_row full_width=\u00bbstretch_row_content_no_spaces\u00bb][vc_column][vc_column_text][\/vc_column_text][vc_column_text css=\u00bb\u00bb][\/vc_column_text][\/vc_column][\/vc_row]<\/p>\n","protected":false},"author":1,"featured_media":0,"parent":0,"menu_order":0,"comment_status":"closed","ping_status":"closed","template":"","meta":{"footnotes":""},"class_list":["post-4314","page","type-page","status-publish","hentry"],"aioseo_notices":[],"_links":{"self":[{"href":"http:\/\/cacrarquitectos.com\/arquitectas\/wp-json\/wp\/v2\/pages\/4314","targetHints":{"allow":["GET"]}}],"collection":[{"href":"http:\/\/cacrarquitectos.com\/arquitectas\/wp-json\/wp\/v2\/pages"}],"about":[{"href":"http:\/\/cacrarquitectos.com\/arquitectas\/wp-json\/wp\/v2\/types\/page"}],"author":[{"embeddable":true,"href":"http:\/\/cacrarquitectos.com\/arquitectas\/wp-json\/wp\/v2\/users\/1"}],"replies":[{"embeddable":true,"href":"http:\/\/cacrarquitectos.com\/arquitectas\/wp-json\/wp\/v2\/comments?post=4314"}],"version-history":[{"count":12,"href":"http:\/\/cacrarquitectos.com\/arquitectas\/wp-json\/wp\/v2\/pages\/4314\/revisions"}],"predecessor-version":[{"id":4673,"href":"http:\/\/cacrarquitectos.com\/arquitectas\/wp-json\/wp\/v2\/pages\/4314\/revisions\/4673"}],"wp:attachment":[{"href":"http:\/\/cacrarquitectos.com\/arquitectas\/wp-json\/wp\/v2\/media?parent=4314"}],"curies":[{"name":"wp","href":"https:\/\/api.w.org\/{rel}","templated":true}]}}