{"id":4301,"date":"2025-03-05T15:53:07","date_gmt":"2025-03-05T21:53:07","guid":{"rendered":"http:\/\/cacrarquitectos.com\/arquitectas\/?page_id=4301"},"modified":"2025-07-09T12:25:45","modified_gmt":"2025-07-09T18:25:45","slug":"arq-evangelina-quesada-corrales","status":"publish","type":"page","link":"http:\/\/cacrarquitectos.com\/arquitectas\/arq-evangelina-quesada-corrales\/","title":{"rendered":"Arq. Evangelina Quesada Corrales"},"content":{"rendered":"<div class=\"wpb-content-wrapper\"><p>[vc_row][vc_column][vc_empty_space height=\u00bb100px\u00bb][\/vc_column][\/vc_row][vc_row css=\u00bb.vc_custom_1752084490627{background-position: center !important;background-repeat: no-repeat !important;background-size: cover !important;}\u00bb][vc_column width=\u00bb1\/4&#8243;][vc_single_image image=\u00bb4333&#8243; img_size=\u00bbfull\u00bb css=\u00bb.vc_custom_1752074446101{padding-top: 30px !important;padding-right: 30px !important;padding-bottom: 30px !important;padding-left: 30px !important;}\u00bb el_class=\u00bbarquitectas\u00bb][vc_column_text css=\u00bb\u00bb]<strong>Nombre completo:<\/strong> Evangelina Quesada Corrales<\/p>\n<p><strong>Fecha y lugar de nacimiento:<\/strong> 28 de mayo de <strong>1978, <\/strong>Ciudad Quesada, San Carlos, Alajuela.<\/p>\n<p><strong>A\u00f1o y casa de estudio: <\/strong>Periodo de estudio 1996 \u2013 2003, Graduada de la licenciatura en arquitectura de la <strong>Universidad LCI VERITAS. <\/strong>[\/vc_column_text][vc_empty_space height=\u00bb25px\u00bb]<div class=\"edgtf-section-title-holder  edgtf-st-standard edgtf-st-title-left edgtf-st-normal-space  edgtf-st-title-underscore   edgtf-st-appear-fx\" >\n\t<div class=\"edgtf-st-inner\">\n\t\t\t\t\t<h3 class=\"edgtf-st-title\" >\n\t\t\t\t<span class=\"edgtf-st-title-inner\">\u00c1reas de Aporte<\/span>\n\t\t\t<\/h3>\n\t\t        \t\t\t<\/div>\n<\/div>[vc_column_text css=\u00bb\u00bb]<a href=\"http:\/\/cacrarquitectos.com\/arquitectas\/consultoria-diseno-y-construccion\/\"><strong>Consultor\u00eda, Dise\u00f1o y Construcci\u00f3n<\/strong><\/a>[\/vc_column_text][\/vc_column][vc_column width=\u00bb3\/4&#8243;]<h2 class=\"edgtf-custom-font-holder  edgtf-cf-7084 edgtf-cf-has-type-out \" style=\"font-size: 40px;line-height: 40px\" data-item-class=\"edgtf-cf-7084\" data-font-size-680=\"50px\" data-line-height-680=\"50px\">\n\tArq. <span class=\"edgtf-cf-typed-wrap\" style=\"color: #f04d4b\"><span class=\"edgtf-cf-typed\"><span class=\"edgtf-cf-typed-1\">Evangelina Quesada Corrales<\/span><\/span><\/span><\/h2><div class=\"edgtf-section-title-holder  edgtf-st-standard edgtf-st-title-left edgtf-st-normal-space  edgtf-st-title-underscore   edgtf-st-appear-fx\" >\n\t<div class=\"edgtf-st-inner\">\n\t\t                    <span class=\"edgtf-st-subtitle\" style=\"font-size: 20px;margin-top: 13px\">\n                \u201cLa arquitectura debe ser un puente que acerca el ser humano a la naturaleza\u201d            <\/span>\n        \t\t\t<\/div>\n<\/div>[vc_column_text css=\u00bb\u00bb]<\/p>\n<h4>Trayectoria<\/h4>\n<p>El 28 de mayo de <strong>1978<\/strong>, nace en Ciudad Quesada, cant\u00f3n que marca su infancia, inculc\u00e1ndole el amor por la naturaleza.<\/p>\n<p>En el<strong> 2003 <\/strong>se grad\u00faa de la licenciatura en arquitectura de la Universidad LCI VERITAS y comienza su pasant\u00eda en el estudio de dise\u00f1o DARK Arkitekter, en Oslo, Noruega. Experiencia donde se nutre de la arquitectura n\u00f3rdica, su minimalismo y simetr\u00eda.<\/p>\n<p>Durante el<strong> 2006,<\/strong> la arquitecta Evangelina y su pareja el arquitecto Lucca Spendlingwimmer, fundan la oficina: Salagnac Arquitectos en Nosara, Costa Rica. Promoviendo una arquitectura tropical, innovadora, creativa y est\u00e9tica.<\/p>\n<p>Internacionalmente, ganan Premio Ganador del Jurado 2024, Categor\u00eda Casa Privada XL otorgado por Architizer, por el proyecto <u>Loma Sagrada<\/u>.<\/p>\n<p><strong>2024 <\/strong>arquitecta Evangelina y su pareja Lucca viajan a Chengdu, China, para representar a Costa Rica en la Gala de los A+Awards y recibir su premio del Jurado 2024, Categor\u00eda Casa Privada XL por su proyecto <u>Loma Sagrada<\/u>.<\/p>\n<p>Una oportunidad inigualable para compartir sus conocimientos con firmas internacionales de alto calibre.[\/vc_column_text][vc_empty_space height=\u00bb25px\u00bb][vc_tta_accordion active_section=\u00bb9&#8243; collapsible_all=\u00bbtrue\u00bb][vc_tta_section title=\u00bbInfancia y adolescencia\u00bb tab_id=\u00bb1752084668936-47b85c9c-f79c\u00bb][vc_column_text css=\u00bb\u00bb]La arquitecta Evangelina creci\u00f3 en Ciudad Quesada, donde tuvo una infancia marcada por el vasto paraje natural de la zona, esta con-penetrabilidad del d\u00eda a d\u00eda con la naturaleza le ense\u00f1\u00f3 a ver el mundo a trav\u00e9s del paisaje que la rodeaba.<\/p>\n<p>Las vivencias en comunidad tambi\u00e9n se reflejaron en su formaci\u00f3n temprana, la calidez y generosidad de las personas oriundas de la zona, al igual que la humildad que le inculco su familia, la ayudaron a desarrollar una personalidad autentica, segura y decidida, caracter\u00edsticas que se reflejan en su facilidad para la comunicaci\u00f3n fluida, directa y emp\u00e1tica, habilidad que hoy en d\u00eda utiliza con sus clientes.<\/p>\n<p>Evangelina se grad\u00faa de un Colegio Cient\u00edfico, por lo que, siguiendo este aprendizaje, entra a la carrera de Ciencias Agr\u00edcolas en la Universidad EARTH, pero r\u00e1pidamente se da cuenta que debe de seguir su sue\u00f1o de estudiar arquitectura. Adem\u00e1s, ten\u00eda muy claro que deseaba convertirse en madre, por lo que reconoci\u00f3 la necesidad de optar por una carrera m\u00e1s flexible, que le permitiera equilibrar la maternidad con las responsabilidades que esta implica, la posibilidad de balancear su vida laboral y personal.[\/vc_column_text][\/vc_tta_section][vc_tta_section title=\u00bbLecciones universitarias\u00bb tab_id=\u00bb1752084671274-a1df618b-c89f\u00bb][vc_column_text css=\u00bb\u00bb]En <strong>1996 <\/strong>comienza sus estudios en Arquitectura de la Universidad LCI Veritas, donde tuvo excelentes profesores que influyeron de manera significativa en su formaci\u00f3n profesional. Por ejemplo, el profesor Chepe Luis al inicio de sus estudios quien le ense\u00f1\u00f3 sobre est\u00e9tica, balance, proporciones. Al igual que el arquitecto Franz Beer, quien al final de sus talleres le inculco una creatividad matem\u00e1tica, el orden, balance, simetr\u00eda con gu\u00edas. Conocimientos que marcaron el desarrollo de su identidad arquitect\u00f3nica y hoy en d\u00eda se ven reflejados en sus dise\u00f1os y construcciones.[\/vc_column_text][\/vc_tta_section][vc_tta_section title=\u00bbGraduaci\u00f3n y pasant\u00eda\u00bb tab_id=\u00bb1752084685814-7296b2ef-7616&#8243;][vc_column_text css=\u00bb\u00bb]En <strong>2003<\/strong> se grad\u00faa de la Licenciatura en Arquitectura de la Universidad LCI VERITAS, y en ese mismo a\u00f1o se embarca en una aventura, para realizar una pasant\u00eda en el estudio DARK Arkitekter, en Oslo, Noruega.<\/p>\n<p>Este viaje le abre una nueva ventana de aprendizaje tanto cultural como arquitect\u00f3nico, ya que la arquitectura n\u00f3rdica va a impactar y nutrir su forma de dise\u00f1ar. Tomando sus principios minimalistas y sim\u00e9tricos, as\u00ed como el uso de estrategias pasivas bioclim\u00e1ticas para sobrellevar las temperaturas extremas y adaptarse a la limitada luz solar. Un dise\u00f1o que debe crear espacios funcionales y confortables, pero sin dejar de lado la relaci\u00f3n que se debe de crear entre el adentro y el afuera, buscando siempre una relaci\u00f3n directa con la naturaleza.<\/p>\n<p>En <strong>2005<\/strong> regresa a Costa Rica y trabaja de la mano de la arquitecta Katia Marten. Durante su tiempo en este estudio la arquitecta Evangelina profundiza el trabajo en equipo y disfruta aprender sobre las responsabilidades y cotidianidades de una oficina de arquitectura.[\/vc_column_text][\/vc_tta_section][vc_tta_section title=\u00bbPioneros en Nosara\u00bb tab_id=\u00bb1752084263067-f4307321-d1f8&#8243;][vc_column_text css=\u00bb\u00bb]En el <strong>2006<\/strong> la arquitecta Evangelina y su pareja Lucca Spendlingwimmer, fundan la firma Salagnac Arquitectos. Un hito profesional en su carrera, no solo por el hecho de comenzar un negocio propio, sino por la convicci\u00f3n rotunda de comenzar esta odisea, d\u00e1ndose su lugar como mujer arquitecta, que iba a ser due\u00f1a, jefa y socia igualitaria, siempre con una visi\u00f3n de 50\/50 con su pareja, demostrando sensatez y determinaci\u00f3n.<\/p>\n<p>Desde el 2006, la firma Salagnac Arquitectos ha crecido y creado m\u00faltiples proyectos, con diferentes escalas y prop\u00f3sitos, pero siempre promoviendo la m\u00e1xima integraci\u00f3n del edificio con el medio ambiente, utilizando estrategias de dise\u00f1o bioclim\u00e1tico y tecnolog\u00eda avanzada. Esta arquitectura innovadora integra, de manera creativa, el medio ambiente, la tecnolog\u00eda y la est\u00e9tica.\u00a0 (<a href=\"https:\/\/salagnacarquitectos.com\/studio\/\" target=\"_blank\" rel=\"noopener\">https:\/\/salagnacarquitectos.com\/studio\/<\/a>)[\/vc_column_text][\/vc_tta_section][vc_tta_section title=\u00bbMaternidad y Arquitectura\u00bb tab_id=\u00bb1752084198172-84b7d563-c359&#8243;][vc_column_text css=\u00bb\u00bb]La maternidad juega un papel crucial en la vida de la arquitecta Evangelina, quien dio a luz a dos hijas. Como a muchas profesionales, la maternidad implica la convergencia de responsabilidades profesionales, de cuido, domesticas y personales. Ella recuerda como muchos de sus proyectos los dise\u00f1aba o dibujaba sus planos constructivos mientras daba de amamantar. Tambi\u00e9n menciona como en ocasiones presentaciones art\u00edsticas de sus hijas en la escuela, coincid\u00edan con entregas de premios, y como con su pareja deb\u00edan de dividirse estas presentaciones.[\/vc_column_text][\/vc_tta_section][vc_tta_section title=\u00bbPremios Nacionales e Internacionales\u00bb tab_id=\u00bb1752084198193-af9222a4-cf03&#8243;][vc_column_text css=\u00bb\u00bb]En el <strong>2021<\/strong> Ganan el premio Primary &amp; High Schools de Architizer A+Awards y el premio Best Luxury Tropical Residential Architecture Firm, Costa Rica de M&amp;A Today Global Awards 2021.<\/p>\n<p>En el <strong>2022 <\/strong>su proyecto <u>Escuela Waldorf, Casa de las Estrellas <\/u>gana el Gran Premio Bienal, Premio Bienal Profesional Nacional y es el ganador de la categor\u00eda Dise\u00f1o Arquitect\u00f3nico Construido, adem\u00e1s gana el Premio Institucional EDUCO Categor\u00eda Profesional, en la Bienal Internacional de Arquitectura, 2022 del Colegio de Arquitectos de Costa Rica.<\/p>\n<p>Internacionalmente, la firma gana premios de la revista Architizer A+Awards en 3 categor\u00edas: Best Architecture and Spaces, Office-Low Rise, Best in Central &amp; South America y Special Mention Best Small Firm. Tambi\u00e9n obteniendo el premio Best Tropical Style Architecture Company, Costa Rica, de la revista BUILD.<\/p>\n<p>En el <strong>2023<\/strong> reciben el Premio Silver Winners &#8211; International Architecture &amp; Design Awards de la competencia Architecture and Design Community. (<a href=\"https:\/\/ad-c.org\/winner\/salagnac-arquitectos-design-studio\/\" target=\"_blank\" rel=\"noopener\">https:\/\/ad-c.org\/winner\/salagnac-arquitectos-design-studio\/<\/a>)<\/p>\n<p>En el <strong>2024<\/strong> durante la Bienal Internacional de Arquitectura, 2024 se premian los siguientes proyectos:<\/p>\n<ul>\n<li><u>Rise, Escuela Waldorf<\/u><u>:<\/u> Gran Premio Nacional y Premio Institucional Euroshield, Categor\u00eda Profesional.<\/li>\n<li><u>Perla Negra<\/u>: Premio Institucional Metalco, Categor\u00eda Profesional.<\/li>\n<li><u>Loma Sagrada<\/u>: Premio Institucional ICOMADERA, Categor\u00eda Profesional.<\/li>\n<\/ul>\n<p>Adem\u00e1s de ganar Premio Ganador del Jurado 2024, Categor\u00eda Casa Privada XL otorgado por Architizer, por el proyecto <u>Loma Sagrada<\/u>.<\/p>\n<p>Durante los a\u00f1os la firma ha acumulado publicaciones en libros como \u201cAcercamientos a lo Tropical\u201d, Volumen 2, del Museo de Arte y Dise\u00f1o Contempor\u00e1neo, Costa Rica. Y \u201cGreen Architecture for a Sustainable Future\u201d, de Caybtano Cardelus Vidal.<\/p>\n<p>As\u00ed como publicaciones en revistas digitales renombradas como Architizer, Archdaily, Plataforma Arquitectura, Designboom, Archello, Education Snapshots, Build Evironmental Channel, y Dezeen.[\/vc_column_text][\/vc_tta_section][vc_tta_section title=\u00bbRecibimiento del premio Architizer en China\u00bb tab_id=\u00bb1752084369550-7ab8bead-3ef4&#8243;][vc_column_text css=\u00bb\u00bb]En noviembre del <strong>2024<\/strong>, la arquitecta Evangelina y su pareja Lucca viajan, para representar a Costa Rica en la <u>Gala de los A+Awards en Chengdu, China<\/u>, donde recibieron su premio del Jurado 2024, Categor\u00eda Casa Privada XL por su proyecto <u>Loma Sagrada. <\/u>Donde compartieron escenario con firmas internacionales de alto calibre. Una oportunidad donde sacaron provecho para conocer profesionales en arquitectura, dise\u00f1o, desarrolladores e inversionistas para intercambiar ideas sobre la arquitectura actual y su futuro.[\/vc_column_text][\/vc_tta_section][\/vc_tta_accordion][vc_empty_space height=\u00bb25px\u00bb]<a itemprop=\"url\" href=\"#timeline\" target=\"_self\" style=\"color: #ffffff;background-color: #99324f\" class=\"edgtf-btn edgtf-btn-large edgtf-btn-solid edgtf-btn-icon\"  >\n    <span class=\"edgtf-btn-text\">CONOCER SU HISTORIA<\/span>\n    <i class=\"edgtf-icon-linea-icon icon-arrows-right \" ><\/i><\/a>[vc_empty_space height=\u00bb25px\u00bb][\/vc_column][\/vc_row][vc_row full_width=\u00bbstretch_row_content_no_spaces\u00bb][vc_column][vc_column_text]<span id=\"timeline\"><\/span>[\/vc_column_text][vc_column_text css=\u00bb\u00bb]\r\n<div class=\"container vertical-5 timeline-post-4307\" id=\"vertical-5\">\r\n\t<div class=\"timeline\">\r\n\t\t<div class=\"swiper-container\">\r\n\t\t\t<div class=\"swiper-wrapper\">\r\n\t\t\t\t\t\t\t\t<div class=\"swiper-slide\" style=\"background-image: url(http:\/\/cacrarquitectos.com\/arquitectas\/wp-content\/uploads\/2025\/02\/Evangelina-1.jpg\" data-year=\"2003\">\r\n\t\t\t\t\t<div class=\"swiper-slide-content\">\r\n\t\t\t\t\t\t<span class=\"timeline-year timeline-info\">2003<\/span>\r\n\t\t\t\t\t\t<h4 class=\"timeline-title\">Un horizonte ampliado<\/h4>\r\n\t\t\t\t\t\t<p class=\"timeline-text\">Tras graduarse, realiz\u00f3 su pasant\u00eda en Noruega, donde explor\u00f3 la arquitectura n\u00f3rdica y el dise\u00f1o sostenible, marcando su estilo.<\/p>\r\n\t\t\t\t\t<\/div>\r\n\t\t\t\t<\/div>\r\n\t\t\t\t\t\t\t\t<div class=\"swiper-slide\" style=\"background-image: url(http:\/\/cacrarquitectos.com\/arquitectas\/wp-content\/uploads\/2025\/02\/Evangelina-2.jpg\" data-year=\"2006\">\r\n\t\t\t\t\t<div class=\"swiper-slide-content\">\r\n\t\t\t\t\t\t<span class=\"timeline-year timeline-info\">2006<\/span>\r\n\t\t\t\t\t\t<h4 class=\"timeline-title\">Salagnac Arquitectos, arquitectura tropical innovadora<\/h4>\r\n\t\t\t\t\t\t<p class=\"timeline-text\">En 2006 cofund\u00f3 Salagnac Arquitectos, consolidando su apuesta por una arquitectura tropical en armon\u00eda con el entorno.<\/p>\r\n\t\t\t\t\t<\/div>\r\n\t\t\t\t<\/div>\r\n\t\t\t\t\t\t\t\t<div class=\"swiper-slide\" style=\"background-image: url(http:\/\/cacrarquitectos.com\/arquitectas\/wp-content\/uploads\/2025\/02\/Evangelina-3.jpg\" data-year=\"2022\">\r\n\t\t\t\t\t<div class=\"swiper-slide-content\">\r\n\t\t\t\t\t\t<span class=\"timeline-year timeline-info\">2022<\/span>\r\n\t\t\t\t\t\t<h4 class=\"timeline-title\">Dise\u00f1o educativo con impacto global<\/h4>\r\n\t\t\t\t\t\t<p class=\"timeline-text\">Proyectos como la Escuela Waldorf, Casa de las Estrellas le han valido reconocimientos nacionales e internacionales, incluyendo los Architizer A+Awards.<\/p>\r\n\t\t\t\t\t<\/div>\r\n\t\t\t\t<\/div>\r\n\t\t\t\t\t\t\t\t<div class=\"swiper-slide\" style=\"background-image: url(http:\/\/cacrarquitectos.com\/arquitectas\/wp-content\/uploads\/2025\/02\/Evangelina-4.jpg\" data-year=\"2024\">\r\n\t\t\t\t\t<div class=\"swiper-slide-content\">\r\n\t\t\t\t\t\t<span class=\"timeline-year timeline-info\">2024<\/span>\r\n\t\t\t\t\t\t<h4 class=\"timeline-title\">Bienal 2024, una cosecha de premios<\/h4>\r\n\t\t\t\t\t\t<p class=\"timeline-text\">Ese a\u00f1o obtuvo el Gran Premio Nacional por Rise, adem\u00e1s de reconocimientos para Perla Negra y Loma Sagrada.<\/p>\r\n\t\t\t\t\t<\/div>\r\n\t\t\t\t<\/div>\r\n\t\t\t\t\t\t\t\t<div class=\"swiper-slide\" style=\"background-image: url(http:\/\/cacrarquitectos.com\/arquitectas\/wp-content\/uploads\/2025\/02\/Evangelina-5.jpg\" data-year=\"2024\">\r\n\t\t\t\t\t<div class=\"swiper-slide-content\">\r\n\t\t\t\t\t\t<span class=\"timeline-year timeline-info\">2024<\/span>\r\n\t\t\t\t\t\t<h4 class=\"timeline-title\">Chengdu 2024, llevando la arquitectura costarricense al mundo<\/h4>\r\n\t\t\t\t\t\t<p class=\"timeline-text\">Evangelina y su pareja viajaron a China para representar a CR en la gala de los A+Awards y recibir el premio por Loma Sagrada, compartiendo su visi\u00f3n globalmente.<\/p>\r\n\t\t\t\t\t<\/div>\r\n\t\t\t\t<\/div>\r\n\t\t\t\t\t\t\t<\/div>\r\n\t\t\t<div class=\"swiper-button-prev\"><\/div>\r\n\t\t\t<div class=\"swiper-button-next\"><\/div>\r\n\t\t\t<div class=\"swiper-pagination\"><\/div>\r\n\t\t<\/div>\r\n\t<\/div>\r\n<\/div>\r\n\r\n\r\n<script>\r\n(function ($) {\r\n\t'use strict';\r\n\r\n\t$(document).ready(function() {\r\n\t\tvar teamSwiper = new Swiper ('.vertical-5 .timeline .swiper-container', {\r\n\t\t  \tloop: false,\r\n\t\t  \tspeed: 1600,\r\n\t\t  \tpagination: {\r\n\t\t        el: '.swiper-pagination',\r\n\t\t        clickable: true,\r\n\t\t        renderBullet: function (index, className) {\r\n\t\t        \tconsole.log(index);\r\n\t    \t\t\tvar year = document.querySelectorAll('.swiper-slide')[index].getAttribute('data-year');\r\n\t\t          \treturn '<span class=\"' + className + '\">' + year + '<\/span>';\r\n\r\n\t\t        },\r\n\t\t      },\r\n\t\t  \tpaginationClickable: true,\r\n\t\t     navigation: {\r\n\t\t        nextEl: '.swiper-button-next',\r\n\t\t        prevEl: '.swiper-button-prev',\r\n\t\t      },\r\n\t\t  \tbreakpoints: {\r\n\t\t    \t768: {\r\n\t\t      \tdirection: 'horizontal',\r\n\t\t    \t},\r\n\t\t\t\t1024: {\r\n\t\t\t      direction: 'vertical',\r\n\t\t\t    }\r\n\t\t  \t}\r\n\t\t});\r\n\t});\r\n})( jQuery );\r\n<\/script>[\/vc_column_text][\/vc_column][\/vc_row]<\/p>\n<\/div>","protected":false},"excerpt":{"rendered":"<p>[vc_row][vc_column][vc_empty_space height=\u00bb100px\u00bb][\/vc_column][\/vc_row][vc_row css=\u00bb.vc_custom_1752084490627{background-position: center !important;background-repeat: no-repeat !important;background-size: cover !important;}\u00bb][vc_column width=\u00bb1\/4&#8243;][vc_single_image image=\u00bb4333&#8243; img_size=\u00bbfull\u00bb css=\u00bb.vc_custom_1752074446101{padding-top: 30px !important;padding-right: 30px !important;padding-bottom: 30px !important;padding-left: 30px !important;}\u00bb el_class=\u00bbarquitectas\u00bb][vc_column_text css=\u00bb\u00bb]Nombre completo: Evangelina Quesada Corrales Fecha y lugar de nacimiento: 28 de mayo de 1978, Ciudad Quesada, San Carlos, Alajuela. A\u00f1o y casa de estudio: Periodo de estudio 1996 \u2013 2003, Graduada de la licenciatura en arquitectura de la Universidad LCI VERITAS. [\/vc_column_text][vc_empty_space height=\u00bb25px\u00bb][vc_column_text css=\u00bb\u00bb]Consultor\u00eda, Dise\u00f1o y Construcci\u00f3n[\/vc_column_text][\/vc_column][vc_column width=\u00bb3\/4&#8243;][vc_column_text css=\u00bb\u00bb] Trayectoria El 28 de mayo de 1978, nace en Ciudad Quesada, cant\u00f3n que marca su infancia, inculc\u00e1ndole el amor por la naturaleza. En el 2003 se grad\u00faa de la licenciatura en arquitectura de la Universidad LCI VERITAS y comienza su pasant\u00eda en el estudio de dise\u00f1o DARK Arkitekter, en Oslo, Noruega. Experiencia donde se nutre de la arquitectura n\u00f3rdica, su minimalismo y simetr\u00eda. Durante el 2006, la arquitecta Evangelina y su pareja el arquitecto Lucca Spendlingwimmer, fundan la oficina: Salagnac Arquitectos en Nosara, Costa Rica. Promoviendo una arquitectura tropical, innovadora, creativa y est\u00e9tica. Internacionalmente, ganan Premio Ganador del Jurado 2024, Categor\u00eda Casa Privada XL otorgado por Architizer, por el proyecto Loma Sagrada. 2024 arquitecta Evangelina y su pareja Lucca viajan a Chengdu, China, para representar a Costa Rica [&hellip;]<\/p>\n","protected":false},"author":1,"featured_media":0,"parent":0,"menu_order":0,"comment_status":"closed","ping_status":"closed","template":"","meta":{"footnotes":""},"class_list":["post-4301","page","type-page","status-publish","hentry"],"aioseo_notices":[],"_links":{"self":[{"href":"http:\/\/cacrarquitectos.com\/arquitectas\/wp-json\/wp\/v2\/pages\/4301","targetHints":{"allow":["GET"]}}],"collection":[{"href":"http:\/\/cacrarquitectos.com\/arquitectas\/wp-json\/wp\/v2\/pages"}],"about":[{"href":"http:\/\/cacrarquitectos.com\/arquitectas\/wp-json\/wp\/v2\/types\/page"}],"author":[{"embeddable":true,"href":"http:\/\/cacrarquitectos.com\/arquitectas\/wp-json\/wp\/v2\/users\/1"}],"replies":[{"embeddable":true,"href":"http:\/\/cacrarquitectos.com\/arquitectas\/wp-json\/wp\/v2\/comments?post=4301"}],"version-history":[{"count":21,"href":"http:\/\/cacrarquitectos.com\/arquitectas\/wp-json\/wp\/v2\/pages\/4301\/revisions"}],"predecessor-version":[{"id":4665,"href":"http:\/\/cacrarquitectos.com\/arquitectas\/wp-json\/wp\/v2\/pages\/4301\/revisions\/4665"}],"wp:attachment":[{"href":"http:\/\/cacrarquitectos.com\/arquitectas\/wp-json\/wp\/v2\/media?parent=4301"}],"curies":[{"name":"wp","href":"https:\/\/api.w.org\/{rel}","templated":true}]}}