{"id":4298,"date":"2025-03-05T15:53:47","date_gmt":"2025-03-05T21:53:47","guid":{"rendered":"http:\/\/cacrarquitectos.com\/arquitectas\/?page_id=4298"},"modified":"2025-07-09T10:04:13","modified_gmt":"2025-07-09T16:04:13","slug":"arq-vanessa-duran-sanabria","status":"publish","type":"page","link":"http:\/\/cacrarquitectos.com\/arquitectas\/arq-vanessa-duran-sanabria\/","title":{"rendered":"Arq. Vanessa Dur\u00e1n Sanabria"},"content":{"rendered":"<div class=\"wpb-content-wrapper\"><p>[vc_row][vc_column][vc_empty_space height=\u00bb100px\u00bb][\/vc_column][\/vc_row][vc_row full_height=\u00bbyes\u00bb css=\u00bb.vc_custom_1708094454228{background-position: center !important;background-repeat: no-repeat !important;background-size: cover !important;}\u00bb][vc_column width=\u00bb1\/4&#8243;][vc_single_image image=\u00bb4340&#8243; img_size=\u00bbfull\u00bb css=\u00bb.vc_custom_1752077050775{padding-top: 30px !important;padding-right: 30px !important;padding-bottom: 30px !important;padding-left: 30px !important;}\u00bb el_class=\u00bbarquitectas\u00bb][vc_column_text css=\u00bb\u00bb]<\/p>\n<p class=\"p2\"><b>Nombre completo: <\/b>Vanessa Dur\u00e1n Sanabria<span class=\"Apple-converted-space\">\u00a0<\/span><\/p>\n<p class=\"p2\"><b>Fecha y lugar de nacimiento: <\/b>Naci\u00f3 el 9 de noviembre de 1981 en Nicoya, Guanacaste<span class=\"Apple-converted-space\">\u00a0<\/span><\/p>\n<p class=\"p2\"><b>A\u00f1o y casa de estudio: <\/b>Graduada de la licenciatura en arquitectura de la Universidad de Costa Rica en el 2006, de la Maestr\u00eda en Vivienda de la Universidad Polit\u00e9cnica de Catalu\u00f1a, en Barcelona Espa\u00f1a con la tesina \u201cCasas Refugio para Mujeres V\u00edctimas de Violencia Intrafamiliar: un complejo sistema de comunidad e intimidad\u201d<span class=\"Apple-converted-space\">\u00a0<\/span><\/p>\n<p>[\/vc_column_text][vc_empty_space height=\u00bb25px\u00bb]<div class=\"edgtf-section-title-holder  edgtf-st-standard edgtf-st-title-left edgtf-st-normal-space  edgtf-st-title-underscore   edgtf-st-appear-fx\" >\n\t<div class=\"edgtf-st-inner\">\n\t\t\t\t\t<h3 class=\"edgtf-st-title\" >\n\t\t\t\t<span class=\"edgtf-st-title-inner\">\u00c1reas de Aporte<\/span>\n\t\t\t<\/h3>\n\t\t        \t\t\t<\/div>\n<\/div>[vc_column_text css=\u00bb\u00bb]<a href=\"http:\/\/cacrarquitectos.com\/arquitectas\/consultoria-diseno-y-construccion\/\"><strong>Consultor\u00eda, Dise\u00f1o y Construcci\u00f3n<\/strong><\/a><\/p>\n<p><a href=\"http:\/\/cacrarquitectos.com\/arquitectas\/docencia-e-investigacion\/\"><strong>Docencia e Investigaci\u00f3n<\/strong><\/a>[\/vc_column_text][\/vc_column][vc_column width=\u00bb3\/4&#8243;]<h2 class=\"edgtf-custom-font-holder  edgtf-cf-6994 edgtf-cf-has-type-out \" style=\"font-size: 40px;line-height: 40px\" data-item-class=\"edgtf-cf-6994\" data-font-size-680=\"50px\" data-line-height-680=\"50px\">\n\tArq. <span class=\"edgtf-cf-typed-wrap\" style=\"color: #f04d4b\"><span class=\"edgtf-cf-typed\"><span class=\"edgtf-cf-typed-1\">Vanessa Dur\u00e1n Sanabria<\/span><\/span><\/span><\/h2><div class=\"edgtf-section-title-holder  edgtf-st-standard edgtf-st-title-left edgtf-st-normal-space  edgtf-st-title-underscore   edgtf-st-appear-fx\" >\n\t<div class=\"edgtf-st-inner\">\n\t\t                    <span class=\"edgtf-st-subtitle\" style=\"font-size: 20px;margin-top: 13px\">\n                \u201cEs importante observar, analizar, conocer y viajar para entender mejor nuestro entorno y c\u00f3mo convivir con \u00e9l\u201d            <\/span>\n        \t\t\t<\/div>\n<\/div>[vc_column_text css=\u00bb\u00bb]<\/p>\n<p class=\"p2\"><b>Trayectoria:<span class=\"Apple-converted-space\">\u00a0<\/span><\/b><\/p>\n<p class=\"p2\">Vanessa Dur\u00e1n naci\u00f3 en Nicoya en 1981, donde pas\u00f3 sus primeros a\u00f1os, los cuales despertaron su amor por la naturaleza. El espacio dom\u00e9stico siempre fue algo que llam\u00f3 su atenci\u00f3n y la marc\u00f3, tiene muchos recuerdos de cuando estaba peque\u00f1a en la casa en Guanacaste, donde el l\u00edmite entre el exterior y el interior era difuso y la gente viv\u00eda en el corredor, ese espacio de transici\u00f3n, donde se pod\u00eda sentir el calor, los diluvios y luego el \u201cvaho\u201d que surg\u00eda en estos espacios de transici\u00f3n. Recuerda que los monos entraban a robar la comida y se acercaban culebras y sapos desde el r\u00edo que ten\u00edan a la par. Su familia luego se mud\u00f3 a Moravia, donde asisti\u00f3 a escuela p\u00fablica y colegio privado, lo que le proporcion\u00f3 una comprensi\u00f3n profunda de las diversas realidades sociales en Costa Rica.<span class=\"Apple-converted-space\">\u00a0<\/span><\/p>\n<p class=\"p2\">Estudi\u00f3 arquitectura en la UCR de 1999 a 2006, y encontr\u00f3 inspiraci\u00f3n en profesores como Jacqueline, Do\u00f1a Gloria y Daniel Morgan. Simult\u00e1neamente, persigui\u00f3 su pasi\u00f3n por la m\u00fasica, estudiando viol\u00edn desde los 5 a\u00f1os y tocando en orquestas incluso durante sus estudios de arquitectura.<span class=\"Apple-converted-space\">\u00a0<\/span><\/p>\n<p class=\"p2\">Despu\u00e9s de graduarse, se embarc\u00f3 en un viaje mochilero de cuatro meses por Sudam\u00e9rica. A su regreso a Costa Rica, trabaj\u00f3 en una empresa de dise\u00f1o durante un a\u00f1o antes de unirse a la firma de Rodrigo Carazo en el 2007. En 2008, se mud\u00f3 a Barcelona para cursar el m\u00e1ster, donde vivi\u00f3 durante tres a\u00f1os, ampliando sus horizontes y estableciendo amistades significativas.<span class=\"Apple-converted-space\">\u00a0<\/span><\/p>\n<p class=\"p2\">La falta de oportunidades laborales la llev\u00f3 de vuelta a Costa Rica en 2011, donde se reintegr\u00f3 a Carazo Arquitectura. En 2018, se convirti\u00f3 en socia de la firma y ha desempe\u00f1ado un papel fundamental en la administraci\u00f3n de varios proyectos notables, dentro de los cu\u00e1les sobresale el edificio Alma, ubicado en Barrio Escalante. A su vez, para llevar un balance con el trabajo, pr\u00e1ctica carreras en la monta\u00f1a , d\u00f3nde logra reconectar con la naturaleza y desconectar de las demandas de la acelerada vida diaria actual. Se cas\u00f3 en 2013 y tiene dos hijos, nacidos en 2015 y 2018. A lo largo de su carrera, ha equilibrado con \u00e9xito las demandas de su profesi\u00f3n con la maternidad.<span class=\"Apple-converted-space\">\u00a0<\/span><\/p>\n<p>[\/vc_column_text][vc_empty_space height=\u00bb25px\u00bb]<a itemprop=\"url\" href=\"#timeline\" target=\"_self\" style=\"color: #ffffff;background-color: #99324f\" class=\"edgtf-btn edgtf-btn-large edgtf-btn-solid edgtf-btn-icon\"  >\n    <span class=\"edgtf-btn-text\">CONOCER SU HISTORIA<\/span>\n    <i class=\"edgtf-icon-linea-icon icon-arrows-right \" ><\/i><\/a>[vc_empty_space height=\u00bb25px\u00bb][\/vc_column][\/vc_row][vc_row full_width=\u00bbstretch_row_content_no_spaces\u00bb][vc_column][vc_column_text]<span id=\"timeline\"><\/span>[\/vc_column_text][vc_column_text css=\u00bb\u00bb]\r\n<div class=\"container vertical-5 timeline-post-4260\" id=\"vertical-5\">\r\n\t<div class=\"timeline\">\r\n\t\t<div class=\"swiper-container\">\r\n\t\t\t<div class=\"swiper-wrapper\">\r\n\t\t\t\t\t\t\t\t<div class=\"swiper-slide\" style=\"background-image: url(http:\/\/cacrarquitectos.com\/arquitectas\/wp-content\/uploads\/2025\/02\/Vanesa-1.jpg\" data-year=\"-\">\r\n\t\t\t\t\t<div class=\"swiper-slide-content\">\r\n\t\t\t\t\t\t<span class=\"timeline-year timeline-info\">-<\/span>\r\n\t\t\t\t\t\t<h4 class=\"timeline-title\">Infancia en la ruralidad, el ed\u00e9n de los primeros aprendizajes<\/h4>\r\n\t\t\t\t\t\t<p class=\"timeline-text\">Descubre en la naturaleza y el entorno su primer lenguaje, marcando el inicio de una sensibilidad espacial y su dedicaci\u00f3n al \u201ctrail\u201d (carrera de senderos).<\/p>\r\n\t\t\t\t\t<\/div>\r\n\t\t\t\t<\/div>\r\n\t\t\t\t\t\t\t\t<div class=\"swiper-slide\" style=\"background-image: url(http:\/\/cacrarquitectos.com\/arquitectas\/wp-content\/uploads\/2025\/02\/Vanesa-2.jpg\" data-year=\"-\">\r\n\t\t\t\t\t<div class=\"swiper-slide-content\">\r\n\t\t\t\t\t\t<span class=\"timeline-year timeline-info\">-<\/span>\r\n\t\t\t\t\t\t<h4 class=\"timeline-title\">De lo rural a lo urbano<\/h4>\r\n\t\t\t\t\t\t<p class=\"timeline-text\">Educaciones diversas le permitieron comprender distintas realidades sociales en Costa Rica.\r\n<\/p>\r\n\t\t\t\t\t<\/div>\r\n\t\t\t\t<\/div>\r\n\t\t\t\t\t\t\t\t<div class=\"swiper-slide\" style=\"background-image: url(http:\/\/cacrarquitectos.com\/arquitectas\/wp-content\/uploads\/2025\/02\/Vanesa-3.jpg\" data-year=\"-\">\r\n\t\t\t\t\t<div class=\"swiper-slide-content\">\r\n\t\t\t\t\t\t<span class=\"timeline-year timeline-info\">-<\/span>\r\n\t\t\t\t\t\t<h4 class=\"timeline-title\">Armonizando pasiones<\/h4>\r\n\t\t\t\t\t\t<p class=\"timeline-text\">La m\u00fasica le ense\u00f1\u00f3 a escuchar el silencio; la arquitectura, a construir sue\u00f1os.<\/p>\r\n\t\t\t\t\t<\/div>\r\n\t\t\t\t<\/div>\r\n\t\t\t\t\t\t\t\t<div class=\"swiper-slide\" style=\"background-image: url(http:\/\/cacrarquitectos.com\/arquitectas\/wp-content\/uploads\/2025\/02\/Vanesa-4.jpg\" data-year=\"-\">\r\n\t\t\t\t\t<div class=\"swiper-slide-content\">\r\n\t\t\t\t\t\t<span class=\"timeline-year timeline-info\">-<\/span>\r\n\t\t\t\t\t\t<h4 class=\"timeline-title\">Barcelona y la academia, un viaje de transformaci\u00f3n<\/h4>\r\n\t\t\t\t\t\t<p class=\"timeline-text\">Su tesis sobre refugios para mujeres fue un manifiesto de esperanza y justicia; inicio de su pasi\u00f3n por la academia combinada con su ejercicio profesional.\r\n<\/p>\r\n\t\t\t\t\t<\/div>\r\n\t\t\t\t<\/div>\r\n\t\t\t\t\t\t\t\t<div class=\"swiper-slide\" style=\"background-image: url(http:\/\/cacrarquitectos.com\/arquitectas\/wp-content\/uploads\/2025\/02\/Vanesa-5.jpg\" data-year=\"Actualidad\">\r\n\t\t\t\t\t<div class=\"swiper-slide-content\">\r\n\t\t\t\t\t\t<span class=\"timeline-year timeline-info\">Actualidad<\/span>\r\n\t\t\t\t\t\t<h4 class=\"timeline-title\">Socia de Carazo Arquitectura, construyendo legado<\/h4>\r\n\t\t\t\t\t\t<p class=\"timeline-text\">M\u00e1s que edificios, edifica su propio camino como una de las pocas l\u00edderes en el \u00e1mbito arquitect\u00f3nico.<\/p>\r\n\t\t\t\t\t<\/div>\r\n\t\t\t\t<\/div>\r\n\t\t\t\t\t\t\t<\/div>\r\n\t\t\t<div class=\"swiper-button-prev\"><\/div>\r\n\t\t\t<div class=\"swiper-button-next\"><\/div>\r\n\t\t\t<div class=\"swiper-pagination\"><\/div>\r\n\t\t<\/div>\r\n\t<\/div>\r\n<\/div>\r\n\r\n\r\n<script>\r\n(function ($) {\r\n\t'use strict';\r\n\r\n\t$(document).ready(function() {\r\n\t\tvar teamSwiper = new Swiper ('.vertical-5 .timeline .swiper-container', {\r\n\t\t  \tloop: false,\r\n\t\t  \tspeed: 1600,\r\n\t\t  \tpagination: {\r\n\t\t        el: '.swiper-pagination',\r\n\t\t        clickable: true,\r\n\t\t        renderBullet: function (index, className) {\r\n\t\t        \tconsole.log(index);\r\n\t    \t\t\tvar year = document.querySelectorAll('.swiper-slide')[index].getAttribute('data-year');\r\n\t\t          \treturn '<span class=\"' + className + '\">' + year + '<\/span>';\r\n\r\n\t\t        },\r\n\t\t      },\r\n\t\t  \tpaginationClickable: true,\r\n\t\t     navigation: {\r\n\t\t        nextEl: '.swiper-button-next',\r\n\t\t        prevEl: '.swiper-button-prev',\r\n\t\t      },\r\n\t\t  \tbreakpoints: {\r\n\t\t    \t768: {\r\n\t\t      \tdirection: 'horizontal',\r\n\t\t    \t},\r\n\t\t\t\t1024: {\r\n\t\t\t      direction: 'vertical',\r\n\t\t\t    }\r\n\t\t  \t}\r\n\t\t});\r\n\t});\r\n})( jQuery );\r\n<\/script>[\/vc_column_text][\/vc_column][\/vc_row]<\/p>\n<\/div>","protected":false},"excerpt":{"rendered":"<p>[vc_row][vc_column][vc_empty_space height=\u00bb100px\u00bb][\/vc_column][\/vc_row][vc_row full_height=\u00bbyes\u00bb css=\u00bb.vc_custom_1708094454228{background-position: center !important;background-repeat: no-repeat !important;background-size: cover !important;}\u00bb][vc_column width=\u00bb1\/4&#8243;][vc_single_image image=\u00bb4340&#8243; img_size=\u00bbfull\u00bb css=\u00bb.vc_custom_1752077050775{padding-top: 30px !important;padding-right: 30px !important;padding-bottom: 30px !important;padding-left: 30px !important;}\u00bb el_class=\u00bbarquitectas\u00bb][vc_column_text css=\u00bb\u00bb] Nombre completo: Vanessa Dur\u00e1n Sanabria\u00a0 Fecha y lugar de nacimiento: Naci\u00f3 el 9 de noviembre de 1981 en Nicoya, Guanacaste\u00a0 A\u00f1o y casa de estudio: Graduada de la licenciatura en arquitectura de la Universidad de Costa Rica en el 2006, de la Maestr\u00eda en Vivienda de la Universidad Polit\u00e9cnica de Catalu\u00f1a, en Barcelona Espa\u00f1a con la tesina \u201cCasas Refugio para Mujeres V\u00edctimas de Violencia Intrafamiliar: un complejo sistema de comunidad e intimidad\u201d\u00a0 [\/vc_column_text][vc_empty_space height=\u00bb25px\u00bb][vc_column_text css=\u00bb\u00bb]Consultor\u00eda, Dise\u00f1o y Construcci\u00f3n Docencia e Investigaci\u00f3n[\/vc_column_text][\/vc_column][vc_column width=\u00bb3\/4&#8243;][vc_column_text css=\u00bb\u00bb] Trayectoria:\u00a0 Vanessa Dur\u00e1n naci\u00f3 en Nicoya en 1981, donde pas\u00f3 sus primeros a\u00f1os, los cuales despertaron su amor por la naturaleza. El espacio dom\u00e9stico siempre fue algo que llam\u00f3 su atenci\u00f3n y la marc\u00f3, tiene muchos recuerdos de cuando estaba peque\u00f1a en la casa en Guanacaste, donde el l\u00edmite entre el exterior y el interior era difuso y la gente viv\u00eda en el corredor, ese espacio de transici\u00f3n, donde se pod\u00eda sentir el calor, los diluvios y luego el \u201cvaho\u201d que surg\u00eda en estos espacios de transici\u00f3n. Recuerda que los monos entraban a [&hellip;]<\/p>\n","protected":false},"author":1,"featured_media":0,"parent":0,"menu_order":0,"comment_status":"closed","ping_status":"closed","template":"","meta":{"footnotes":""},"class_list":["post-4298","page","type-page","status-publish","hentry"],"aioseo_notices":[],"_links":{"self":[{"href":"http:\/\/cacrarquitectos.com\/arquitectas\/wp-json\/wp\/v2\/pages\/4298","targetHints":{"allow":["GET"]}}],"collection":[{"href":"http:\/\/cacrarquitectos.com\/arquitectas\/wp-json\/wp\/v2\/pages"}],"about":[{"href":"http:\/\/cacrarquitectos.com\/arquitectas\/wp-json\/wp\/v2\/types\/page"}],"author":[{"embeddable":true,"href":"http:\/\/cacrarquitectos.com\/arquitectas\/wp-json\/wp\/v2\/users\/1"}],"replies":[{"embeddable":true,"href":"http:\/\/cacrarquitectos.com\/arquitectas\/wp-json\/wp\/v2\/comments?post=4298"}],"version-history":[{"count":9,"href":"http:\/\/cacrarquitectos.com\/arquitectas\/wp-json\/wp\/v2\/pages\/4298\/revisions"}],"predecessor-version":[{"id":4631,"href":"http:\/\/cacrarquitectos.com\/arquitectas\/wp-json\/wp\/v2\/pages\/4298\/revisions\/4631"}],"wp:attachment":[{"href":"http:\/\/cacrarquitectos.com\/arquitectas\/wp-json\/wp\/v2\/media?parent=4298"}],"curies":[{"name":"wp","href":"https:\/\/api.w.org\/{rel}","templated":true}]}}