{"id":4281,"date":"2025-03-05T15:53:36","date_gmt":"2025-03-05T21:53:36","guid":{"rendered":"http:\/\/cacrarquitectos.com\/arquitectas\/?page_id=4281"},"modified":"2025-07-09T14:04:15","modified_gmt":"2025-07-09T20:04:15","slug":"arq-monica-rojas-lorz","status":"publish","type":"page","link":"http:\/\/cacrarquitectos.com\/arquitectas\/arq-monica-rojas-lorz\/","title":{"rendered":"Arq. M\u00f3nica Rojas Lorz"},"content":{"rendered":"<div class=\"wpb-content-wrapper\"><p>[vc_row][vc_column][vc_empty_space height=\u00bb100px\u00bb][\/vc_column][\/vc_row][vc_row css=\u00bb.vc_custom_1752091259407{background-position: center !important;background-repeat: no-repeat !important;background-size: cover !important;}\u00bb][vc_column width=\u00bb1\/4&#8243;][vc_single_image image=\u00bb4338&#8243; img_size=\u00bbfull\u00bb alignment=\u00bbcenter\u00bb css=\u00bb.vc_custom_1740494589794{padding-top: 30px !important;padding-right: 30px !important;padding-bottom: 30px !important;padding-left: 30px !important;}\u00bb el_class=\u00bbarquitectas\u00bb][vc_column_text css=\u00bb\u00bb]<strong>Nombre Completo:<\/strong> M\u00f3nica Rojas Lorz<\/p>\n<p><strong>Fecha y lugar de nacimiento: <\/strong>20 de setiembre de 1984 en San Jos\u00e9, Costa Rica<\/p>\n<p><strong>A\u00f1o y casa de estudio: <\/strong>Graduada de la licenciatura en arquitectura de la UCR en el 2013, de la maestr\u00eda Dise\u00f1o Urbano, arte ciudad y sociedad en la Universidad de Barcelona, Espa\u00f1a en el 2020.[\/vc_column_text][vc_empty_space height=\u00bb25px\u00bb]<div class=\"edgtf-section-title-holder  edgtf-st-standard edgtf-st-title-left edgtf-st-normal-space  edgtf-st-title-underscore   edgtf-st-appear-fx\" >\n\t<div class=\"edgtf-st-inner\">\n\t\t\t\t\t<h3 class=\"edgtf-st-title\" >\n\t\t\t\t<span class=\"edgtf-st-title-inner\">\u00c1reas de Aporte<\/span>\n\t\t\t<\/h3>\n\t\t        \t\t\t<\/div>\n<\/div>[vc_column_text css=\u00bb\u00bb]<a href=\"http:\/\/cacrarquitectos.com\/arquitectas\/urbanismo-y-espacio-publico\/\"><strong>Urbanismo, Territorio y Espacio P\u00fablico<\/strong><\/a><\/p>\n<p><a href=\"http:\/\/cacrarquitectos.com\/arquitectas\/participacion-gremial-e-institucional\/\"><strong>Participaci\u00f3n Gremial e Institucional<\/strong><\/a>[\/vc_column_text][\/vc_column][vc_column width=\u00bb3\/4&#8243;]<h2 class=\"edgtf-custom-font-holder  edgtf-cf-7341 edgtf-cf-has-type-out \" style=\"font-size: 40px;line-height: 40px\" data-item-class=\"edgtf-cf-7341\" data-font-size-680=\"50px\" data-line-height-680=\"50px\">\n\tArq. <span class=\"edgtf-cf-typed-wrap\" style=\"color: #f04d4b\"><span class=\"edgtf-cf-typed\"><span class=\"edgtf-cf-typed-1\">M\u00f3nica Rojas Lorz<\/span><\/span><\/span><\/h2><div class=\"edgtf-section-title-holder  edgtf-st-standard edgtf-st-title-left edgtf-st-normal-space  edgtf-st-title-underscore   edgtf-st-appear-fx\" >\n\t<div class=\"edgtf-st-inner\">\n\t\t                    <span class=\"edgtf-st-subtitle\" style=\"font-size: 20px;margin-top: 13px\">\n                \u201cQuiero hacer ciudad\u201d            <\/span>\n        \t\t\t<\/div>\n<\/div>[vc_column_text css=\u00bb\u00bb]Desde su ni\u00f1ez, sus padres fomentaron su creatividad. Estudi\u00f3 en el Colegio Castella, donde se especializ\u00f3 en pintura, lo que la motiv\u00f3 a elegir una carrera relacionada con el \u00e1mbito creativo.<\/p>\n<p>En 2003 ingres\u00f3 a la carrera de Arquitectura en la Universidad de Costa Rica, mientras simult\u00e1neamente cursaba estudios en Artes Pl\u00e1sticas. En 2013 concluy\u00f3 su formaci\u00f3n de pregrado, definiendo su enfoque profesional bajo la premisa:<em> \u201cQuiero hacer ciudad\u201d.<\/em><\/p>\n<p>Tras ejercer en el \u00e1mbito privado, en 2017 encontr\u00f3 una maestr\u00eda que un\u00eda lo urbano con lo social:<strong> Maestr\u00eda en Dise\u00f1o Urbano, arte ciudad y sociedad<\/strong>, en la Universidad de Barcelona, Espa\u00f1a. A partir de lo cual decidi\u00f3 cursar este posgrado, durante este periodo, tambi\u00e9n despert\u00f3 su inter\u00e9s por el feminismo y los estudios de g\u00e9nero.<\/p>\n<p>Uno de sus sue\u00f1os siempre fue contribuir profesionalmente al desarrollo de la capital. Al respecto, expres\u00f3: <em>\u201cSiempre quise trabajar en la Municipalidad. Soy de Tib\u00e1s y siempre quise hacer algo por San Jos\u00e9; llegar a la Municipalidad fue mi sue\u00f1o\u201d<\/em>.<\/p>\n<p>Desde su regreso a Costa Rica 2020 trabaja en la Municipalidad de San Jos\u00e9, en la Direcci\u00f3n de Desarrollo Urbano. All\u00ed coordin\u00f3 el proyecto <strong>mUEve<\/strong>, que marc\u00f3 un hito al conformar el primer equipo t\u00e9cnico de mujeres en colaboraci\u00f3n con la Oficina de G\u00e9nero de la Municipalidad de San Jos\u00e9.<\/p>\n<p>Ha impartido capacitaciones en temas urbanos y sensibilizaci\u00f3n sobre movilidad activa y g\u00e9nero a diversas municipalidades del pa\u00eds. Ha desarrollado herramientas para ni\u00f1ez y j\u00f3venes, donde por medio de talleres participativos expresan sus necesidades urbanas, integrando su sensibilidad art\u00edstica en la gesti\u00f3n de espacios en los gobiernos locales. Adem\u00e1s, de intervenciones de urbanismo t\u00e1ctico en las comunidades para rescatar espacios para la convivencia.[\/vc_column_text][vc_empty_space height=\u00bb25px\u00bb]<a itemprop=\"url\" href=\"#timeline\" target=\"_self\" style=\"color: #ffffff;background-color: #99324f\" class=\"edgtf-btn edgtf-btn-large edgtf-btn-solid edgtf-btn-icon\"  >\n    <span class=\"edgtf-btn-text\">CONOCER SU HISTORIA<\/span>\n    <i class=\"edgtf-icon-linea-icon icon-arrows-right \" ><\/i><\/a>[\/vc_column][\/vc_row][vc_row full_width=\u00bbstretch_row_content_no_spaces\u00bb][vc_column][vc_column_text css=\u00bb\u00bb]\r\n<div class=\"container vertical-5 timeline-post-4254\" id=\"vertical-5\">\r\n\t<div class=\"timeline\">\r\n\t\t<div class=\"swiper-container\">\r\n\t\t\t<div class=\"swiper-wrapper\">\r\n\t\t\t\t\t\t\t\t<div class=\"swiper-slide\" style=\"background-image: url(http:\/\/cacrarquitectos.com\/arquitectas\/wp-content\/uploads\/2025\/02\/Monica-1.jpg\" data-year=\"1994\">\r\n\t\t\t\t\t<div class=\"swiper-slide-content\">\r\n\t\t\t\t\t\t<span class=\"timeline-year timeline-info\">1994<\/span>\r\n\t\t\t\t\t\t<h4 class=\"timeline-title\">Infancia creativa, el lienzo de una vocaci\u00f3n<\/h4>\r\n\t\t\t\t\t\t<p class=\"timeline-text\">Desde ni\u00f1a, M\u00f3nica fue una exploradora del color y la forma, gracias al est\u00edmulo de sus padres y su paso por el Colegio Castella.<\/p>\r\n\t\t\t\t\t<\/div>\r\n\t\t\t\t<\/div>\r\n\t\t\t\t\t\t\t\t<div class=\"swiper-slide\" style=\"background-image: url(http:\/\/cacrarquitectos.com\/arquitectas\/wp-content\/uploads\/2025\/02\/Monica-2.jpg\" data-year=\"2003\">\r\n\t\t\t\t\t<div class=\"swiper-slide-content\">\r\n\t\t\t\t\t\t<span class=\"timeline-year timeline-info\">2003<\/span>\r\n\t\t\t\t\t\t<h4 class=\"timeline-title\">UCR, donde la arquitectura se fusiona con el arte<\/h4>\r\n\t\t\t\t\t\t<p class=\"timeline-text\"><\/p>\r\n\t\t\t\t\t<\/div>\r\n\t\t\t\t<\/div>\r\n\t\t\t\t\t\t\t\t<div class=\"swiper-slide\" style=\"background-image: url(http:\/\/cacrarquitectos.com\/arquitectas\/wp-content\/uploads\/2025\/02\/Monica-3.jpg\" data-year=\"2017\">\r\n\t\t\t\t\t<div class=\"swiper-slide-content\">\r\n\t\t\t\t\t\t<span class=\"timeline-year timeline-info\">2017<\/span>\r\n\t\t\t\t\t\t<h4 class=\"timeline-title\">Maestr\u00eda en Barcelona, el despertar urbano y social<\/h4>\r\n\t\t\t\t\t\t<p class=\"timeline-text\">Descubri\u00f3 su voz feminista y su inter\u00e9s por los estudios de g\u00e9nero.<\/p>\r\n\t\t\t\t\t<\/div>\r\n\t\t\t\t<\/div>\r\n\t\t\t\t\t\t\t\t<div class=\"swiper-slide\" style=\"background-image: url(http:\/\/cacrarquitectos.com\/arquitectas\/wp-content\/uploads\/2025\/02\/Monica-4.jpg\" data-year=\"2020\">\r\n\t\t\t\t\t<div class=\"swiper-slide-content\">\r\n\t\t\t\t\t\t<span class=\"timeline-year timeline-info\">2020<\/span>\r\n\t\t\t\t\t\t<h4 class=\"timeline-title\">Municipalidad de San Jos\u00e9, el sue\u00f1o de transformar la capital <\/h4>\r\n\t\t\t\t\t\t<p class=\"timeline-text\">Desde la Direcci\u00f3n de Desarrollo Urbano, M\u00f3nica ha luchado por hacer de la capital un lugar m\u00e1s vivible y justo.<\/p>\r\n\t\t\t\t\t<\/div>\r\n\t\t\t\t<\/div>\r\n\t\t\t\t\t\t\t\t<div class=\"swiper-slide\" style=\"background-image: url(http:\/\/cacrarquitectos.com\/arquitectas\/wp-content\/uploads\/2025\/02\/Monica-5.jpg\" data-year=\"Actualidad\">\r\n\t\t\t\t\t<div class=\"swiper-slide-content\">\r\n\t\t\t\t\t\t<span class=\"timeline-year timeline-info\">Actualidad<\/span>\r\n\t\t\t\t\t\t<h4 class=\"timeline-title\">mUEve y Talleres Participativos, sembrando semillas de cambio <\/h4>\r\n\t\t\t\t\t\t<p class=\"timeline-text\">Con mUEve, M\u00f3nica lider\u00f3 el primer equipo t\u00e9cnico de mujeres en la Municipalidad, un hito que abri\u00f3 puertas a la igualdad.<\/p>\r\n\t\t\t\t\t<\/div>\r\n\t\t\t\t<\/div>\r\n\t\t\t\t\t\t\t<\/div>\r\n\t\t\t<div class=\"swiper-button-prev\"><\/div>\r\n\t\t\t<div class=\"swiper-button-next\"><\/div>\r\n\t\t\t<div class=\"swiper-pagination\"><\/div>\r\n\t\t<\/div>\r\n\t<\/div>\r\n<\/div>\r\n\r\n\r\n<script>\r\n(function ($) {\r\n\t'use strict';\r\n\r\n\t$(document).ready(function() {\r\n\t\tvar teamSwiper = new Swiper ('.vertical-5 .timeline .swiper-container', {\r\n\t\t  \tloop: false,\r\n\t\t  \tspeed: 1600,\r\n\t\t  \tpagination: {\r\n\t\t        el: '.swiper-pagination',\r\n\t\t        clickable: true,\r\n\t\t        renderBullet: function (index, className) {\r\n\t\t        \tconsole.log(index);\r\n\t    \t\t\tvar year = document.querySelectorAll('.swiper-slide')[index].getAttribute('data-year');\r\n\t\t          \treturn '<span class=\"' + className + '\">' + year + '<\/span>';\r\n\r\n\t\t        },\r\n\t\t      },\r\n\t\t  \tpaginationClickable: true,\r\n\t\t     navigation: {\r\n\t\t        nextEl: '.swiper-button-next',\r\n\t\t        prevEl: '.swiper-button-prev',\r\n\t\t      },\r\n\t\t  \tbreakpoints: {\r\n\t\t    \t768: {\r\n\t\t      \tdirection: 'horizontal',\r\n\t\t    \t},\r\n\t\t\t\t1024: {\r\n\t\t\t      direction: 'vertical',\r\n\t\t\t    }\r\n\t\t  \t}\r\n\t\t});\r\n\t});\r\n})( jQuery );\r\n<\/script>[\/vc_column_text][vc_column_text]<span id=\"timeline\"><\/span>[\/vc_column_text][\/vc_column][\/vc_row]<\/p>\n<\/div>","protected":false},"excerpt":{"rendered":"<p>[vc_row][vc_column][vc_empty_space height=\u00bb100px\u00bb][\/vc_column][\/vc_row][vc_row css=\u00bb.vc_custom_1752091259407{background-position: center !important;background-repeat: no-repeat !important;background-size: cover !important;}\u00bb][vc_column width=\u00bb1\/4&#8243;][vc_single_image image=\u00bb4338&#8243; img_size=\u00bbfull\u00bb alignment=\u00bbcenter\u00bb css=\u00bb.vc_custom_1740494589794{padding-top: 30px !important;padding-right: 30px !important;padding-bottom: 30px !important;padding-left: 30px !important;}\u00bb el_class=\u00bbarquitectas\u00bb][vc_column_text css=\u00bb\u00bb]Nombre Completo: M\u00f3nica Rojas Lorz Fecha y lugar de nacimiento: 20 de setiembre de 1984 en San Jos\u00e9, Costa Rica A\u00f1o y casa de estudio: Graduada de la licenciatura en arquitectura de la UCR en el 2013, de la maestr\u00eda Dise\u00f1o Urbano, arte ciudad y sociedad en la Universidad de Barcelona, Espa\u00f1a en el 2020.[\/vc_column_text][vc_empty_space height=\u00bb25px\u00bb][vc_column_text css=\u00bb\u00bb]Urbanismo, Territorio y Espacio P\u00fablico Participaci\u00f3n Gremial e Institucional[\/vc_column_text][\/vc_column][vc_column width=\u00bb3\/4&#8243;][vc_column_text css=\u00bb\u00bb]Desde su ni\u00f1ez, sus padres fomentaron su creatividad. Estudi\u00f3 en el Colegio Castella, donde se especializ\u00f3 en pintura, lo que la motiv\u00f3 a elegir una carrera relacionada con el \u00e1mbito creativo. En 2003 ingres\u00f3 a la carrera de Arquitectura en la Universidad de Costa Rica, mientras simult\u00e1neamente cursaba estudios en Artes Pl\u00e1sticas. En 2013 concluy\u00f3 su formaci\u00f3n de pregrado, definiendo su enfoque profesional bajo la premisa: \u201cQuiero hacer ciudad\u201d. Tras ejercer en el \u00e1mbito privado, en 2017 encontr\u00f3 una maestr\u00eda que un\u00eda lo urbano con lo social: Maestr\u00eda en Dise\u00f1o Urbano, arte ciudad y sociedad, en la Universidad de Barcelona, Espa\u00f1a. A partir de lo cual decidi\u00f3 cursar este posgrado, durante [&hellip;]<\/p>\n","protected":false},"author":1,"featured_media":0,"parent":0,"menu_order":0,"comment_status":"closed","ping_status":"closed","template":"","meta":{"footnotes":""},"class_list":["post-4281","page","type-page","status-publish","hentry"],"aioseo_notices":[],"_links":{"self":[{"href":"http:\/\/cacrarquitectos.com\/arquitectas\/wp-json\/wp\/v2\/pages\/4281","targetHints":{"allow":["GET"]}}],"collection":[{"href":"http:\/\/cacrarquitectos.com\/arquitectas\/wp-json\/wp\/v2\/pages"}],"about":[{"href":"http:\/\/cacrarquitectos.com\/arquitectas\/wp-json\/wp\/v2\/types\/page"}],"author":[{"embeddable":true,"href":"http:\/\/cacrarquitectos.com\/arquitectas\/wp-json\/wp\/v2\/users\/1"}],"replies":[{"embeddable":true,"href":"http:\/\/cacrarquitectos.com\/arquitectas\/wp-json\/wp\/v2\/comments?post=4281"}],"version-history":[{"count":22,"href":"http:\/\/cacrarquitectos.com\/arquitectas\/wp-json\/wp\/v2\/pages\/4281\/revisions"}],"predecessor-version":[{"id":4676,"href":"http:\/\/cacrarquitectos.com\/arquitectas\/wp-json\/wp\/v2\/pages\/4281\/revisions\/4676"}],"wp:attachment":[{"href":"http:\/\/cacrarquitectos.com\/arquitectas\/wp-json\/wp\/v2\/media?parent=4281"}],"curies":[{"name":"wp","href":"https:\/\/api.w.org\/{rel}","templated":true}]}}