{"id":4153,"date":"2024-07-30T21:25:39","date_gmt":"2024-07-30T21:25:39","guid":{"rendered":"http:\/\/cacrarquitectos.com\/arquitectas\/?page_id=4153"},"modified":"2025-05-28T14:41:51","modified_gmt":"2025-05-28T20:41:51","slug":"arq-zuleyka-salom-rodriguez","status":"publish","type":"page","link":"http:\/\/cacrarquitectos.com\/arquitectas\/arq-zuleyka-salom-rodriguez\/","title":{"rendered":"Arq. Zuleyka Salom Rodr\u00edguez"},"content":{"rendered":"<div class=\"wpb-content-wrapper\"><p>[vc_row][vc_column][vc_empty_space height=\u00bb50px\u00bb][\/vc_column][\/vc_row][vc_row full_height=\u00bbyes\u00bb css=\u00bb.vc_custom_1708094454228{background-position: center !important;background-repeat: no-repeat !important;background-size: cover !important;}\u00bb][vc_column width=\u00bb1\/2&#8243;][vc_single_image image=\u00bb4291&#8243; img_size=\u00bbfull\u00bb alignment=\u00bbcenter\u00bb css=\u00bb\u00bb el_class=\u00bbarquitectas\u00bb][\/vc_column][vc_column width=\u00bb1\/2&#8243;]<div class=\"edgtf-elements-holder   edgtf-one-column  edgtf-responsive-mode-768 edgtf-one-column-alignment-center\" ><div class=\"edgtf-eh-item    \"  data-item-class=\"edgtf-eh-custom-4939\" data-1280-1600=\"0px 46% 0px 9%\" data-1024-1280=\"0px 42% 0px 9%\" data-768-1024=\"0px 31% 0px 3%\" data-680-768=\"0px 18% 0px 2%\" data-680=\"0px 6% 0px 4%\">\n\t<div class=\"edgtf-eh-item-inner\">\n\t\t<div class=\"edgtf-eh-item-content edgtf-eh-custom-4939\" style=\"padding: 60px 20px 60px 60px\">\n\t\t\t<h2 class=\"edgtf-custom-font-holder  edgtf-cf-3860 edgtf-cf-has-type-out \" style=\"font-size: 40px;line-height: 40px\" data-item-class=\"edgtf-cf-3860\" data-font-size-680=\"50px\" data-line-height-680=\"50px\">\n\tArq. <span class=\"edgtf-cf-typed-wrap\" style=\"color: #d74951\"><span class=\"edgtf-cf-typed\"><span class=\"edgtf-cf-typed-1\">Zuleyka Salom Rodr\u00edguez<\/span><\/span><\/span><\/h2>[vc_empty_space height=\u00bb25px\u00bb]<div class=\"edgtf-section-title-holder  edgtf-st-standard edgtf-st-title-left edgtf-st-normal-space     edgtf-st-appear-fx\" >\n\t<div class=\"edgtf-st-inner\">\n\t\t\t\t\t<h6 class=\"edgtf-st-title\" >\n\t\t\t\t<span class=\"edgtf-st-title-inner\">A\u00f1os (1937-1996)<\/span>\n\t\t\t<\/h6>\n\t\t        \t\t\t<\/div>\n<\/div><div class=\"edgtf-section-title-holder  edgtf-st-standard edgtf-st-title-left edgtf-st-normal-space     edgtf-st-appear-fx\" >\n\t<div class=\"edgtf-st-inner\">\n\t\t\t\t\t<h5 class=\"edgtf-st-title\" >\n\t\t\t\t<span class=\"edgtf-st-title-inner\">Estudios<\/span>\n\t\t\t<\/h5>\n\t\t        \t\t\t<\/div>\n<\/div>[vc_column_text css=\u00bb\u00bb]<span style=\"vertical-align: inherit;\"><span style=\"vertical-align: inherit;\"><span style=\"vertical-align: inherit;\"><span style=\"vertical-align: inherit;\">La Arq. Zuleyka Salom Rodr\u00edguez es Licenciada en Arquitectura por la Universidad Iberoamericana de M\u00e9xico.<\/span><\/span><\/span><\/span><\/p>\n<p><span style=\"vertical-align: inherit;\"><span style=\"vertical-align: inherit;\">Realiza su maestr\u00eda en el Instituto de Estudios Tropicales de la Asociaci\u00f3n de Arquitectura de Londres bajo la direcci\u00f3n de Amos Rapoport.<\/span><\/span>[\/vc_column_text][vc_empty_space height=\u00bb25px\u00bb]<div class=\"edgtf-section-title-holder  edgtf-st-standard edgtf-st-title-left edgtf-st-normal-space     edgtf-st-appear-fx\" >\n\t<div class=\"edgtf-st-inner\">\n\t\t\t\t\t<h5 class=\"edgtf-st-title\" >\n\t\t\t\t<span class=\"edgtf-st-title-inner\">\u00c1reas de Contribuci\u00f3n<\/span>\n\t\t\t<\/h5>\n\t\t        \t\t\t<\/div>\n<\/div>[vc_column_text css=\u00bb\u00bb]<span style=\"vertical-align: inherit;\"><span style=\"vertical-align: inherit;\"><span style=\"vertical-align: inherit;\"><span style=\"vertical-align: inherit;\"><span style=\"vertical-align: inherit;\"><span style=\"vertical-align: inherit;\">1967-1984 trabaj\u00f3 para el INVU realizando un trabajo destacado.<\/span><\/span><\/span><\/span><\/span><\/span><\/p>\n<p><span style=\"vertical-align: inherit;\"><span style=\"vertical-align: inherit;\"><span style=\"vertical-align: inherit;\"><span style=\"vertical-align: inherit;\">La Arq. Zuleyka Salom Rodr\u00edguez form\u00f3 parte del equipo que trabaj\u00f3 en el proyecto-reglamento sobre barreras arquitect\u00f3nicas para personas en condici\u00f3n de discapacidad.<\/span><\/span><\/span><\/span><\/p>\n<p><span style=\"vertical-align: inherit;\"><span style=\"vertical-align: inherit;\"><span style=\"vertical-align: inherit;\"><span style=\"vertical-align: inherit;\">Gestora de la formaci\u00f3n del Centro de Patrimonio.<\/span><\/span><\/span><\/span><\/p>\n<p><span style=\"vertical-align: inherit;\"><span style=\"vertical-align: inherit;\"><span style=\"vertical-align: inherit;\"><span style=\"vertical-align: inherit;\">Vocal de la Junta Directiva Colegio de Arquitectos de CR.<\/span><\/span><\/span><\/span><\/p>\n<p><span style=\"vertical-align: inherit;\"><span style=\"vertical-align: inherit;\"><span style=\"vertical-align: inherit;\"><span style=\"vertical-align: inherit;\">Trabaj\u00f3 en el plan GAM de 1982 y en la actualizaci\u00f3n del reglamento de construcciones y fraccionamiento de 1983.<\/span><\/span><\/span><\/span><\/p>\n<p><span style=\"vertical-align: inherit;\"><span style=\"vertical-align: inherit;\"><span style=\"vertical-align: inherit;\"><span style=\"vertical-align: inherit;\">1984-1996 Directora del Departamento de Urbanismo del INVU.<\/span><\/span><\/span><\/span>[\/vc_column_text][vc_empty_space height=\u00bb25px\u00bb]<div class=\"edgtf-section-title-holder  edgtf-st-standard edgtf-st-title-left edgtf-st-normal-space     edgtf-st-appear-fx\" >\n\t<div class=\"edgtf-st-inner\">\n\t\t\t\t\t<h5 class=\"edgtf-st-title\" >\n\t\t\t\t<span class=\"edgtf-st-title-inner\">\u00bfDesea patrocinar la historia ilustrada?<\/span>\n\t\t\t<\/h5>\n\t\t        \t\t\t<\/div>\n<\/div>[vc_empty_space height=\u00bb25px\u00bb]<a itemprop=\"url\" href=\"#\" target=\"_self\" style=\"color: #ffffff;background-color: #99324f\" class=\"edgtf-btn edgtf-btn-huge edgtf-btn-solid edgtf-btn-icon\"  >\n    <span class=\"edgtf-btn-text\">CONOCER COMO CONTRIBUIR<\/span>\n    <i class=\"edgtf-icon-linea-icon icon-arrows-right \" ><\/i><\/a>\t\t<\/div>\n\t<\/div>\n<\/div><\/div>[\/vc_column][\/vc_row]<\/p>\n<\/div>","protected":false},"excerpt":{"rendered":"<p>[vc_row][vc_column][vc_empty_space height=\u00bb50px\u00bb][\/vc_column][\/vc_row][vc_row full_height=\u00bbyes\u00bb css=\u00bb.vc_custom_1708094454228{background-position: center !important;background-repeat: no-repeat !important;background-size: cover !important;}\u00bb][vc_column width=\u00bb1\/2&#8243;][vc_single_image image=\u00bb4291&#8243; img_size=\u00bbfull\u00bb alignment=\u00bbcenter\u00bb css=\u00bb\u00bb el_class=\u00bbarquitectas\u00bb][\/vc_column][vc_column width=\u00bb1\/2&#8243;][\/vc_column][\/vc_row]<\/p>\n","protected":false},"author":5,"featured_media":0,"parent":0,"menu_order":0,"comment_status":"closed","ping_status":"closed","template":"full-width.php","meta":{"footnotes":""},"class_list":["post-4153","page","type-page","status-publish","hentry"],"aioseo_notices":[],"_links":{"self":[{"href":"http:\/\/cacrarquitectos.com\/arquitectas\/wp-json\/wp\/v2\/pages\/4153","targetHints":{"allow":["GET"]}}],"collection":[{"href":"http:\/\/cacrarquitectos.com\/arquitectas\/wp-json\/wp\/v2\/pages"}],"about":[{"href":"http:\/\/cacrarquitectos.com\/arquitectas\/wp-json\/wp\/v2\/types\/page"}],"author":[{"embeddable":true,"href":"http:\/\/cacrarquitectos.com\/arquitectas\/wp-json\/wp\/v2\/users\/5"}],"replies":[{"embeddable":true,"href":"http:\/\/cacrarquitectos.com\/arquitectas\/wp-json\/wp\/v2\/comments?post=4153"}],"version-history":[{"count":9,"href":"http:\/\/cacrarquitectos.com\/arquitectas\/wp-json\/wp\/v2\/pages\/4153\/revisions"}],"predecessor-version":[{"id":4559,"href":"http:\/\/cacrarquitectos.com\/arquitectas\/wp-json\/wp\/v2\/pages\/4153\/revisions\/4559"}],"wp:attachment":[{"href":"http:\/\/cacrarquitectos.com\/arquitectas\/wp-json\/wp\/v2\/media?parent=4153"}],"curies":[{"name":"wp","href":"https:\/\/api.w.org\/{rel}","templated":true}]}}