{"id":3215,"date":"2024-02-16T21:15:49","date_gmt":"2024-02-16T21:15:49","guid":{"rendered":"http:\/\/cacrarquitectos.com\/arquitectas\/?page_id=3215"},"modified":"2025-05-27T10:58:56","modified_gmt":"2025-05-27T16:58:56","slug":"arq-isabel-acon-toy","status":"publish","type":"page","link":"http:\/\/cacrarquitectos.com\/arquitectas\/arq-isabel-acon-toy\/","title":{"rendered":"Arq. Isabel Ac\u00f3n Toy"},"content":{"rendered":"<div class=\"wpb-content-wrapper\"><p>[vc_row][vc_column][vc_empty_space height=\u00bb50px\u00bb][\/vc_column][\/vc_row][vc_row full_height=\u00bbyes\u00bb css=\u00bb.vc_custom_1708094454228{background-position: center !important;background-repeat: no-repeat !important;background-size: cover !important;}\u00bb][vc_column width=\u00bb1\/2&#8243;][vc_single_image image=\u00bb3221&#8243; img_size=\u00bbfull\u00bb css=\u00bb.vc_custom_1709160196578{padding-top: 30px !important;padding-right: 30px !important;padding-bottom: 30px !important;padding-left: 30px !important;}\u00bb el_class=\u00bbarquitectas\u00bb][\/vc_column][vc_column width=\u00bb1\/2&#8243;]<div class=\"edgtf-elements-holder   edgtf-one-column  edgtf-responsive-mode-768 edgtf-one-column-alignment-center\" ><div class=\"edgtf-eh-item    \"  data-item-class=\"edgtf-eh-custom-8955\" data-1280-1600=\"0px 46% 0px 9%\" data-1024-1280=\"0px 42% 0px 9%\" data-768-1024=\"0px 31% 0px 3%\" data-680-768=\"0px 18% 0px 2%\" data-680=\"0px 6% 0px 4%\">\n\t<div class=\"edgtf-eh-item-inner\">\n\t\t<div class=\"edgtf-eh-item-content edgtf-eh-custom-8955\" style=\"padding: 60px 60px 60px 60px\">\n\t\t\t[vc_empty_space height=\u00bb25px\u00bb]<h2 class=\"edgtf-custom-font-holder  edgtf-cf-5688 edgtf-cf-has-type-out \" style=\"font-size: 40px;line-height: 40px\" data-item-class=\"edgtf-cf-5688\" data-font-size-680=\"50px\" data-line-height-680=\"50px\">\n\tArq. <span class=\"edgtf-cf-typed-wrap\" style=\"color: #f04d4b\"><span class=\"edgtf-cf-typed\"><span class=\"edgtf-cf-typed-1\">Isabel Ac\u00f3n Toy<\/span><\/span><\/span><\/h2><div class=\"edgtf-section-title-holder  edgtf-st-standard edgtf-st-title-left edgtf-st-normal-space  edgtf-st-title-underscore   edgtf-st-appear-fx\" >\n\t<div class=\"edgtf-st-inner\">\n\t\t                    <span class=\"edgtf-st-subtitle\" style=\"font-size: 20px;margin-top: 13px\">\n                \u201cUna casa debe ser sana, y para ello el dise\u00f1o y la construcci\u00f3n son fundamentales\u201d            <\/span>\n        \t\t\t<\/div>\n<\/div>[vc_column_text css=\u00bb\u00bb]La Arq. Isabel Ac\u00f3n Toy cuenta con una importante cantidad de obra construida a lo largo de todo el pa\u00eds y una importante trascendental exploraci\u00f3n de la arquitectura con enfoque clim\u00e1tico y vernacular, aplicando materiales de la zona combinados con una visi\u00f3n contempor\u00e1nea.[\/vc_column_text][vc_empty_space height=\u00bb25px\u00bb]<div class=\"edgtf-section-title-holder  edgtf-st-standard edgtf-st-title-left edgtf-st-normal-space  edgtf-st-title-underscore   edgtf-st-appear-fx\" >\n\t<div class=\"edgtf-st-inner\">\n\t\t\t\t\t<h3 class=\"edgtf-st-title\" >\n\t\t\t\t<span class=\"edgtf-st-title-inner\">\u00c1reas de Aporte<\/span>\n\t\t\t<\/h3>\n\t\t        \t\t\t<\/div>\n<\/div>[vc_column_text css=\u00bb\u00bb]<a href=\"http:\/\/cacrarquitectos.com\/arquitectas\/consultoria-diseno-y-construccion\/\"><strong>Consultor\u00eda, Dise\u00f1o y Construcci\u00f3n<\/strong><\/a>[\/vc_column_text][vc_empty_space height=\u00bb25px\u00bb]<a itemprop=\"url\" href=\"#timeline\" target=\"_self\" style=\"color: #ffffff;background-color: #99324f\" class=\"edgtf-btn edgtf-btn-large edgtf-btn-solid edgtf-btn-icon\"  >\n    <span class=\"edgtf-btn-text\">CONOCER SU HISTORIA<\/span>\n    <i class=\"edgtf-icon-linea-icon icon-arrows-right \" ><\/i><\/a>[vc_empty_space height=\u00bb25px\u00bb]\t\t<\/div>\n\t<\/div>\n<\/div><\/div>[\/vc_column][vc_column el_class=\u00bblinea\u00bb][vc_column_text]<span id=\"timeline\"><\/span>[\/vc_column_text][vc_column_text]\r\n<div class=\"container vertical-5 timeline-post-3214\" id=\"vertical-5\">\r\n\t<div class=\"timeline\">\r\n\t\t<div class=\"swiper-container\">\r\n\t\t\t<div class=\"swiper-wrapper\">\r\n\t\t\t\t\t\t\t\t<div class=\"swiper-slide\" style=\"background-image: url(http:\/\/cacrarquitectos.com\/arquitectas\/wp-content\/uploads\/2024\/02\/1951.jpg\" data-year=\"1951\">\r\n\t\t\t\t\t<div class=\"swiper-slide-content\">\r\n\t\t\t\t\t\t<span class=\"timeline-year timeline-info\">1951<\/span>\r\n\t\t\t\t\t\t<h4 class=\"timeline-title\">Nacimiento<\/h4>\r\n\t\t\t\t\t\t<p class=\"timeline-text\"><\/p>\r\n\t\t\t\t\t<\/div>\r\n\t\t\t\t<\/div>\r\n\t\t\t\t\t\t\t\t<div class=\"swiper-slide\" style=\"background-image: url(http:\/\/cacrarquitectos.com\/arquitectas\/wp-content\/uploads\/2024\/02\/2009-2.jpg\" data-year=\"2009\">\r\n\t\t\t\t\t<div class=\"swiper-slide-content\">\r\n\t\t\t\t\t\t<span class=\"timeline-year timeline-info\">2009<\/span>\r\n\t\t\t\t\t\t<h4 class=\"timeline-title\">Consultor\u00eda, Dise\u00f1o y Construcci\u00f3n en la provincia de Lim\u00f3n<\/h4>\r\n\t\t\t\t\t\t<p class=\"timeline-text\">En 2009 particip\u00f3 en el dise\u00f1o y remodelaci\u00f3n del Parque Balvanero Vargas de 16000 m2 de la Municipalidad de Lim\u00f3n. Realiz\u00f3 el proyecto para la propuesta del Campo Ferial para el Centro Agr\u00edcola Cantonal de Lim\u00f3n con un \u00e1rea de 10447,50 m2 y construy\u00f3 la Escuela Cindea de 350 m2, en La Bomba, Lim\u00f3n.<\/p>\r\n\t\t\t\t\t<\/div>\r\n\t\t\t\t<\/div>\r\n\t\t\t\t\t\t\t\t<div class=\"swiper-slide\" style=\"background-image: url(http:\/\/cacrarquitectos.com\/arquitectas\/wp-content\/uploads\/2024\/02\/2011-1.jpg\" data-year=\"2011\">\r\n\t\t\t\t\t<div class=\"swiper-slide-content\">\r\n\t\t\t\t\t\t<span class=\"timeline-year timeline-info\">2011<\/span>\r\n\t\t\t\t\t\t<h4 class=\"timeline-title\">Reconocimientos<\/h4>\r\n\t\t\t\t\t\t<p class=\"timeline-text\">En 2011 recibe un agradecimiento de la Junta de Andaluc\u00eda, Espa\u00f1a, por su participaci\u00f3n en la primera gu\u00eda de arquitectura y paisaje de Costa Rica.<\/p>\r\n\t\t\t\t\t<\/div>\r\n\t\t\t\t<\/div>\r\n\t\t\t\t\t\t\t\t<div class=\"swiper-slide\" style=\"background-image: url(http:\/\/cacrarquitectos.com\/arquitectas\/wp-content\/uploads\/2024\/02\/2.jpg\" data-year=\"Otros\">\r\n\t\t\t\t\t<div class=\"swiper-slide-content\">\r\n\t\t\t\t\t\t<span class=\"timeline-year timeline-info\">Otros<\/span>\r\n\t\t\t\t\t\t<h4 class=\"timeline-title\">Otros estudios<\/h4>\r\n\t\t\t\t\t\t<p class=\"timeline-text\">Tiene estudios adicionales en Feng Shui cl\u00e1sico (Xuan Kong) en el Feng Shui Center, conocimientos en geobiolog\u00eda y es una profesional y aficionada a la fotograf\u00eda.<\/p>\r\n\t\t\t\t\t<\/div>\r\n\t\t\t\t<\/div>\r\n\t\t\t\t\t\t\t\t<div class=\"swiper-slide\" style=\"background-image: url(http:\/\/cacrarquitectos.com\/arquitectas\/wp-content\/uploads\/2024\/02\/3-2.jpg\" data-year=\"Otros\">\r\n\t\t\t\t\t<div class=\"swiper-slide-content\">\r\n\t\t\t\t\t\t<span class=\"timeline-year timeline-info\">Otros<\/span>\r\n\t\t\t\t\t\t<h4 class=\"timeline-title\">Reto profesional<\/h4>\r\n\t\t\t\t\t\t<p class=\"timeline-text\">Mantener la armon\u00eda con el entorno y promover espacios agradables, llenos de bienestar, busca construir casas sanas, que contribuyan con la salud f\u00edsica y mental de sus usuarios siempre manteniendo la tipolog\u00eda caracter\u00edstica bioclim\u00e1tica y el contexto cultural en el que se levantar\u00e1 la construcci\u00f3n, \"una casa debe ser sana, y para ello el dise\u00f1o y la construcci\u00f3n son fundamentales\u201d.<\/p>\r\n\t\t\t\t\t<\/div>\r\n\t\t\t\t<\/div>\r\n\t\t\t\t\t\t\t<\/div>\r\n\t\t\t<div class=\"swiper-button-prev\"><\/div>\r\n\t\t\t<div class=\"swiper-button-next\"><\/div>\r\n\t\t\t<div class=\"swiper-pagination\"><\/div>\r\n\t\t<\/div>\r\n\t<\/div>\r\n<\/div>\r\n\r\n\r\n<script>\r\n(function ($) {\r\n\t'use strict';\r\n\r\n\t$(document).ready(function() {\r\n\t\tvar teamSwiper = new Swiper ('.vertical-5 .timeline .swiper-container', {\r\n\t\t  \tloop: false,\r\n\t\t  \tspeed: 1600,\r\n\t\t  \tpagination: {\r\n\t\t        el: '.swiper-pagination',\r\n\t\t        clickable: true,\r\n\t\t        renderBullet: function (index, className) {\r\n\t\t        \tconsole.log(index);\r\n\t    \t\t\tvar year = document.querySelectorAll('.swiper-slide')[index].getAttribute('data-year');\r\n\t\t          \treturn '<span class=\"' + className + '\">' + year + '<\/span>';\r\n\r\n\t\t        },\r\n\t\t      },\r\n\t\t  \tpaginationClickable: true,\r\n\t\t     navigation: {\r\n\t\t        nextEl: '.swiper-button-next',\r\n\t\t        prevEl: '.swiper-button-prev',\r\n\t\t      },\r\n\t\t  \tbreakpoints: {\r\n\t\t    \t768: {\r\n\t\t      \tdirection: 'horizontal',\r\n\t\t    \t},\r\n\t\t\t\t1024: {\r\n\t\t\t      direction: 'vertical',\r\n\t\t\t    }\r\n\t\t  \t}\r\n\t\t});\r\n\t});\r\n})( jQuery );\r\n<\/script>[\/vc_column_text][\/vc_column][\/vc_row]<\/p>\n<\/div>","protected":false},"excerpt":{"rendered":"<p>[vc_row][vc_column][vc_empty_space height=\u00bb50px\u00bb][\/vc_column][\/vc_row][vc_row full_height=\u00bbyes\u00bb css=\u00bb.vc_custom_1708094454228{background-position: center !important;background-repeat: no-repeat !important;background-size: cover !important;}\u00bb][vc_column width=\u00bb1\/2&#8243;][vc_single_image image=\u00bb3221&#8243; img_size=\u00bbfull\u00bb css=\u00bb.vc_custom_1709160196578{padding-top: 30px !important;padding-right: 30px !important;padding-bottom: 30px !important;padding-left: 30px !important;}\u00bb el_class=\u00bbarquitectas\u00bb][\/vc_column][vc_column width=\u00bb1\/2&#8243;][\/vc_column][vc_column el_class=\u00bblinea\u00bb][vc_column_text][\/vc_column_text][vc_column_text][\/vc_column_text][\/vc_column][\/vc_row]<\/p>\n","protected":false},"author":1,"featured_media":0,"parent":0,"menu_order":0,"comment_status":"closed","ping_status":"closed","template":"full-width.php","meta":{"footnotes":""},"class_list":["post-3215","page","type-page","status-publish","hentry"],"aioseo_notices":[],"_links":{"self":[{"href":"http:\/\/cacrarquitectos.com\/arquitectas\/wp-json\/wp\/v2\/pages\/3215","targetHints":{"allow":["GET"]}}],"collection":[{"href":"http:\/\/cacrarquitectos.com\/arquitectas\/wp-json\/wp\/v2\/pages"}],"about":[{"href":"http:\/\/cacrarquitectos.com\/arquitectas\/wp-json\/wp\/v2\/types\/page"}],"author":[{"embeddable":true,"href":"http:\/\/cacrarquitectos.com\/arquitectas\/wp-json\/wp\/v2\/users\/1"}],"replies":[{"embeddable":true,"href":"http:\/\/cacrarquitectos.com\/arquitectas\/wp-json\/wp\/v2\/comments?post=3215"}],"version-history":[{"count":11,"href":"http:\/\/cacrarquitectos.com\/arquitectas\/wp-json\/wp\/v2\/pages\/3215\/revisions"}],"predecessor-version":[{"id":4545,"href":"http:\/\/cacrarquitectos.com\/arquitectas\/wp-json\/wp\/v2\/pages\/3215\/revisions\/4545"}],"wp:attachment":[{"href":"http:\/\/cacrarquitectos.com\/arquitectas\/wp-json\/wp\/v2\/media?parent=3215"}],"curies":[{"name":"wp","href":"https:\/\/api.w.org\/{rel}","templated":true}]}}