{"id":3168,"date":"2024-02-16T20:00:53","date_gmt":"2024-02-16T20:00:53","guid":{"rendered":"http:\/\/cacrarquitectos.com\/arquitectas\/?page_id=3168"},"modified":"2025-05-27T10:46:28","modified_gmt":"2025-05-27T16:46:28","slug":"arq-ileana-vives-luque","status":"publish","type":"page","link":"http:\/\/cacrarquitectos.com\/arquitectas\/arq-ileana-vives-luque\/","title":{"rendered":"Arq. Ileana Vives Luque"},"content":{"rendered":"<div class=\"wpb-content-wrapper\"><p>[vc_row][vc_column][vc_empty_space height=\u00bb50px\u00bb][\/vc_column][\/vc_row][vc_row full_height=\u00bbyes\u00bb css=\u00bb.vc_custom_1708094454228{background-position: center !important;background-repeat: no-repeat !important;background-size: cover !important;}\u00bb][vc_column width=\u00bb1\/2&#8243;][vc_single_image image=\u00bb3177&#8243; img_size=\u00bbfull\u00bb css=\u00bb.vc_custom_1709160182758{padding-top: 30px !important;padding-right: 30px !important;padding-bottom: 30px !important;padding-left: 30px !important;}\u00bb el_class=\u00bbarquitectas\u00bb][\/vc_column][vc_column width=\u00bb1\/2&#8243;]<div class=\"edgtf-elements-holder   edgtf-one-column  edgtf-responsive-mode-768 edgtf-one-column-alignment-center\" ><div class=\"edgtf-eh-item    \"  data-item-class=\"edgtf-eh-custom-8333\" data-1280-1600=\"0px 46% 0px 9%\" data-1024-1280=\"0px 42% 0px 9%\" data-768-1024=\"0px 31% 0px 3%\" data-680-768=\"0px 18% 0px 2%\" data-680=\"0px 6% 0px 4%\">\n\t<div class=\"edgtf-eh-item-inner\">\n\t\t<div class=\"edgtf-eh-item-content edgtf-eh-custom-8333\" style=\"padding: 60px 60px 60px 60px\">\n\t\t\t[vc_empty_space height=\u00bb25px\u00bb]<h2 class=\"edgtf-custom-font-holder  edgtf-cf-4562 edgtf-cf-has-type-out \" style=\"font-size: 40px;line-height: 40px\" data-item-class=\"edgtf-cf-4562\" data-font-size-680=\"50px\" data-line-height-680=\"50px\">\n\tArq. <span class=\"edgtf-cf-typed-wrap\" style=\"color: #f04d4b\"><span class=\"edgtf-cf-typed\"><span class=\"edgtf-cf-typed-1\">Ileana Vives Luque<\/span><\/span><\/span><\/h2><div class=\"edgtf-section-title-holder  edgtf-st-standard edgtf-st-title-left edgtf-st-normal-space  edgtf-st-title-underscore   edgtf-st-appear-fx\" >\n\t<div class=\"edgtf-st-inner\">\n\t\t                    <span class=\"edgtf-st-subtitle\" style=\"font-size: 20px;margin-top: 13px\">\n                \u201cUna arquitectura local, con identidad propia, puede ser comprendida a trav\u00e9s del conocimiento de nuestra propia circunstancia.\u201d            <\/span>\n        \t\t\t<\/div>\n<\/div>[vc_column_text css=\u00bb\u00bb]La Arq. Ileana Vives Luque es activa y apasionada en sus investigaciones, constituye un legado significativo en el conocimiento y el reconocimiento, de la herencia hist\u00f3rico-arquitect\u00f3nica y urbana de Costa Rica.[\/vc_column_text][vc_empty_space height=\u00bb25px\u00bb]<div class=\"edgtf-section-title-holder  edgtf-st-standard edgtf-st-title-left edgtf-st-normal-space  edgtf-st-title-underscore   edgtf-st-appear-fx\" >\n\t<div class=\"edgtf-st-inner\">\n\t\t\t\t\t<h3 class=\"edgtf-st-title\" >\n\t\t\t\t<span class=\"edgtf-st-title-inner\">\u00c1reas de Aporte<\/span>\n\t\t\t<\/h3>\n\t\t        \t\t\t<\/div>\n<\/div>[vc_column_text css=\u00bb\u00bb]<a href=\"http:\/\/cacrarquitectos.com\/arquitectas\/cultura\/\"><strong>Cultura<\/strong><\/a>[\/vc_column_text][vc_empty_space height=\u00bb25px\u00bb]<a itemprop=\"url\" href=\"#timeline\" target=\"_self\" style=\"color: #ffffff;background-color: #99324f\" class=\"edgtf-btn edgtf-btn-large edgtf-btn-solid edgtf-btn-icon\"  >\n    <span class=\"edgtf-btn-text\">CONOCER SU HISTORIA<\/span>\n    <i class=\"edgtf-icon-linea-icon icon-arrows-right \" ><\/i><\/a>[vc_empty_space height=\u00bb25px\u00bb]\t\t<\/div>\n\t<\/div>\n<\/div><\/div>[\/vc_column][vc_column el_class=\u00bblinea\u00bb][vc_column_text]<span id=\"timeline\"><\/span>[\/vc_column_text][vc_column_text]\r\n<div class=\"container vertical-5 timeline-post-3179\" id=\"vertical-5\">\r\n\t<div class=\"timeline\">\r\n\t\t<div class=\"swiper-container\">\r\n\t\t\t<div class=\"swiper-wrapper\">\r\n\t\t\t\t\t\t\t\t<div class=\"swiper-slide\" style=\"background-image: url(http:\/\/cacrarquitectos.com\/arquitectas\/wp-content\/uploads\/2024\/03\/Ileana_1-3.jpg\" data-year=\"1959\">\r\n\t\t\t\t\t<div class=\"swiper-slide-content\">\r\n\t\t\t\t\t\t<span class=\"timeline-year timeline-info\">1959<\/span>\r\n\t\t\t\t\t\t<h4 class=\"timeline-title\">Nacimiento<\/h4>\r\n\t\t\t\t\t\t<p class=\"timeline-text\"><\/p>\r\n\t\t\t\t\t<\/div>\r\n\t\t\t\t<\/div>\r\n\t\t\t\t\t\t\t\t<div class=\"swiper-slide\" style=\"background-image: url(http:\/\/cacrarquitectos.com\/arquitectas\/wp-content\/uploads\/2024\/03\/Ileana_2-3.jpg\" data-year=\"1980\">\r\n\t\t\t\t\t<div class=\"swiper-slide-content\">\r\n\t\t\t\t\t\t<span class=\"timeline-year timeline-info\">1980<\/span>\r\n\t\t\t\t\t\t<h4 class=\"timeline-title\">Tesis<\/h4>\r\n\t\t\t\t\t\t<p class=\"timeline-text\">Se plante\u00f3 para ese entonces un reto, el desarrollar un estudio sobre la Arquitectura Moderna en Costa Rica.<\/p>\r\n\t\t\t\t\t<\/div>\r\n\t\t\t\t<\/div>\r\n\t\t\t\t\t\t\t\t<div class=\"swiper-slide\" style=\"background-image: url(http:\/\/cacrarquitectos.com\/arquitectas\/wp-content\/uploads\/2024\/03\/Ileana_3-4.jpg\" data-year=\"1998\">\r\n\t\t\t\t\t<div class=\"swiper-slide-content\">\r\n\t\t\t\t\t\t<span class=\"timeline-year timeline-info\">1998<\/span>\r\n\t\t\t\t\t\t<h4 class=\"timeline-title\">Arquitectura para el Cambio<\/h4>\r\n\t\t\t\t\t\t<p class=\"timeline-text\">Se publica el libro Historia de la arquitectura en Costa Rica y como parte de este el cap\u00edtulo \"Una Arquitectura para el Cambio\", escrito por la arquitecta.<\/p>\r\n\t\t\t\t\t<\/div>\r\n\t\t\t\t<\/div>\r\n\t\t\t\t\t\t\t\t<div class=\"swiper-slide\" style=\"background-image: url(http:\/\/cacrarquitectos.com\/arquitectas\/wp-content\/uploads\/2024\/03\/Ileana_4-3.jpg\" data-year=\"2006\">\r\n\t\t\t\t\t<div class=\"swiper-slide-content\">\r\n\t\t\t\t\t\t<span class=\"timeline-year timeline-info\">2006<\/span>\r\n\t\t\t\t\t\t<h4 class=\"timeline-title\">TICCIH-M\u00e9xico<\/h4>\r\n\t\t\t\t\t\t<p class=\"timeline-text\">Pertenece al Comit\u00e9 Internacional para la Protecci\u00f3n del Patrimonio Industrial y participa en diferentes simposios y seminarios acerca de sus proyectos de estudio patrimonial.<\/p>\r\n\t\t\t\t\t<\/div>\r\n\t\t\t\t<\/div>\r\n\t\t\t\t\t\t\t\t<div class=\"swiper-slide\" style=\"background-image: url(http:\/\/cacrarquitectos.com\/arquitectas\/wp-content\/uploads\/2024\/03\/Ileana_5-2.jpg\" data-year=\"2014\">\r\n\t\t\t\t\t<div class=\"swiper-slide-content\">\r\n\t\t\t\t\t\t<span class=\"timeline-year timeline-info\">2014<\/span>\r\n\t\t\t\t\t\t<h4 class=\"timeline-title\">Crespial<\/h4>\r\n\t\t\t\t\t\t<p class=\"timeline-text\">La arquitecta representando al Centro de Patrimonio y al pa\u00eds, es nombrada en la Secretar\u00eda de Crespial, la cual es una Organizaci\u00f3n Internacional que vela por la preservaci\u00f3n del Patrimonio Cultural Intangible.<\/p>\r\n\t\t\t\t\t<\/div>\r\n\t\t\t\t<\/div>\r\n\t\t\t\t\t\t\t\t<div class=\"swiper-slide\" style=\"background-image: url(http:\/\/cacrarquitectos.com\/arquitectas\/wp-content\/uploads\/2024\/02\/2019.jpg\" data-year=\"2019\">\r\n\t\t\t\t\t<div class=\"swiper-slide-content\">\r\n\t\t\t\t\t\t<span class=\"timeline-year timeline-info\">2019<\/span>\r\n\t\t\t\t\t\t<h4 class=\"timeline-title\">La Casa Victoriana<\/h4>\r\n\t\t\t\t\t\t<p class=\"timeline-text\">Presenta la recopilaci\u00f3n de material documental relevante acerca del desarrollo de los barrios Am\u00f3n y Otoya, as\u00ed como el an\u00e1lisis de la antigua residencia de la familia Ford Yglesias.<\/p>\r\n\t\t\t\t\t<\/div>\r\n\t\t\t\t<\/div>\r\n\t\t\t\t\t\t\t<\/div>\r\n\t\t\t<div class=\"swiper-button-prev\"><\/div>\r\n\t\t\t<div class=\"swiper-button-next\"><\/div>\r\n\t\t\t<div class=\"swiper-pagination\"><\/div>\r\n\t\t<\/div>\r\n\t<\/div>\r\n<\/div>\r\n\r\n\r\n<script>\r\n(function ($) {\r\n\t'use strict';\r\n\r\n\t$(document).ready(function() {\r\n\t\tvar teamSwiper = new Swiper ('.vertical-5 .timeline .swiper-container', {\r\n\t\t  \tloop: false,\r\n\t\t  \tspeed: 1600,\r\n\t\t  \tpagination: {\r\n\t\t        el: '.swiper-pagination',\r\n\t\t        clickable: true,\r\n\t\t        renderBullet: function (index, className) {\r\n\t\t        \tconsole.log(index);\r\n\t    \t\t\tvar year = document.querySelectorAll('.swiper-slide')[index].getAttribute('data-year');\r\n\t\t          \treturn '<span class=\"' + className + '\">' + year + '<\/span>';\r\n\r\n\t\t        },\r\n\t\t      },\r\n\t\t  \tpaginationClickable: true,\r\n\t\t     navigation: {\r\n\t\t        nextEl: '.swiper-button-next',\r\n\t\t        prevEl: '.swiper-button-prev',\r\n\t\t      },\r\n\t\t  \tbreakpoints: {\r\n\t\t    \t768: {\r\n\t\t      \tdirection: 'horizontal',\r\n\t\t    \t},\r\n\t\t\t\t1024: {\r\n\t\t\t      direction: 'vertical',\r\n\t\t\t    }\r\n\t\t  \t}\r\n\t\t});\r\n\t});\r\n})( jQuery );\r\n<\/script>[\/vc_column_text][\/vc_column][\/vc_row]<\/p>\n<\/div>","protected":false},"excerpt":{"rendered":"<p>[vc_row][vc_column][vc_empty_space height=\u00bb50px\u00bb][\/vc_column][\/vc_row][vc_row full_height=\u00bbyes\u00bb css=\u00bb.vc_custom_1708094454228{background-position: center !important;background-repeat: no-repeat !important;background-size: cover !important;}\u00bb][vc_column width=\u00bb1\/2&#8243;][vc_single_image image=\u00bb3177&#8243; img_size=\u00bbfull\u00bb css=\u00bb.vc_custom_1709160182758{padding-top: 30px !important;padding-right: 30px !important;padding-bottom: 30px !important;padding-left: 30px !important;}\u00bb el_class=\u00bbarquitectas\u00bb][\/vc_column][vc_column width=\u00bb1\/2&#8243;][\/vc_column][vc_column el_class=\u00bblinea\u00bb][vc_column_text][\/vc_column_text][vc_column_text][\/vc_column_text][\/vc_column][\/vc_row]<\/p>\n","protected":false},"author":1,"featured_media":0,"parent":0,"menu_order":0,"comment_status":"closed","ping_status":"closed","template":"full-width.php","meta":{"footnotes":""},"class_list":["post-3168","page","type-page","status-publish","hentry"],"aioseo_notices":[],"_links":{"self":[{"href":"http:\/\/cacrarquitectos.com\/arquitectas\/wp-json\/wp\/v2\/pages\/3168","targetHints":{"allow":["GET"]}}],"collection":[{"href":"http:\/\/cacrarquitectos.com\/arquitectas\/wp-json\/wp\/v2\/pages"}],"about":[{"href":"http:\/\/cacrarquitectos.com\/arquitectas\/wp-json\/wp\/v2\/types\/page"}],"author":[{"embeddable":true,"href":"http:\/\/cacrarquitectos.com\/arquitectas\/wp-json\/wp\/v2\/users\/1"}],"replies":[{"embeddable":true,"href":"http:\/\/cacrarquitectos.com\/arquitectas\/wp-json\/wp\/v2\/comments?post=3168"}],"version-history":[{"count":13,"href":"http:\/\/cacrarquitectos.com\/arquitectas\/wp-json\/wp\/v2\/pages\/3168\/revisions"}],"predecessor-version":[{"id":4544,"href":"http:\/\/cacrarquitectos.com\/arquitectas\/wp-json\/wp\/v2\/pages\/3168\/revisions\/4544"}],"wp:attachment":[{"href":"http:\/\/cacrarquitectos.com\/arquitectas\/wp-json\/wp\/v2\/media?parent=3168"}],"curies":[{"name":"wp","href":"https:\/\/api.w.org\/{rel}","templated":true}]}}