{"id":3144,"date":"2024-02-16T17:01:32","date_gmt":"2024-02-16T17:01:32","guid":{"rendered":"http:\/\/cacrarquitectos.com\/arquitectas\/?page_id=3144"},"modified":"2025-05-28T14:22:32","modified_gmt":"2025-05-28T20:22:32","slug":"arq-julia-van-wilpe","status":"publish","type":"page","link":"http:\/\/cacrarquitectos.com\/arquitectas\/arq-julia-van-wilpe\/","title":{"rendered":"Arq. Julia van Wilpe"},"content":{"rendered":"<div class=\"wpb-content-wrapper\"><p>[vc_row][vc_column][vc_empty_space height=\u00bb50px\u00bb][\/vc_column][\/vc_row][vc_row full_height=\u00bbyes\u00bb css=\u00bb.vc_custom_1708094454228{background-position: center !important;background-repeat: no-repeat !important;background-size: cover !important;}\u00bb][vc_column width=\u00bb1\/2&#8243;][vc_single_image image=\u00bb3145&#8243; img_size=\u00bbfull\u00bb css=\u00bb.vc_custom_1709160237376{padding-top: 30px !important;padding-right: 30px !important;padding-bottom: 30px !important;padding-left: 30px !important;}\u00bb el_class=\u00bbarquitectas\u00bb][\/vc_column][vc_column width=\u00bb1\/2&#8243;]<div class=\"edgtf-elements-holder   edgtf-one-column  edgtf-responsive-mode-768 edgtf-one-column-alignment-center\" ><div class=\"edgtf-eh-item    \"  data-item-class=\"edgtf-eh-custom-9249\" data-1280-1600=\"0px 46% 0px 9%\" data-1024-1280=\"0px 42% 0px 9%\" data-768-1024=\"0px 31% 0px 3%\" data-680-768=\"0px 18% 0px 2%\" data-680=\"0px 6% 0px 4%\">\n\t<div class=\"edgtf-eh-item-inner\">\n\t\t<div class=\"edgtf-eh-item-content edgtf-eh-custom-9249\" style=\"padding: 60px 60px 60px 60px\">\n\t\t\t<h2 class=\"edgtf-custom-font-holder  edgtf-cf-6686 edgtf-cf-has-type-out \" style=\"font-size: 40px;line-height: 40px\" data-item-class=\"edgtf-cf-6686\" data-font-size-680=\"50px\" data-line-height-680=\"50px\">\n\tArq. <span class=\"edgtf-cf-typed-wrap\" style=\"color: #f04d4b\"><span class=\"edgtf-cf-typed\"><span class=\"edgtf-cf-typed-1\">Julia van Wilpe<\/span><\/span><\/span><\/h2><div class=\"edgtf-section-title-holder  edgtf-st-standard edgtf-st-title-left edgtf-st-normal-space  edgtf-st-title-underscore   edgtf-st-appear-fx\" >\n\t<div class=\"edgtf-st-inner\">\n\t\t                    <span class=\"edgtf-st-subtitle\" style=\"font-size: 20px;margin-top: 13px\">\n                \u201cNuestro \u00fanico camino hacia el futuro es vivir en armon\u00eda con la naturaleza\u201d            <\/span>\n        \t\t\t<\/div>\n<\/div>[vc_column_text css=\u00bb\u00bb]Arq. Julia van Wilpe es alemana de origen, pero \u201ctica\u201d de coraz\u00f3n, ha contribuido a la arquitectura costarricense con una variada e importante obra. Destaca su inter\u00e9s por desarrollar una arquitectura tropical en armon\u00eda con su entorno, adapt\u00e1ndose a las condiciones locales e inspirada por su amor y respeto por la naturaleza.[\/vc_column_text][vc_empty_space height=\u00bb25px\u00bb]<div class=\"edgtf-section-title-holder  edgtf-st-standard edgtf-st-title-left edgtf-st-normal-space  edgtf-st-title-underscore   edgtf-st-appear-fx\" >\n\t<div class=\"edgtf-st-inner\">\n\t\t\t\t\t<h3 class=\"edgtf-st-title\" >\n\t\t\t\t<span class=\"edgtf-st-title-inner\">\u00c1reas de Aporte<\/span>\n\t\t\t<\/h3>\n\t\t        \t\t\t<\/div>\n<\/div>[vc_column_text css=\u00bb\u00bb]<a href=\"http:\/\/cacrarquitectos.com\/arquitectas\/consultoria-diseno-y-construccion\/\"><strong>Consultor\u00eda, Dise\u00f1o y Construcci\u00f3n<\/strong><\/a><\/p>\n<p><strong><a href=\"http:\/\/cacrarquitectos.com\/arquitectas\/participacion-gremial-e-institucional\/\">Participaci\u00f3n Gremial e Institucional<\/a><\/strong>[\/vc_column_text][vc_empty_space height=\u00bb25px\u00bb]<a itemprop=\"url\" href=\"#timeline\" target=\"_self\" style=\"color: #ffffff;background-color: #99324f\" class=\"edgtf-btn edgtf-btn-large edgtf-btn-solid edgtf-btn-icon\"  >\n    <span class=\"edgtf-btn-text\">CONOCER SU HISTORIA<\/span>\n    <i class=\"edgtf-icon-linea-icon icon-arrows-right \" ><\/i><\/a>[vc_empty_space height=\u00bb25px\u00bb]\t\t<\/div>\n\t<\/div>\n<\/div><\/div>[\/vc_column][vc_column el_class=\u00bblinea\u00bb][vc_column_text]<span id=\"timeline\"><\/span>[\/vc_column_text][vc_column_text]\r\n<div class=\"container vertical-5 timeline-post-3148\" id=\"vertical-5\">\r\n\t<div class=\"timeline\">\r\n\t\t<div class=\"swiper-container\">\r\n\t\t\t<div class=\"swiper-wrapper\">\r\n\t\t\t\t\t\t\t\t<div class=\"swiper-slide\" style=\"background-image: url(http:\/\/cacrarquitectos.com\/arquitectas\/wp-content\/uploads\/2024\/02\/1942.jpg\" data-year=\"1942\">\r\n\t\t\t\t\t<div class=\"swiper-slide-content\">\r\n\t\t\t\t\t\t<span class=\"timeline-year timeline-info\">1942<\/span>\r\n\t\t\t\t\t\t<h4 class=\"timeline-title\">Nacimiento<\/h4>\r\n\t\t\t\t\t\t<p class=\"timeline-text\"><\/p>\r\n\t\t\t\t\t<\/div>\r\n\t\t\t\t<\/div>\r\n\t\t\t\t\t\t\t\t<div class=\"swiper-slide\" style=\"background-image: url(http:\/\/cacrarquitectos.com\/arquitectas\/wp-content\/uploads\/2024\/02\/1975.jpg\" data-year=\"1975\">\r\n\t\t\t\t\t<div class=\"swiper-slide-content\">\r\n\t\t\t\t\t\t<span class=\"timeline-year timeline-info\">1975<\/span>\r\n\t\t\t\t\t\t<h4 class=\"timeline-title\">Especialidad<\/h4>\r\n\t\t\t\t\t\t<p class=\"timeline-text\">Decide volver a Alemania a la Universidad de Hannover para obtener una especialidad en arquitectura tropical y dise\u00f1o clim\u00e1tico.<\/p>\r\n\t\t\t\t\t<\/div>\r\n\t\t\t\t<\/div>\r\n\t\t\t\t\t\t\t\t<div class=\"swiper-slide\" style=\"background-image: url(http:\/\/cacrarquitectos.com\/arquitectas\/wp-content\/uploads\/2024\/02\/1978.jpg\" data-year=\"1978\">\r\n\t\t\t\t\t<div class=\"swiper-slide-content\">\r\n\t\t\t\t\t\t<span class=\"timeline-year timeline-info\">1978<\/span>\r\n\t\t\t\t\t\t<h4 class=\"timeline-title\">Incorporaci\u00f3n<\/h4>\r\n\t\t\t\t\t\t<p class=\"timeline-text\">Al finalizar su posgrado en arquitectura, se incorpora oficialmente al CFIA, siendo la octava mujer en el pa\u00eds.<\/p>\r\n\t\t\t\t\t<\/div>\r\n\t\t\t\t<\/div>\r\n\t\t\t\t\t\t\t\t<div class=\"swiper-slide\" style=\"background-image: url(http:\/\/cacrarquitectos.com\/arquitectas\/wp-content\/uploads\/2024\/02\/1985-1.jpg\" data-year=\"1985\">\r\n\t\t\t\t\t<div class=\"swiper-slide-content\">\r\n\t\t\t\t\t\t<span class=\"timeline-year timeline-info\">1985<\/span>\r\n\t\t\t\t\t\t<h4 class=\"timeline-title\">Monta\u00f1a del Sol<\/h4>\r\n\t\t\t\t\t\t<p class=\"timeline-text\">Desarrolla una zona de reforestaci\u00f3n y el primer condominio de lotes, en un terreno de 28 hect\u00e1reas, al sur de Santa Ana, llamada Monta\u00f1a del Sol.<\/p>\r\n\t\t\t\t\t<\/div>\r\n\t\t\t\t<\/div>\r\n\t\t\t\t\t\t\t\t<div class=\"swiper-slide\" style=\"background-image: url(http:\/\/cacrarquitectos.com\/arquitectas\/wp-content\/uploads\/2024\/02\/1992-2.jpg\" data-year=\"1992\">\r\n\t\t\t\t\t<div class=\"swiper-slide-content\">\r\n\t\t\t\t\t\t<span class=\"timeline-year timeline-info\">1992<\/span>\r\n\t\t\t\t\t\t<h4 class=\"timeline-title\">Tr\u00f3pico Cautivante<\/h4>\r\n\t\t\t\t\t\t<p class=\"timeline-text\">Gan\u00f3 numerosos premios y menciones de honor en las Bienales de Arquitectura y Urbanismo en Costa Rica y en la VII Bienal Panamericana en Quito, Ecuador.<\/p>\r\n\t\t\t\t\t<\/div>\r\n\t\t\t\t<\/div>\r\n\t\t\t\t\t\t\t<\/div>\r\n\t\t\t<div class=\"swiper-button-prev\"><\/div>\r\n\t\t\t<div class=\"swiper-button-next\"><\/div>\r\n\t\t\t<div class=\"swiper-pagination\"><\/div>\r\n\t\t<\/div>\r\n\t<\/div>\r\n<\/div>\r\n\r\n\r\n<script>\r\n(function ($) {\r\n\t'use strict';\r\n\r\n\t$(document).ready(function() {\r\n\t\tvar teamSwiper = new Swiper ('.vertical-5 .timeline .swiper-container', {\r\n\t\t  \tloop: false,\r\n\t\t  \tspeed: 1600,\r\n\t\t  \tpagination: {\r\n\t\t        el: '.swiper-pagination',\r\n\t\t        clickable: true,\r\n\t\t        renderBullet: function (index, className) {\r\n\t\t        \tconsole.log(index);\r\n\t    \t\t\tvar year = document.querySelectorAll('.swiper-slide')[index].getAttribute('data-year');\r\n\t\t          \treturn '<span class=\"' + className + '\">' + year + '<\/span>';\r\n\r\n\t\t        },\r\n\t\t      },\r\n\t\t  \tpaginationClickable: true,\r\n\t\t     navigation: {\r\n\t\t        nextEl: '.swiper-button-next',\r\n\t\t        prevEl: '.swiper-button-prev',\r\n\t\t      },\r\n\t\t  \tbreakpoints: {\r\n\t\t    \t768: {\r\n\t\t      \tdirection: 'horizontal',\r\n\t\t    \t},\r\n\t\t\t\t1024: {\r\n\t\t\t      direction: 'vertical',\r\n\t\t\t    }\r\n\t\t  \t}\r\n\t\t});\r\n\t});\r\n})( jQuery );\r\n<\/script>[\/vc_column_text][\/vc_column][\/vc_row]<\/p>\n<\/div>","protected":false},"excerpt":{"rendered":"<p>[vc_row][vc_column][vc_empty_space height=\u00bb50px\u00bb][\/vc_column][\/vc_row][vc_row full_height=\u00bbyes\u00bb css=\u00bb.vc_custom_1708094454228{background-position: center !important;background-repeat: no-repeat !important;background-size: cover !important;}\u00bb][vc_column width=\u00bb1\/2&#8243;][vc_single_image image=\u00bb3145&#8243; img_size=\u00bbfull\u00bb css=\u00bb.vc_custom_1709160237376{padding-top: 30px !important;padding-right: 30px !important;padding-bottom: 30px !important;padding-left: 30px !important;}\u00bb el_class=\u00bbarquitectas\u00bb][\/vc_column][vc_column width=\u00bb1\/2&#8243;][\/vc_column][vc_column el_class=\u00bblinea\u00bb][vc_column_text][\/vc_column_text][vc_column_text][\/vc_column_text][\/vc_column][\/vc_row]<\/p>\n","protected":false},"author":1,"featured_media":0,"parent":0,"menu_order":0,"comment_status":"closed","ping_status":"closed","template":"full-width.php","meta":{"footnotes":""},"class_list":["post-3144","page","type-page","status-publish","hentry"],"aioseo_notices":[],"_links":{"self":[{"href":"http:\/\/cacrarquitectos.com\/arquitectas\/wp-json\/wp\/v2\/pages\/3144","targetHints":{"allow":["GET"]}}],"collection":[{"href":"http:\/\/cacrarquitectos.com\/arquitectas\/wp-json\/wp\/v2\/pages"}],"about":[{"href":"http:\/\/cacrarquitectos.com\/arquitectas\/wp-json\/wp\/v2\/types\/page"}],"author":[{"embeddable":true,"href":"http:\/\/cacrarquitectos.com\/arquitectas\/wp-json\/wp\/v2\/users\/1"}],"replies":[{"embeddable":true,"href":"http:\/\/cacrarquitectos.com\/arquitectas\/wp-json\/wp\/v2\/comments?post=3144"}],"version-history":[{"count":21,"href":"http:\/\/cacrarquitectos.com\/arquitectas\/wp-json\/wp\/v2\/pages\/3144\/revisions"}],"predecessor-version":[{"id":4547,"href":"http:\/\/cacrarquitectos.com\/arquitectas\/wp-json\/wp\/v2\/pages\/3144\/revisions\/4547"}],"wp:attachment":[{"href":"http:\/\/cacrarquitectos.com\/arquitectas\/wp-json\/wp\/v2\/media?parent=3144"}],"curies":[{"name":"wp","href":"https:\/\/api.w.org\/{rel}","templated":true}]}}